{"id":7989,"date":"2017-03-16T11:35:57","date_gmt":"2017-03-16T09:35:57","guid":{"rendered":"https:\/\/www.merikarhut.fi\/sv\/?page_id=7989"},"modified":"2022-10-21T13:44:44","modified_gmt":"2022-10-21T10:44:44","slug":"7989-2","status":"publish","type":"page","link":"https:\/\/www.merikarhut.fi\/sv\/7989-2\/","title":{"rendered":""},"content":{"rendered":"<p><strong>Du bokar in dig p\u00e5 medlemssidorna med ditt medlemsnummer + kodord i \u00f6vre balken till v\u00e4nster \u201dLOGGA IN DIG\u201d. Om du inte minns medlemsnumret, s\u00e5 hittar du det i matrikelboken i medlemsf\u00f6rteckningen eller s\u00e5 ringer du till kansliet tfn <a href=\"tel:+358505127363\">+358 50 512 7363<\/a>. Om du gl\u00f6mt ditt kodord s\u00e5 s\u00e4nder programmet automatiskt ett nytt d\u00e5 du ber om det.<\/strong><\/p>\n","protected":false},"excerpt":{"rendered":"<p>Du bokar in dig p\u00e5 medlemssidorna med ditt medlemsnummer + kodord i \u00f6vre balken till v\u00e4nster \u201dLOGGA IN DIG\u201d. Om du inte minns medlemsnumret, s\u00e5 hittar du det i matrikelboken i medlemsf\u00f6rteckningen eller s\u00e5 ringer du till kansliet tfn +358 50 512 7363. Om du gl\u00f6mt ditt kodord s\u00e5 s\u00e4nder programmet automatiskt ett nytt d\u00e5&#8230;<\/p>\n<p><a class=\"moretag\" href=\"https:\/\/www.merikarhut.fi\/sv\/7989-2\/\">L\u00e4s mera \u2192<\/a><\/p>\n","protected":false},"author":1,"featured_media":0,"parent":0,"menu_order":0,"comment_status":"open","ping_status":"open","template":"","meta":{"_acf_changed":false,"_bbp_topic_count":0,"_bbp_reply_count":0,"_bbp_total_topic_count":0,"_bbp_total_reply_count":0,"_bbp_voice_count":0,"_bbp_anonymous_reply_count":0,"_bbp_topic_count_hidden":0,"_bbp_reply_count_hidden":0,"_bbp_forum_subforum_count":0,"ngg_post_thumbnail":0,"footnotes":""},"class_list":["post-7989","page","type-page","status-publish","hentry"],"acf":[],"_links":{"self":[{"href":"https:\/\/www.merikarhut.fi\/sv\/wp-json\/wp\/v2\/pages\/7989","targetHints":{"allow":["GET"]}}],"collection":[{"href":"https:\/\/www.merikarhut.fi\/sv\/wp-json\/wp\/v2\/pages"}],"about":[{"href":"https:\/\/www.merikarhut.fi\/sv\/wp-json\/wp\/v2\/types\/page"}],"author":[{"embeddable":true,"href":"https:\/\/www.merikarhut.fi\/sv\/wp-json\/wp\/v2\/users\/1"}],"replies":[{"embeddable":true,"href":"https:\/\/www.merikarhut.fi\/sv\/wp-json\/wp\/v2\/comments?post=7989"}],"version-history":[{"count":3,"href":"https:\/\/www.merikarhut.fi\/sv\/wp-json\/wp\/v2\/pages\/7989\/revisions"}],"predecessor-version":[{"id":44344,"href":"https:\/\/www.merikarhut.fi\/sv\/wp-json\/wp\/v2\/pages\/7989\/revisions\/44344"}],"wp:attachment":[{"href":"https:\/\/www.merikarhut.fi\/sv\/wp-json\/wp\/v2\/media?parent=7989"}],"curies":[{"name":"wp","href":"https:\/\/api.w.org\/{rel}","templated":true}]}}