{"id":6314,"date":"2016-09-22T13:47:38","date_gmt":"2016-09-22T10:47:38","guid":{"rendered":"https:\/\/www.merikarhut.fi\/sv\/?page_id=6314"},"modified":"2025-05-22T10:00:25","modified_gmt":"2025-05-22T07:00:25","slug":"utlatande-om-medlemsansokan","status":"publish","type":"page","link":"https:\/\/www.merikarhut.fi\/sv\/forening\/medlemskap\/utlatande-om-medlemsansokan\/","title":{"rendered":"Instruktioner f\u00f6r referenspersoner"},"content":{"rendered":"<h3><strong>&nbsp;B\u00e4s<\/strong><strong>ta sj\u00f6bj\u00f6rn som blivit ombedd att ge ett utl\u00e5tande,<\/strong><\/h3>\n<p>Du \u00e4r en viktig l\u00e4nk i att forma v\u00e5r gemenskaps framtid. Referensutl\u00e5tandena spelar en central roll i att bed\u00f6ma en medlemskandidats sj\u00f6bj\u00f6rnsanda \u2013 det vill s\u00e4ga hens l\u00e4mplighet som person i Sj\u00f6bj\u00f6rnsgemenskapen. Du har \u00e4ven en viktig uppgift i att verifiera att de uppgifter s\u00f6kanden sj\u00e4lv l\u00e4mnat \u00e4r korrekta.<\/p>\n<p>Du kommer att f\u00e5 tv\u00e5 l\u00e4nkar per e-post: en till medlemsans\u00f6kan och en till formul\u00e4ret d\u00e4r du l\u00e4mnar ditt utl\u00e5tande. Avs\u00e4ndaradressen \u00e4r <a href=\"mailto:laituri@merikarhut.fi\">laituri@merikarhut.fi<\/a>.<\/p>\n<h4><strong>F\u00f6ruts\u00e4ttningar f\u00f6r att ge ett utl\u00e5tande:<\/strong><\/h4>\n<ul>\n<li>Du \u00e4r inte n\u00e4ra sl\u00e4kt med s\u00f6kanden (t.ex. f\u00f6r\u00e4lder, mor-\/farf\u00f6r\u00e4lder, syskon)<\/li>\n<li>Du har varit medlem i Sj\u00f6bj\u00f6rnarna i minst tre seglingss\u00e4songer<\/li>\n<li>Du k\u00e4nner s\u00f6kanden v\u00e4l och har k\u00e4nt hen en l\u00e4ngre tid \u2013 s\u00e4rskilt gemensamma seglingar ger en god grund f\u00f6r bed\u00f6mningen<\/li>\n<\/ul>\n<p>Ibland har s\u00f6kanden inte tillr\u00e4ckligt m\u00e5nga bekanta som \u00e4r medlemmar i Sj\u00f6bj\u00f6rnarna, eller s\u00e5 uppfyller de inte alla kriterier f\u00f6r referenspersoner. Om styrelsen anser att utl\u00e5tandena \u00e4r otillr\u00e4ckliga eller inte uppfyller kraven, kan s\u00f6kanden kallas till intervju.<\/p>\n<p>Det \u00e4r \u00e4nd\u00e5 b\u00e4ttre att s\u00f6kanden l\u00e4mnar in ett utl\u00e5tande fr\u00e5n en sj\u00f6bj\u00f6rn som k\u00e4nner hen mindre v\u00e4l, \u00e4n att inget utl\u00e5tande ges alls. <strong>L\u00e5t allts\u00e5 inte bli att ge ett utl\u00e5tande enbart f\u00f6r att du inte har seglat tillsammans med s\u00f6kanden.<\/strong><\/p>\n<p><strong>Om du har varit medlem i mindre \u00e4n tre s\u00e4songer<\/strong>, meddela den som bett om utl\u00e5tandet att du inte uppfyller det formella kravet. Du kan \u00e4nd\u00e5 l\u00e4mna ett utl\u00e5tande om s\u00f6kanden \u00f6nskar det.<\/p>\n<p>Om du anser att du inte kan ge ett utl\u00e5tande (t.ex. p\u00e5 grund av j\u00e4v, anst\u00e4llningsf\u00f6rh\u00e5llande eller annan orsak), meddela kansliet. Om du har varit medlem i mindre \u00e4n tre s\u00e4songer, meddela detta till s\u00f6kanden \u2013 men du kan \u00e4nd\u00e5 l\u00e4mna ett utl\u00e5tande om hen \u00f6nskar det.<\/p>\n<h4><strong>Hur ska du bed\u00f6ma s\u00f6kanden?<\/strong><\/h4>\n<p>Vid medlemsantagningen bed\u00f6ms kandidater ur tre perspektiv:<\/p>\n<ol>\n<li>Erfarenhet och f\u00e4rdigheter som seglare<\/li>\n<li>Aktivitetsniv\u00e5 och vilja att bidra till gemenskapen<\/li>\n<li>Personliga egenskaper<\/li>\n<\/ol>\n<p>I utl\u00e5tandet ombeds du ge din uppfattning fr\u00e4mst om f\u00f6ljande:<\/p>\n<p><strong>Personliga egenskaper och l\u00e4mplighet i gemenskapen:<\/strong><\/p>\n<ul>\n<li>\u00c4r s\u00f6kanden p\u00e5litlig, samarbetsvillig och engagerad i f\u00f6reningens v\u00e4rderingar och verksamhet?<\/li>\n<li>Har hen bekantat sig med f\u00f6reningens stadgar, verksamhetsanvisningar, hamnetikett och milj\u00f6program?<\/li>\n<li>Upptr\u00e4der hen p\u00e5 ett s\u00e4tt som g\u00f6r hen l\u00e4mplig att representera Sj\u00f6bj\u00f6rnarna?<\/li>\n<li>\u00c4r s\u00f6kanden redo att bidra till f\u00f6reningen med talkoanda?<\/li>\n<\/ul>\n<p>Du ombeds \u00e4ven bekr\u00e4fta uppgifter i ans\u00f6kan som g\u00e4ller:<\/p>\n<p><strong>F\u00e4rdigheter och erfarenhet:<\/strong><\/p>\n<ul>\n<li>St\u00e4mmer uppgifterna i ans\u00f6kan \u00f6verens med din uppfattning?<\/li>\n<li>Har s\u00f6kanden tillr\u00e4ckliga f\u00e4rdigheter i navigation och b\u00e5thantering?<\/li>\n<li>Klarar hen av att sj\u00e4lvst\u00e4ndigt hantera situationer som kan uppst\u00e5 till sj\u00f6ss? Tar hen ansvar f\u00f6r sin bes\u00e4ttnings s\u00e4kerhet?<\/li>\n<\/ul>\n<h4><strong>Fadderansvar<\/strong><\/h4>\n<p>Om s\u00f6kanden blir antagen och du har gett ett positivt utl\u00e5tande, blir du hens fadder. Det inneb\u00e4r att du har en s\u00e4rskild roll i att introducera den nya medlemmen i f\u00f6reningens verksamhet och st\u00f6tta hens v\u00e4g in i en aktiv och ansvarsfull gemenskap.<\/p>\n<p>I praktiken inneb\u00e4r det till exempel:<\/p>\n<ul>\n<li>Att delta tillsammans med den nya medlemmen i introduktionstalko p\u00e5 en sj\u00f6bj\u00f6rnshamn under v\u00e5ren eller f\u00f6rsommaren<\/li>\n<li>Att uppmuntra och bjuda med hen till andra evenemang och tr\u00e4ffar i f\u00f6reningen<\/li>\n<\/ul>\n<h4><strong>\u00d6vrigt att t\u00e4nka p\u00e5:<\/strong><\/h4>\n<ul>\n<li>F\u00f6rs\u00e4kra dig om att s\u00f6kandens uppgifter st\u00e4mmer \u00f6verens med din uppfattning<\/li>\n<li>Ditt utl\u00e5tande behandlas konfidentiellt<\/li>\n<li>Skicka in ditt utl\u00e5tande <strong>senast den 11 november!<\/strong><\/li>\n<\/ul>\n<p><strong>Ditt utl\u00e5tande \u00e4r viktigt.<\/strong><\/p>\n<p>Var tydlig, motivera din bed\u00f6mning och uttryck din \u00e4rliga \u00e5sikt.<\/p>\n<p>Med v\u00e4nliga h\u00e4lsningar,<br \/>\n<strong>Merikarhut-Sj\u00f6bj\u00f6rnarna rf, Styrelsen<\/strong><\/p>\n","protected":false},"excerpt":{"rendered":"<p>&nbsp;B\u00e4sta sj\u00f6bj\u00f6rn som blivit ombedd att ge ett utl\u00e5tande, Du \u00e4r en viktig l\u00e4nk i att forma v\u00e5r gemenskaps framtid. Referensutl\u00e5tandena spelar en central roll i att bed\u00f6ma en medlemskandidats sj\u00f6bj\u00f6rnsanda \u2013 det vill s\u00e4ga hens l\u00e4mplighet som person i Sj\u00f6bj\u00f6rnsgemenskapen. Du har \u00e4ven en viktig uppgift i att verifiera att de uppgifter s\u00f6kanden sj\u00e4lv&#8230;<\/p>\n<p><a class=\"moretag\" href=\"https:\/\/www.merikarhut.fi\/sv\/forening\/medlemskap\/utlatande-om-medlemsansokan\/\">L\u00e4s mera \u2192<\/a><\/p>\n","protected":false},"author":1,"featured_media":0,"parent":43099,"menu_order":0,"comment_status":"closed","ping_status":"closed","template":"","meta":{"_acf_changed":false,"_bbp_topic_count":0,"_bbp_reply_count":0,"_bbp_total_topic_count":0,"_bbp_total_reply_count":0,"_bbp_voice_count":0,"_bbp_anonymous_reply_count":0,"_bbp_topic_count_hidden":0,"_bbp_reply_count_hidden":0,"_bbp_forum_subforum_count":0,"ngg_post_thumbnail":0,"footnotes":""},"class_list":["post-6314","page","type-page","status-publish","hentry"],"acf":[],"_links":{"self":[{"href":"https:\/\/www.merikarhut.fi\/sv\/wp-json\/wp\/v2\/pages\/6314","targetHints":{"allow":["GET"]}}],"collection":[{"href":"https:\/\/www.merikarhut.fi\/sv\/wp-json\/wp\/v2\/pages"}],"about":[{"href":"https:\/\/www.merikarhut.fi\/sv\/wp-json\/wp\/v2\/types\/page"}],"author":[{"embeddable":true,"href":"https:\/\/www.merikarhut.fi\/sv\/wp-json\/wp\/v2\/users\/1"}],"replies":[{"embeddable":true,"href":"https:\/\/www.merikarhut.fi\/sv\/wp-json\/wp\/v2\/comments?post=6314"}],"version-history":[{"count":5,"href":"https:\/\/www.merikarhut.fi\/sv\/wp-json\/wp\/v2\/pages\/6314\/revisions"}],"predecessor-version":[{"id":44411,"href":"https:\/\/www.merikarhut.fi\/sv\/wp-json\/wp\/v2\/pages\/6314\/revisions\/44411"}],"up":[{"embeddable":true,"href":"https:\/\/www.merikarhut.fi\/sv\/wp-json\/wp\/v2\/pages\/43099"}],"wp:attachment":[{"href":"https:\/\/www.merikarhut.fi\/sv\/wp-json\/wp\/v2\/media?parent=6314"}],"curies":[{"name":"wp","href":"https:\/\/api.w.org\/{rel}","templated":true}]}}