{"id":43139,"date":"2025-04-03T13:12:28","date_gmt":"2025-04-03T10:12:28","guid":{"rendered":"https:\/\/merikarhut.dataseed.fi\/yhdistys\/jasenyys\/lausunnonantajat\/"},"modified":"2025-05-19T15:51:10","modified_gmt":"2025-05-19T12:51:10","slug":"lausunnonantajat","status":"publish","type":"page","link":"https:\/\/www.merikarhut.fi\/sv\/forening\/medlemskap\/lausunnonantajat\/","title":{"rendered":"Referenspersoner"},"content":{"rendered":"\n<p>Du kan be om ett utl\u00e5tande fr\u00e5n en person som har varit medlem i Sj\u00f6bj\u00f6rnarna i minst tre seglingss\u00e4songer och som inte \u00e4r en n\u00e4ra sl\u00e4kting (t.ex. f\u00f6r\u00e4lder, mor-\/farf\u00f6r\u00e4lder, syskon). En god referensperson b\u00f6r ocks\u00e5 ha k\u00e4nt dig v\u00e4l under en l\u00e4ngre tid \u2013 s\u00e4rskilt gemensamma seglingar ger en god grund f\u00f6r en r\u00e4ttvis bed\u00f6mning.<\/p>\n<p><strong>Att skaffa tre referenspersoner \u00e4r en ytterst viktig del av medlemsans\u00f6kan.<\/strong> Om du saknar l\u00e5ngvariga sj\u00f6bj\u00f6rnsbekanta, uppmuntrar vi dig att ta kontakt med skeppare i sj\u00f6bj\u00f6rnsb\u00e5tar inom din segelf\u00f6rening \u2013 \u00e4ven om bekantskapen inte \u00e4r s\u00e5 djup som de egentliga kriterierna f\u00f6r referenspersoner f\u00f6ruts\u00e4tter.<\/p>\n<blockquote>\n<p>Observera att \u00e4ven referenserna beaktas i helhetsbed\u00f6mningen: det \u00e4r b\u00e4ttre att du l\u00e4mnar in tre namn \u00e4ven om de inte uppfyller alla kriterier \u2013 och att ha 1-2 referenspersoner&nbsp; \u00e4r b\u00e4ttre \u00e4n att inte ha n\u00e5gra alls.&nbsp; <\/p>\n<\/blockquote>\n<p>Om styrelsen anser att utl\u00e5tandena \u00e4r otillr\u00e4ckliga eller inte uppfyller kraven, kan den kalla s\u00f6kanden till intervju. Intervjun \u00e4r dock alltid en sekund\u00e4r metod och v\u00e4ger mindre i helhetsbed\u00f6mningen \u00e4n referensutl\u00e5tanden. <strong>Intervjumetoden \u00e4r fr\u00e4mst avsedd f\u00f6r s\u00f6kande fr\u00e5n omr\u00e5den d\u00e4r det finns mycket f\u00e5 sj\u00f6bj\u00f6rnsmedlemmar, s\u00e5som Insj\u00f6finland eller Sverige.<\/strong><\/p>\n<p>I medlemsans\u00f6kan ska du ange referenspersonernas namn, e-postadresser och telefonnummer \u2013 Sj\u00f6bj\u00f6rnarnas kansli kontaktar referenspersonerna, ansvarar f\u00f6r att skicka dem din ans\u00f6kan och ger instruktioner. Utl\u00e5tandena \u00e4r alltid konfidentiella, och s\u00f6kanden har inte r\u00e4tt att ta del av dem.<\/p>\n","protected":false},"excerpt":{"rendered":"<p>Du kan be om ett utl\u00e5tande fr\u00e5n en person som har varit medlem i Sj\u00f6bj\u00f6rnarna i minst tre seglingss\u00e4songer och som inte \u00e4r en n\u00e4ra sl\u00e4kting (t.ex. f\u00f6r\u00e4lder, mor-\/farf\u00f6r\u00e4lder, syskon). En god referensperson b\u00f6r ocks\u00e5 ha k\u00e4nt dig v\u00e4l under en l\u00e4ngre tid \u2013 s\u00e4rskilt gemensamma seglingar ger en god grund f\u00f6r en r\u00e4ttvis bed\u00f6mning&#8230;.<\/p>\n<p><a class=\"moretag\" href=\"https:\/\/www.merikarhut.fi\/sv\/forening\/medlemskap\/lausunnonantajat\/\">L\u00e4s mera \u2192<\/a><\/p>\n","protected":false},"author":1,"featured_media":0,"parent":43099,"menu_order":0,"comment_status":"closed","ping_status":"closed","template":"","meta":{"_acf_changed":false,"_bbp_topic_count":0,"_bbp_reply_count":0,"_bbp_total_topic_count":0,"_bbp_total_reply_count":0,"_bbp_voice_count":0,"_bbp_anonymous_reply_count":0,"_bbp_topic_count_hidden":0,"_bbp_reply_count_hidden":0,"_bbp_forum_subforum_count":0,"ngg_post_thumbnail":0,"footnotes":""},"class_list":["post-43139","page","type-page","status-publish","hentry"],"acf":[],"_links":{"self":[{"href":"https:\/\/www.merikarhut.fi\/sv\/wp-json\/wp\/v2\/pages\/43139","targetHints":{"allow":["GET"]}}],"collection":[{"href":"https:\/\/www.merikarhut.fi\/sv\/wp-json\/wp\/v2\/pages"}],"about":[{"href":"https:\/\/www.merikarhut.fi\/sv\/wp-json\/wp\/v2\/types\/page"}],"author":[{"embeddable":true,"href":"https:\/\/www.merikarhut.fi\/sv\/wp-json\/wp\/v2\/users\/1"}],"replies":[{"embeddable":true,"href":"https:\/\/www.merikarhut.fi\/sv\/wp-json\/wp\/v2\/comments?post=43139"}],"version-history":[{"count":4,"href":"https:\/\/www.merikarhut.fi\/sv\/wp-json\/wp\/v2\/pages\/43139\/revisions"}],"predecessor-version":[{"id":44376,"href":"https:\/\/www.merikarhut.fi\/sv\/wp-json\/wp\/v2\/pages\/43139\/revisions\/44376"}],"up":[{"embeddable":true,"href":"https:\/\/www.merikarhut.fi\/sv\/wp-json\/wp\/v2\/pages\/43099"}],"wp:attachment":[{"href":"https:\/\/www.merikarhut.fi\/sv\/wp-json\/wp\/v2\/media?parent=43139"}],"curies":[{"name":"wp","href":"https:\/\/api.w.org\/{rel}","templated":true}]}}