{"id":43137,"date":"2025-02-24T15:24:50","date_gmt":"2025-02-24T13:24:50","guid":{"rendered":"https:\/\/merikarhut.dataseed.fi\/yhdistys\/julkinen-toimintakalenteri-2025\/"},"modified":"2026-04-20T12:58:00","modified_gmt":"2026-04-20T09:58:00","slug":"julkinen-toimintakalenteri-2025","status":"publish","type":"page","link":"https:\/\/www.merikarhut.fi\/sv\/forening\/julkinen-toimintakalenteri-2025\/","title":{"rendered":"Julkinen toimintakalenteri"},"content":{"rendered":"\n<p><strong>Maj<\/strong><\/p>\n<p>19.5 ti Ska jag bli sj\u00f6bj\u00f6rn? Info om medlemskapet kl 19-20.30, Teams, <a href=\"https:\/\/www.ilmarix.fi\/tietoverkko\/isoilmari2.nsf\/ilmoall?openform&amp;s=n&amp;id=D8D71EFE019BAEC9C2258D8E002E1F0F\" target=\"_blank\" rel=\"noopener\">anm\u00e4l dig h\u00e4r<\/a>&nbsp;<\/p>\n<p><strong>Juni<\/strong><\/p>\n<p>5.-7.6. fre-s\u00f6n \u00d6ppna d\u00f6rrar f\u00f6r v\u00e4nner i SB-hamnar, <a href=\"https:\/\/www.merikarhut.fi\/sv\/vill-du-lara-kanna-sjobjornarnas-verksamhet-och-hamnar\/\">l\u00e4s mer<\/a><\/p>\n<p><strong>September<\/strong><\/p>\n<p>4.-6.9 fre-s\u00f6n \u00d6ppna d\u00f6rrar f\u00f6r v\u00e4nner i SB-hamnar, <a href=\"https:\/\/www.merikarhut.fi\/sv\/vill-du-lara-kanna-sjobjornarnas-verksamhet-och-hamnar\/\">l\u00e4s mer<\/a><\/p>\n\n\n\n<p><\/p>\n","protected":false},"excerpt":{"rendered":"<p>Maj 19.5 ti Ska jag bli sj\u00f6bj\u00f6rn? Info om medlemskapet kl 19-20.30, Teams, anm\u00e4l dig h\u00e4r&nbsp; Juni 5.-7.6. fre-s\u00f6n \u00d6ppna d\u00f6rrar f\u00f6r v\u00e4nner i SB-hamnar, l\u00e4s mer September 4.-6.9 fre-s\u00f6n \u00d6ppna d\u00f6rrar f\u00f6r v\u00e4nner i SB-hamnar, l\u00e4s mer<\/p>\n","protected":false},"author":1,"featured_media":0,"parent":713,"menu_order":0,"comment_status":"closed","ping_status":"closed","template":"","meta":{"_acf_changed":false,"_bbp_topic_count":0,"_bbp_reply_count":0,"_bbp_total_topic_count":0,"_bbp_total_reply_count":0,"_bbp_voice_count":0,"_bbp_anonymous_reply_count":0,"_bbp_topic_count_hidden":0,"_bbp_reply_count_hidden":0,"_bbp_forum_subforum_count":0,"ngg_post_thumbnail":0,"footnotes":""},"class_list":["post-43137","page","type-page","status-publish","hentry"],"acf":[],"_links":{"self":[{"href":"https:\/\/www.merikarhut.fi\/sv\/wp-json\/wp\/v2\/pages\/43137","targetHints":{"allow":["GET"]}}],"collection":[{"href":"https:\/\/www.merikarhut.fi\/sv\/wp-json\/wp\/v2\/pages"}],"about":[{"href":"https:\/\/www.merikarhut.fi\/sv\/wp-json\/wp\/v2\/types\/page"}],"author":[{"embeddable":true,"href":"https:\/\/www.merikarhut.fi\/sv\/wp-json\/wp\/v2\/users\/1"}],"replies":[{"embeddable":true,"href":"https:\/\/www.merikarhut.fi\/sv\/wp-json\/wp\/v2\/comments?post=43137"}],"version-history":[{"count":13,"href":"https:\/\/www.merikarhut.fi\/sv\/wp-json\/wp\/v2\/pages\/43137\/revisions"}],"predecessor-version":[{"id":48538,"href":"https:\/\/www.merikarhut.fi\/sv\/wp-json\/wp\/v2\/pages\/43137\/revisions\/48538"}],"up":[{"embeddable":true,"href":"https:\/\/www.merikarhut.fi\/sv\/wp-json\/wp\/v2\/pages\/713"}],"wp:attachment":[{"href":"https:\/\/www.merikarhut.fi\/sv\/wp-json\/wp\/v2\/media?parent=43137"}],"curies":[{"name":"wp","href":"https:\/\/api.w.org\/{rel}","templated":true}]}}