{"id":43123,"date":"2025-01-13T13:56:08","date_gmt":"2025-01-13T11:56:08","guid":{"rendered":"https:\/\/merikarhut.dataseed.fi\/merella-ja-satamissa-svenska\/vastuullisuus\/ymparistoohjelma\/"},"modified":"2026-02-04T22:47:36","modified_gmt":"2026-02-04T20:47:36","slug":"ymparistoohjelma","status":"publish","type":"page","link":"https:\/\/www.merikarhut.fi\/sv\/segling-och-hamnar\/vastuullisuus\/ymparistoohjelma\/","title":{"rendered":"Milj\u00f6program"},"content":{"rendered":"\n<p>Merikarhut-Sj\u00f6bj\u00f6rnarna ry \u00e4r en l\u00e5ngf\u00e4rdssegelf\u00f6rening, som st\u00f6der sina ca 3000 medlemmars b\u00e5tintresse p\u00e5 m\u00e5nga s\u00e4tt. F\u00f6reningen \u00e4ger ca 30 sk\u00e4rg\u00e5rdshamnar i Finland och Sverige. N\u00e4r medlemmarna anv\u00e4nder de egna hamnarna belastar de inte de allm\u00e4nna hamnarna och servicen, som d\u00e4rmed kan anv\u00e4ndas av andra b\u00e5tfarare. Underh\u00e5llet av hamnarna och medlemmarnas anskaffningar \u00f6kar den ekonomisk v\u00e4lf\u00e4rden i sk\u00e4rg\u00e5rden och p\u00e5 kusten.<\/p>\n<p>Milj\u00f6v\u00e4nlighet h\u00f6r till Sj\u00f6bj\u00f6rnarnas mest centrala v\u00e4rden. F\u00f6reningen st\u00f6der b\u00e5tliv som skyddar naturen och bevarar sk\u00e4rg\u00e5rdens kulturmilj\u00f6. F\u00f6reningen vill vara en f\u00f6reg\u00e5ngare d\u00e5 det g\u00e4ller milj\u00f6v\u00e4nligt b\u00e5tliv.<\/p>\n<p>\u00d6verg\u00f6dningen av hav och vattendrag, utarmningen av naturens m\u00e5ngfald och klimatf\u00f6r\u00e4ndringen kr\u00e4ver att b\u00e5tf\u00f6rarna \u00e4r uppm\u00e4rksamma och f\u00f6rbinder sig till att f\u00f6lja allt striktare best\u00e4mmelser och praxis. F\u00f6r att st\u00f6dja detta har f\u00f6reningen utarbetat detta l\u00e5ngsiktiga milj\u00f6program. Det styr ocks\u00e5 f\u00f6reningens \u00e5rliga verksamhetsprogram.<\/p>\n<h4><strong>1.Medlemmarna<\/strong><\/h4>\n<p>Medlemmarna f\u00f6rbinder sig n\u00e4r de g\u00e5r med i f\u00f6reningen att f\u00f6lja milj\u00f6lagstiftningen och f\u00f6reningens milj\u00f6program.<\/p>\n<p>Eftersom medlemmarna s\u00e4rskilt vill uppm\u00e4rksamma vattenskyddet diskar de t.ex. p\u00e5 diskplatserna eller b\u00e4r diskvattnet i land i f\u00f6reningens hamnar. N\u00e4ringsbelastningen av fritidsb\u00e5tar \u00e4r som st\u00f6rst under sommarm\u00e5naderna, d\u00e5 ocks\u00e5 den biologiska produktionen \u00e4r som mest aktiv. Eftersom ocks\u00e5 sm\u00e5 utsl\u00e4ppsm\u00e4ngder lokalt kan vara mycket skadliga, b\u00f6r man \u00e4ven p\u00e5 andra platser alltid undvika att sl\u00e4ppa ut diskvattnet i havet. S\u00e4rskilt noggrann b\u00f6r man vara i hamnar med l\u00e5ngsam vattenv\u00e4xling.<\/p>\n<p>Vi rekommenderar att medlemmarna p\u00e5 sina b\u00e5tar helst anv\u00e4nder giftfria bottenf\u00e4rger eller f\u00e4rger som l\u00f6ser sig i vattnet s\u00e5 litet som m\u00f6jligt. Milj\u00f6belastningen b\u00f6r minimeras ocks\u00e5 n\u00e4r det g\u00e4ller anv\u00e4ndning av andra kemikalier.<\/p>\n<p>F\u00f6reningen uppmuntrar medlemmarna att r\u00f6ra sig energiekonomiskt p\u00e5 vattnet. D\u00e5 en segelb\u00e5t anv\u00e4nder seglen minskar de lokala utsl\u00e4ppen. Milj\u00f6- och klimatm\u00e4ssigt \u00e4r det b\u00e4st att i f\u00f6rsta hand producera b\u00e5telen med solpaneler, vind- och vattengeneratorer eller landstr\u00f6m.<\/p>\n<p>I f\u00f6reningens hamnar vill medlemmarna och deras g\u00e4ster \u00e5samka s\u00e5 lite ol\u00e4genhet och st\u00f6rning som m\u00f6jligt. I land r\u00f6r vi oss fr\u00e4mst l\u00e4ngs stigarna, eftersom sk\u00e4rg\u00e5rdsnaturen \u00e4r k\u00e4nslig f\u00f6r slitage och \u00e5terh\u00e4mtar sig l\u00e5ngsamt. Vi st\u00f6r inte djurlivet, t.ex. h\u00e4ckande f\u00e5glar. Vi l\u00e4mnar inte sopor i f\u00f6reningens hamnar, utan transporterar bort dem. Vi kan st\u00f6da sopservicen i sk\u00e4rg\u00e5rden t.ex. genom att transportera soporna \u00e4nda till fastlandet och g\u00e5 med i H\u00e5ll Sk\u00e4rg\u00e5rden Ren r.f.<\/p>\n<p>Medlemmarna uppmuntras att g\u00f6ra naturobservationer och njuta av den m\u00e5ngsidiga sk\u00e4rg\u00e5rdsnaturen. Uppgifter om f\u00f6rekomsten av olika arter kan f\u00f6ras in i f\u00f6reningens observationsdatabas och i de nationella artdatatj\u00e4nsterna, d\u00e4r uppgifterna kan utnyttjas i forskningssyfte.<\/p>\n<h4><strong>2.Sj\u00f6bj\u00f6rnshamnarna<\/strong><\/h4>\n<p>F\u00f6reningens hamnar har olika karakt\u00e4r, fr\u00e5n n\u00e4rmast naturhamnar till hamnar som f\u00f6retr\u00e4der sk\u00e4rg\u00e5rdens kulturtradition och tidigare sommarstugor. Hamnarna finns b\u00e5de inomsk\u00e4rs och i den yttre sk\u00e4rg\u00e5rden.<\/p>\n<p>Det \u00e4r m\u00e5nga som bes\u00f6ker hamnarna, s\u00e5 belastningen p\u00e5 hamnmilj\u00f6n \u00e4r stor. Vi minskar skadeverkningarna genom att ge anvisningar om hur man r\u00f6r sig p\u00e5 \u00f6arna, genom att skydda s\u00e4rskilt k\u00e4nsliga naturobjekt och genom att sk\u00f6ta naturen och kulturlandskapet s\u00e5 att v\u00e4rdefulla milj\u00f6er beh\u00e5ller sina s\u00e4rdrag.<\/p>\n<p>Utrustningen i hamnarna h\u00e5lls p\u00e5 en moderat niv\u00e5, och anpassas till respektive hamns l\u00e4ge och karakt\u00e4r. M\u00e5let \u00e4r att bevara hamnarna s\u00e5 att de passar in i omgivningen och bevarar sina s\u00e4rdrag, och d\u00e4rmed f\u00f6rblir v\u00e4rdefulla ocks\u00e5 f\u00f6r kommande generationer. N\u00e4r vi bygger och utrustar hamnarna beaktar vi inte bara natur- och milj\u00f6v\u00e4rden utan ocks\u00e5 s\u00e4kerhet, gemenskap och grannar. Till hamnarnas basstruktur h\u00f6r s\u00e4kra bryggor, dass och bastur. I m\u00e5nga av hamnarna har diskm\u00f6jlighet ordnats i land, och fler diskplatser kommer att byggas i de hamnar d\u00e4r det sk\u00e4ligen l\u00e5ter sig g\u00f6ra.<\/p>\n<p>P\u00e5 stigarna till bastun och dass byggs vid behov trappsteg f\u00f6r att garantera att man kan r\u00f6ra sig tryggt.&nbsp;Fast belysning l\u00e4ngs stigarna ska undvikas.<\/p>\n<p>Alla anskaffningar g\u00f6rs med beaktande av inverkan p\u00e5 milj\u00f6n, och vi anv\u00e4nder m\u00f6jligast lite konstruktioner och kemikalier som belastar milj\u00f6n. Vi bygger med sikte p\u00e5 kvalitet och h\u00e5llbar livscykel. I byggnader och m\u00f6bler anv\u00e4nds f\u00f6retr\u00e4desvis tr\u00e4. N\u00e4r byggnader eller konstruktioner rivs sorterar vi byggresterna, som \u00e5tervinns eller transporteras till den organiserade avfallshanteringen. I f\u00f6reningens hamnar tar vi inte emot, behandlar eller f\u00f6rvarar avfall. Tj\u00e4nster som beh\u00f6vs f\u00f6r att uppr\u00e4tth\u00e5lla n\u00e4tverket av hamnar k\u00f6ps s\u00e5vitt m\u00f6jligt av lokala f\u00f6retagare.<\/p>\n<p>F\u00f6r sk\u00f6tseln av sk\u00e4rg\u00e5rdsfastigheterna anv\u00e4nder vi de l\u00f6sningar som b\u00e4st g\u00e5r att genomf\u00f6ra med tanke p\u00e5 milj\u00f6n. Gr\u00e5vattnet fr\u00e5n bastur och diskplatser behandlas s\u00e5 att n\u00e4rings\u00e4mnena inte rinner ut i vattnet.<\/p>\n<p>Basturna f\u00f6rses med ugnar som br\u00e4nner veden s\u00e5 rent som m\u00f6jligt. F\u00f6r att minimera utsl\u00e4ppen av partiklar anv\u00e4nder vi torr ved som kapats och huggits till l\u00e4mplig storlek.<\/p>\n<p>Torrdassen placeras s\u00e5 att avfallet inte kan ge upphov till skadliga utsl\u00e4pp i vattnet, och s\u00e5 att skadliga f\u00f6r\u00e4ndringar f\u00f6r sk\u00e4rg\u00e5rdens v\u00e4xtlighet minimeras.<\/p>\n<p>F\u00f6reningen f\u00f6ljer upp hur milj\u00f6n utvecklas i hamnarna och p\u00e5 \u00f6arna, t.ex. genom att ta vattenprover i de mest k\u00e4nsliga hamnvikarna.<\/p>\n<p>F\u00f6reningen g\u00e5r aktivt in f\u00f6r att utrota invasiva arter i hamnarna (t.ex. mink, vresros).<\/p>\n<p>Milj\u00f6behov och s\u00e4rskilda natur- och kulturv\u00e4rden beaktas i hamnarnas \u00e5rliga utvecklingsplaner, som styrelsen beaktar n\u00e4r budgeten g\u00f6rs upp. Milj\u00f6kommitt\u00e9n ger p\u00e5 beg\u00e4ran utl\u00e5tande om planens milj\u00f6verkningar.<\/p>\n<p>Elen f\u00f6r f\u00f6reningens hamnfastigheter produceras ofta med solpaneler. I m\u00e5nga hamnar erbjuds ocks\u00e5 h\u00e5llbart producerad bryggel.<\/p>\n<h4><strong>3.F\u00f6reningsverksamheten<\/strong><\/h4>\n<p>F\u00f6reningen v\u00e4gleder medlemmarna till milj\u00f6v\u00e4nligt b\u00e5tliv genom att ge information om de senaste r\u00f6nen och b\u00e4sta praxis. Milj\u00f6fr\u00e5gor diskuteras och tas upp i f\u00f6reningens informationskanaler. Ocks\u00e5 m\u00f6ten och kurser ordnas i dessa fr\u00e5gor.<\/p>\n<p>F\u00f6reningens evenemang arrangeras s\u00e5 h\u00e5llbart som m\u00f6jligt. Tillg\u00e5ng till kollektivtrafik och m\u00f6jlighet till samtransport \u00e4r kriterier vid val av m\u00f6tesplats. Vid traktering f\u00f6redras h\u00e5llbara l\u00f6sningar med n\u00e4rproducerade och inhemska produkter.<\/p>\n<h4><strong>4.Samarbete med andra organisationer<\/strong><\/h4>\n<p>Sj\u00f6bj\u00f6rnarna tar initiativ f\u00f6r att genomf\u00f6ra l\u00f6sningar som skonar milj\u00f6n och bevarar sk\u00e4rg\u00e5rdskulturen. Vi samarbetar med andra akt\u00f6rer inom b\u00e5tsporten och med organisationer och sammanslutningar som st\u00f6der samma syften.<\/p>\n<p>F\u00f6reningen f\u00f6ljer aktivt forskning och diskussion om milj\u00f6n, lagstiftningens utveckling och myndigheternas andra \u00e5tg\u00e4rder, s\u00e5som planeringen av markanv\u00e4ndningen i n\u00e4rheten av fastigheterna. F\u00f6reningen vill p\u00e5verka s\u00e5dana f\u00f6r\u00e4ndringar som kan inverka p\u00e5 f\u00f6reningens verksamhet och p\u00e5 b\u00e5tlivet.<\/p>\n<p><em>\u00c5rsm\u00f6tet den 14.3.2023<\/em><\/p>\n<p>&nbsp;<\/p>\n<p>&nbsp;<\/p>\n","protected":false},"excerpt":{"rendered":"<p>Merikarhut-Sj\u00f6bj\u00f6rnarna ry \u00e4r en l\u00e5ngf\u00e4rdssegelf\u00f6rening, som st\u00f6der sina ca 3000 medlemmars b\u00e5tintresse p\u00e5 m\u00e5nga s\u00e4tt. F\u00f6reningen \u00e4ger ca 30 sk\u00e4rg\u00e5rdshamnar i Finland och Sverige. N\u00e4r medlemmarna anv\u00e4nder de egna hamnarna belastar de inte de allm\u00e4nna hamnarna och servicen, som d\u00e4rmed kan anv\u00e4ndas av andra b\u00e5tfarare. Underh\u00e5llet av hamnarna och medlemmarnas anskaffningar \u00f6kar den ekonomisk v\u00e4lf\u00e4rden&#8230;<\/p>\n<p><a class=\"moretag\" href=\"https:\/\/www.merikarhut.fi\/sv\/segling-och-hamnar\/vastuullisuus\/ymparistoohjelma\/\">L\u00e4s mera \u2192<\/a><\/p>\n","protected":false},"author":1,"featured_media":0,"parent":43091,"menu_order":0,"comment_status":"closed","ping_status":"closed","template":"","meta":{"_acf_changed":false,"_bbp_topic_count":0,"_bbp_reply_count":0,"_bbp_total_topic_count":0,"_bbp_total_reply_count":0,"_bbp_voice_count":0,"_bbp_anonymous_reply_count":0,"_bbp_topic_count_hidden":0,"_bbp_reply_count_hidden":0,"_bbp_forum_subforum_count":0,"ngg_post_thumbnail":0,"footnotes":""},"class_list":["post-43123","page","type-page","status-publish","hentry"],"acf":[],"_links":{"self":[{"href":"https:\/\/www.merikarhut.fi\/sv\/wp-json\/wp\/v2\/pages\/43123","targetHints":{"allow":["GET"]}}],"collection":[{"href":"https:\/\/www.merikarhut.fi\/sv\/wp-json\/wp\/v2\/pages"}],"about":[{"href":"https:\/\/www.merikarhut.fi\/sv\/wp-json\/wp\/v2\/types\/page"}],"author":[{"embeddable":true,"href":"https:\/\/www.merikarhut.fi\/sv\/wp-json\/wp\/v2\/users\/1"}],"replies":[{"embeddable":true,"href":"https:\/\/www.merikarhut.fi\/sv\/wp-json\/wp\/v2\/comments?post=43123"}],"version-history":[{"count":4,"href":"https:\/\/www.merikarhut.fi\/sv\/wp-json\/wp\/v2\/pages\/43123\/revisions"}],"predecessor-version":[{"id":47536,"href":"https:\/\/www.merikarhut.fi\/sv\/wp-json\/wp\/v2\/pages\/43123\/revisions\/47536"}],"up":[{"embeddable":true,"href":"https:\/\/www.merikarhut.fi\/sv\/wp-json\/wp\/v2\/pages\/43091"}],"wp:attachment":[{"href":"https:\/\/www.merikarhut.fi\/sv\/wp-json\/wp\/v2\/media?parent=43123"}],"curies":[{"name":"wp","href":"https:\/\/api.w.org\/{rel}","templated":true}]}}