{"id":43121,"date":"2025-01-16T11:02:19","date_gmt":"2025-01-16T09:02:19","guid":{"rendered":"https:\/\/merikarhut.dataseed.fi\/merella-ja-satamissa-svenska\/vastuullisuus\/yhteistyokumppanit\/"},"modified":"2025-06-10T14:25:41","modified_gmt":"2025-06-10T11:25:41","slug":"yhteistyokumppanit","status":"publish","type":"page","link":"https:\/\/www.merikarhut.fi\/sv\/segling-och-hamnar\/vastuullisuus\/yhteistyokumppanit\/","title":{"rendered":"Samarbetspartner"},"content":{"rendered":"\n<h4><strong>Tillsammans f\u00f6r sk\u00e4rg\u00e5rden och b\u00e5tlivets kultur<\/strong><\/h4>\n<p>Sj\u00f6bj\u00f6rnarna rf arbetar l\u00e5ngsiktigt f\u00f6r att fr\u00e4mja finl\u00e4ndsk l\u00e5ngf\u00e4rdssegling \u2013 inte bara f\u00f6r sina egna medlemmars skull, utan f\u00f6r hela b\u00e5tlivssamh\u00e4llets och sk\u00e4rg\u00e5rdens framtid.<br>I dag syns v\u00e5rt ansvarstagande i milj\u00f6programmet och i konkret samarbete med olika akt\u00f6rer. Vi utvecklar tj\u00e4nster relaterade till b\u00e5tliv, fr\u00e4mjar en h\u00e5llbar sk\u00e4rg\u00e5rdsnatur och erbjuder praktiska verktyg f\u00f6r s\u00e4ker navigering. V\u00e5ra samarbetspartner st\u00f6der detta arbete p\u00e5 sina egna s\u00e4tt.<\/p>\n<div class=\"mk-two-col\">\n<div><img loading=\"lazy\" decoding=\"async\" class=\"size-full wp-image-42429\" src=\"https:\/\/www.merikarhut.fi\/wp-content\/uploads\/2025\/04\/julkinen_PSS_fi-swe_RGB_1.jpg\" alt=\"\" width=\"200\" height=\"199\" srcset=\"https:\/\/www.merikarhut.fi\/wp-content\/uploads\/2025\/04\/julkinen_PSS_fi-swe_RGB_1.jpg 200w, https:\/\/www.merikarhut.fi\/wp-content\/uploads\/2025\/04\/julkinen_PSS_fi-swe_RGB_1-150x150.jpg 150w, https:\/\/www.merikarhut.fi\/wp-content\/uploads\/2025\/04\/julkinen_PSS_fi-swe_RGB_1-50x50.jpg 50w, https:\/\/www.merikarhut.fi\/wp-content\/uploads\/2025\/04\/julkinen_PSS_fi-swe_RGB_1-156x155.jpg 156w\" sizes=\"auto, (max-width: 200px) 100vw, 200px\" \/><\/div>\n<div>\n<h4><strong>H\u00e5ll Sk\u00e4rg\u00e5rden Ren rf<\/strong><\/h4>\n<p>I samarbete med HSR (PSS p\u00e5 finska) har vi kommit \u00f6verens om att Sj\u00f6bj\u00f6rnarna uppmanar sina medlemmar att bli personmedlemmar i HSR. P\u00e5 s\u00e5 s\u00e4tt st\u00f6der vi konkret en ren sk\u00e4rg\u00e5rd och ett ansvarsfullt b\u00e5tliv. HSR \u00e4r en viktig partner i vardagen f\u00f6r milj\u00f6medvetenhet och h\u00e5llbart b\u00e5tliv.<\/p>\n<\/div>\n<\/div>\n<div class=\"mk-two-col\">\n<div><img loading=\"lazy\" decoding=\"async\" class=\"size-full wp-image-42613\" src=\"https:\/\/www.merikarhut.fi\/wp-content\/uploads\/2025\/04\/julkinen_SLHSY_kuva_1.jpg\" alt=\"\" width=\"200\" height=\"201\" srcset=\"https:\/\/www.merikarhut.fi\/wp-content\/uploads\/2025\/04\/julkinen_SLHSY_kuva_1.jpg 200w, https:\/\/www.merikarhut.fi\/wp-content\/uploads\/2025\/04\/julkinen_SLHSY_kuva_1-150x150.jpg 150w, https:\/\/www.merikarhut.fi\/wp-content\/uploads\/2025\/04\/julkinen_SLHSY_kuva_1-50x50.jpg 50w, https:\/\/www.merikarhut.fi\/wp-content\/uploads\/2025\/04\/julkinen_SLHSY_kuva_1-154x155.jpg 154w\" sizes=\"auto, (max-width: 200px) 100vw, 200px\" \/><\/div>\n<div>\n<h4><strong>Sk\u00e4rg\u00e5rdsnaturens v\u00e5rd- och skyddsf\u00f6rening (SLHSY)<\/strong><\/h4>\n<p><strong>Sj\u00f6bj\u00f6rnarna arbetar f\u00f6r att bevara sk\u00e4rg\u00e5rdens biologiska m\u00e5ngfald genom att aktivt avl\u00e4gsna invasiva arter.<\/strong><br><em>Rosa rugosa<\/em> har r\u00f6jts bort under sj\u00f6bj\u00f6rnstalkon, och i bek\u00e4mpningen av fr\u00e4mmande sm\u00e5rovdjur samarbetar vi med F\u00f6reningen f\u00f6r v\u00e5rd och skydd av sk\u00e4rg\u00e5rdsnaturen rf (SLHSY).<\/p>\n<p>Samarbetet med SLHSY fokuserar s\u00e4rskilt p\u00e5 att avl\u00e4gsna mink fr\u00e5n sk\u00e4rg\u00e5rden. Arbetet styrs av jaktlagen och f\u00f6rordningen om fr\u00e4mmande arter. Huvudsakligen sker avl\u00e4gsnandet vintertid f\u00f6re den 1 mars, men enligt f\u00f6rordningen om fr\u00e4mmande arter <a href=\"https:\/\/saaristoluonto.fi\/sv\/koirapyynti-saaristossa-svenska\/\" target=\"_blank\" rel=\"noopener\">f\u00e5r hund anv\u00e4ndas \u00e5ret runt s\u00e5 l\u00e4nge f\u00e5glarnas h\u00e4ckning inte st\u00f6rs<\/a>.<\/p>\n<p><strong>Meddela alltid hamnansvarig<\/strong> om du observerar mink eller m\u00e5rdhund p\u00e5 en sj\u00f6bj\u00f6rns\u00f6.<\/p>\n<\/div>\n<\/div>\n<div class=\"mk-two-col\">\n<div><img loading=\"lazy\" decoding=\"async\" class=\"alignnone size-full wp-image-42631\" src=\"https:\/\/www.merikarhut.fi\/wp-content\/uploads\/2025\/04\/julkinen_ymparistokeskus.jpg\" alt=\"\" width=\"114\" height=\"128\" srcset=\"https:\/\/www.merikarhut.fi\/wp-content\/uploads\/2025\/04\/julkinen_ymparistokeskus.jpg 114w, https:\/\/www.merikarhut.fi\/wp-content\/uploads\/2025\/04\/julkinen_ymparistokeskus-45x50.jpg 45w\" sizes=\"auto, (max-width: 114px) 100vw, 114px\" \/><\/div>\n<div>\n<h4><strong>Finlands milj\u00f6central<\/strong><\/h4>\n<p>Sj\u00f6bj\u00f6rnarna deltar i projektet <em>Saaristoravinne<\/em>, som koordineras av Finlands milj\u00f6central. M\u00e5let med projektet \u00e4r att utveckla modeller f\u00f6r n\u00e4ringskretslopp till f\u00f6rm\u00e5n f\u00f6r Sk\u00e4rg\u00e5rdshavet och kustomr\u00e5dena. Genom detta arbete st\u00f6der vi \u00e5tg\u00e4rder f\u00f6r att minska \u00f6verg\u00f6dning och f\u00f6rb\u00e4ttra \u00d6stersj\u00f6ns ekologiska tillst\u00e5nd \u2013 som en konkret forts\u00e4ttning p\u00e5 v\u00e5rt milj\u00f6program.<\/p>\n<\/div>\n<\/div>\n<div class=\"mk-two-col\">\n<div><img loading=\"lazy\" decoding=\"async\" class=\"alignnone wp-image-42989 size-thumbnail\" src=\"https:\/\/www.merikarhut.fi\/wp-content\/uploads\/2025\/04\/julkinen_AIS-antenni-symboli-MK-web-LL-150x150.jpg\" alt=\"\" width=\"150\" height=\"150\"><\/div>\n<div>\n<h4><strong>AIS-datasamerbete<\/strong><\/h4>\n<p>Sj\u00f6bj\u00f6rnarna vill bidra till b\u00e5tsamfundet genom samarbete med det frivilliga n\u00e4tverket som samlar in AIS-data. I omr\u00e5det med svag AIS-t\u00e4ckning tar hamnen i Lillholmen emot AIS-signaler fr\u00e5n fartyg p\u00e5 de norra farvattnen mellan Nagu och Korpo, och vidarebefordrar dem till internationella tj\u00e4nster som MarineTraffic och VesselFinder, vilka m\u00f6jligg\u00f6r realtids\u00f6vervakning av fartyg.<\/p>\n<p>Sj\u00f6bj\u00f6rnarnas bidrag syns i dessa tj\u00e4nster som k\u00e4llangivelsen: <strong>AIS Source: Merikarhut\u2013Lillholmen <\/strong>och<strong> Merikarhut-S\u00e4nk\u00f6ren<\/strong>.<\/p>\n<\/div>\n<\/div>\n<div class=\"mk-two-col\">\n<div><img loading=\"lazy\" decoding=\"async\" class=\"size-full wp-image-42426\" src=\"https:\/\/www.merikarhut.fi\/wp-content\/uploads\/2025\/04\/julkinen_TPS-satamakirja-logo.jpg\" alt=\"\" width=\"136\" height=\"136\" srcset=\"https:\/\/www.merikarhut.fi\/wp-content\/uploads\/2025\/04\/julkinen_TPS-satamakirja-logo.jpg 136w, https:\/\/www.merikarhut.fi\/wp-content\/uploads\/2025\/04\/julkinen_TPS-satamakirja-logo-50x50.jpg 50w\" sizes=\"auto, (max-width: 136px) 100vw, 136px\" \/><\/div>\n<div>\n<h4><strong>Scouternas hamnb\u00f6cker \u2013 utveckling av seglingsrutter<\/strong><\/h4>\n<p>Sj\u00f6bj\u00f6rnarna har l\u00e4nge st\u00f6ttat sj\u00f6scouternas arbete med rutter samt publikationerna i serien <em>Stora hamnboken<\/em> (utgiven av Turun Partio-Sissit rf). M\u00e5let med samarbetet \u00e4r att f\u00f6rb\u00e4ttra planeringen av rutter f\u00f6r b\u00e5tf\u00f6rare och st\u00e4rka gemenskapen inom b\u00e5tlivskulturen.<\/p>\n<\/div>\n<\/div>\n<div class=\"mk-two-col\">\n<div><img loading=\"lazy\" decoding=\"async\" class=\"size-full wp-image-42432\" src=\"https:\/\/www.merikarhut.fi\/wp-content\/uploads\/2025\/04\/julkinen_nauticssailmate_vaaka_sini.avif\" alt=\"\" width=\"165\" height=\"47\" srcset=\"https:\/\/www.merikarhut.fi\/wp-content\/uploads\/2025\/04\/julkinen_nauticssailmate_vaaka_sini.avif 165w, https:\/\/www.merikarhut.fi\/wp-content\/uploads\/2025\/04\/julkinen_nauticssailmate_vaaka_sini-50x14.avif 50w\" sizes=\"auto, (max-width: 165px) 100vw, 165px\" \/><\/div>\n<div>\n<h4><strong>Sailmate<\/strong><\/h4>\n<p>I samarbete med Sailmate erbjuder Sj\u00f6bj\u00f6rnarna sina medlemmar uppdaterad och omfattande information om sj\u00f6bj\u00f6rnshamnar samt sk. scouternas seglingsrutter. Sailmate-appen \u00e4r ett modernt verktyg f\u00f6r trygg och v\u00e4lplanerad navigering. Mer information finns p\u00e5 medlemssidorna.<\/p>\n<\/div>\n<\/div>\n\n\n\n<p>&nbsp;<\/p>\n<p>&nbsp;<\/p>\n<p>&nbsp;<\/p>\n\n\n\n\n","protected":false},"excerpt":{"rendered":"<p>Tillsammans f\u00f6r sk\u00e4rg\u00e5rden och b\u00e5tlivets kultur Sj\u00f6bj\u00f6rnarna rf arbetar l\u00e5ngsiktigt f\u00f6r att fr\u00e4mja finl\u00e4ndsk l\u00e5ngf\u00e4rdssegling \u2013 inte bara f\u00f6r sina egna medlemmars skull, utan f\u00f6r hela b\u00e5tlivssamh\u00e4llets och sk\u00e4rg\u00e5rdens framtid.I dag syns v\u00e5rt ansvarstagande i milj\u00f6programmet och i konkret samarbete med olika akt\u00f6rer. Vi utvecklar tj\u00e4nster relaterade till b\u00e5tliv, fr\u00e4mjar en h\u00e5llbar sk\u00e4rg\u00e5rdsnatur och erbjuder&#8230;<\/p>\n<p><a class=\"moretag\" href=\"https:\/\/www.merikarhut.fi\/sv\/segling-och-hamnar\/vastuullisuus\/yhteistyokumppanit\/\">L\u00e4s mera \u2192<\/a><\/p>\n","protected":false},"author":1,"featured_media":0,"parent":43091,"menu_order":0,"comment_status":"closed","ping_status":"closed","template":"","meta":{"_acf_changed":false,"_bbp_topic_count":0,"_bbp_reply_count":0,"_bbp_total_topic_count":0,"_bbp_total_reply_count":0,"_bbp_voice_count":0,"_bbp_anonymous_reply_count":0,"_bbp_topic_count_hidden":0,"_bbp_reply_count_hidden":0,"_bbp_forum_subforum_count":0,"ngg_post_thumbnail":0,"footnotes":""},"class_list":["post-43121","page","type-page","status-publish","hentry"],"acf":[],"_links":{"self":[{"href":"https:\/\/www.merikarhut.fi\/sv\/wp-json\/wp\/v2\/pages\/43121","targetHints":{"allow":["GET"]}}],"collection":[{"href":"https:\/\/www.merikarhut.fi\/sv\/wp-json\/wp\/v2\/pages"}],"about":[{"href":"https:\/\/www.merikarhut.fi\/sv\/wp-json\/wp\/v2\/types\/page"}],"author":[{"embeddable":true,"href":"https:\/\/www.merikarhut.fi\/sv\/wp-json\/wp\/v2\/users\/1"}],"replies":[{"embeddable":true,"href":"https:\/\/www.merikarhut.fi\/sv\/wp-json\/wp\/v2\/comments?post=43121"}],"version-history":[{"count":9,"href":"https:\/\/www.merikarhut.fi\/sv\/wp-json\/wp\/v2\/pages\/43121\/revisions"}],"predecessor-version":[{"id":45198,"href":"https:\/\/www.merikarhut.fi\/sv\/wp-json\/wp\/v2\/pages\/43121\/revisions\/45198"}],"up":[{"embeddable":true,"href":"https:\/\/www.merikarhut.fi\/sv\/wp-json\/wp\/v2\/pages\/43091"}],"wp:attachment":[{"href":"https:\/\/www.merikarhut.fi\/sv\/wp-json\/wp\/v2\/media?parent=43121"}],"curies":[{"name":"wp","href":"https:\/\/api.w.org\/{rel}","templated":true}]}}