{"id":43105,"date":"2018-04-24T15:32:24","date_gmt":"2018-04-24T12:32:24","guid":{"rendered":"https:\/\/merikarhut.dataseed.fi\/merella-ja-satamissa-svenska\/vastuullisuus\/lintuatlas\/joutsenet-ja-hanhet\/"},"modified":"2025-04-24T14:26:44","modified_gmt":"2025-04-24T11:26:44","slug":"joutsenet-ja-hanhet","status":"publish","type":"page","link":"https:\/\/www.merikarhut.fi\/sv\/segling-och-hamnar\/vastuullisuus\/lintuatlas\/joutsenet-ja-hanhet\/","title":{"rendered":"Joutsenet ja hanhet"},"content":{"rendered":"<p><strong>Kyhmyjoutsen<\/strong>&nbsp;&nbsp; Kn\u00f6lsvan&nbsp;&nbsp; <em>Cygnus olor<\/em><\/p>\n<div id=\"attachment_12831\" style=\"width: 310px\" class=\"wp-caption alignnone\"><a href=\"https:\/\/www.merikarhut.fi\/wp-content\/uploads\/2018\/05\/Kyhmyjoutsen.jpg\"><img loading=\"lazy\" decoding=\"async\" aria-describedby=\"caption-attachment-12831\" class=\"size-medium wp-image-12831\" src=\"https:\/\/www.merikarhut.fi\/wp-content\/uploads\/2018\/05\/Kyhmyjoutsen-300x197.jpg\" alt=\"\" width=\"300\" height=\"197\" srcset=\"https:\/\/www.merikarhut.fi\/wp-content\/uploads\/2018\/05\/Kyhmyjoutsen-300x197.jpg 300w, https:\/\/www.merikarhut.fi\/wp-content\/uploads\/2018\/05\/Kyhmyjoutsen-768x503.jpg 768w, https:\/\/www.merikarhut.fi\/wp-content\/uploads\/2018\/05\/Kyhmyjoutsen-50x33.jpg 50w, https:\/\/www.merikarhut.fi\/wp-content\/uploads\/2018\/05\/Kyhmyjoutsen-217x142.jpg 217w, https:\/\/www.merikarhut.fi\/wp-content\/uploads\/2018\/05\/Kyhmyjoutsen.jpg 1000w\" sizes=\"auto, (max-width: 300px) 100vw, 300px\" \/><\/a><p id=\"caption-attachment-12831\" class=\"wp-caption-text\">Kyhmyjoutsen<\/p><\/div>\n<p>Pituus 140-160 cm, siipien k\u00e4rkiv\u00e4li 200-240 cm. Kyhmyjoutsen on yksi suurimmista lent\u00e4vist\u00e4 linnuista, se voi painaa yli 15 kg. Kyhmyjoutsenen h\u00f6yhenpeite on hohtavan valkoinen. Eri joutsenlajit voi erottaa toisistaan nokan perusteella; kyhmyjoutsenen nokka on punertavan oranssi ja kyhmy musta. Koiras on hieman isompi kuin naaras, ja sen kyhmy on my\u00f6s suhteessa isompi, muuten sukupuolet muistuttavat toisiaan. Nuoren linnun h\u00f6yhenet ovat harmahtavat ja nokka tummanharmaa, eik\u00e4 siin\u00e4 ole samanlaista kyhmy\u00e4 kuin aikuisilla linnuilla. Kyhmyjoutsen pit\u00e4\u00e4 pitk\u00e4\u00e4 kaulaansa tavallisesti S-mutkalla, kun taas muut&nbsp;<a href=\"https:\/\/fi.wikipedia.org\/wiki\/Suomi\">Suomessa<\/a>&nbsp;tavattavat joutsenlajit pit\u00e4v\u00e4t kaulaansa suorana. Lent\u00e4v\u00e4n kyhmyjoutsenen siivist\u00e4 kuuluu voimakas suhiseva \u00e4\u00e4ni, muuten linnun \u00e4\u00e4ntely rajoittuu sihin\u00e4\u00e4n ja murahteluun.<\/p>\n<p>Suomessa kyhmyjoutsenta tavataan rannikkoalueilla koko&nbsp;<a href=\"https:\/\/fi.wikipedia.org\/wiki\/Suomenlahti\">Suomenlahdella<\/a>, kaukana&nbsp;<a href=\"https:\/\/fi.wikipedia.org\/wiki\/Per%C3%A4meri\">Per\u00e4merell\u00e4<\/a>&nbsp;ja useilla sis\u00e4vesill\u00e4. Kanta Suomessa on varsin nuori, eik\u00e4 esihistoriallisia l\u00f6yt\u00f6j\u00e4 tunneta. Kyhmyjoutsenen t\u00e4rkeimpi\u00e4 pesim\u00e4alueita ovat lammet, j\u00e4rvet ja merenlahtien sek\u00e4 saariston matalat rantavedet. Kuten&nbsp;<a href=\"https:\/\/fi.wikipedia.org\/wiki\/Laulujoutsen\">laulujoutsenkin<\/a>, on kyhmyjoutsen aggressiivinen muita lintuja kohtaan. Pes\u00e4\u00e4 ja poikasiaan kyhmyjoutsenet suojelevat s\u00e4hisem\u00e4ll\u00e4 ja k\u00e4ytt\u00e4ytyen uhkailevasti, mihin liittyy my\u00f6s siipien pullistaminen &#8221;purjeeksi&#8221;.&nbsp;(kuva: Pekka Lehtonen)<\/p>\n<p><strong>Laulujoutsen <\/strong>S\u00e5ngsvan <em>Cygnus cygnus<\/em><\/p>\n<div id=\"attachment_12690\" style=\"width: 310px\" class=\"wp-caption alignnone\"><a href=\"https:\/\/www.merikarhut.fi\/wp-content\/uploads\/2018\/04\/Laulujoutsen.jpg\"><img loading=\"lazy\" decoding=\"async\" aria-describedby=\"caption-attachment-12690\" class=\"wp-image-12690 size-medium\" src=\"https:\/\/www.merikarhut.fi\/wp-content\/uploads\/2018\/04\/Laulujoutsen-300x218.jpg\" alt=\"\" width=\"300\" height=\"218\" srcset=\"https:\/\/www.merikarhut.fi\/wp-content\/uploads\/2018\/04\/Laulujoutsen-300x218.jpg 300w, https:\/\/www.merikarhut.fi\/wp-content\/uploads\/2018\/04\/Laulujoutsen-768x558.jpg 768w, https:\/\/www.merikarhut.fi\/wp-content\/uploads\/2018\/04\/Laulujoutsen-50x36.jpg 50w, https:\/\/www.merikarhut.fi\/wp-content\/uploads\/2018\/04\/Laulujoutsen-213x155.jpg 213w, https:\/\/www.merikarhut.fi\/wp-content\/uploads\/2018\/04\/Laulujoutsen.jpg 1000w\" sizes=\"auto, (max-width: 300px) 100vw, 300px\" \/><\/a><p id=\"caption-attachment-12690\" class=\"wp-caption-text\">Laulujoutsen<\/p><\/div>\n<p>Pituus 42-50 cm, siipien k\u00e4rkiv\u00e4li 75-87 cm. Laulujoutsen&nbsp;on Suomen kansallislintu. Vainon loputtua se on palannut v\u00e4hitellen Etel\u00e4-Suomen ja pesii s\u00e4\u00e4nn\u00f6llisesti my\u00f6s merialueilla.&nbsp; Sen&nbsp;<a href=\"https:\/\/fi.wikipedia.org\/wiki\/Nokka\" target=\"_blank\" rel=\"noopener\">nokka<\/a>&nbsp;on keltainen, eik\u00e4 nokan tyvess\u00e4 ole mustaa kyhmy\u00e4 toisin kuin&nbsp;<a href=\"https:\/\/fi.wikipedia.org\/wiki\/Kyhmyjoutsen\" target=\"_blank\" rel=\"noopener\">kyhmyjoutsenella<\/a>. Sen&nbsp;<a href=\"https:\/\/fi.wikipedia.org\/wiki\/Nokka\" target=\"_blank\" rel=\"noopener\">nokka<\/a>&nbsp;on keltainen, eik\u00e4 nokan tyvess\u00e4 ole mustaa kyhmy\u00e4 toisin kuin&nbsp;<a href=\"https:\/\/fi.wikipedia.org\/wiki\/Kyhmyjoutsen\" target=\"_blank\" rel=\"noopener\">kyhmyjoutsenella<\/a>. laulujoutsenet p\u00e4ihitt\u00e4v\u00e4t kyhmyjoutsenet reviiritaisteluissa ja moni aikaisempi kyhmyjoutsenreviiri merialueilla on siirtynyt laulujoutsenten haltuun. Laulujoutsenen huuto on voimakas ja kuuluva. Joutsenten poikaset ovat rusehtavia.<\/p>\n<p>Laulujoutsen sy\u00f6 p\u00e4\u00e4asiassa kasvisravintoa, jota se repii pitk\u00e4n kaulansa ja vahvan nokkansa avulla. Se k\u00e4ytt\u00e4\u00e4 ravinnokseen kuitenkin my\u00f6s pieni\u00e4 selk\u00e4rangattomia. <a href=\"https:\/\/fi.wikipedia.org\/wiki\/Pes%C3%A4\" target=\"_blank\" rel=\"noopener\">Pes\u00e4n<\/a>&nbsp;pari rakentaa pienelle luodolle tai matalikolle. Naaras munii 4\u20137 kermanvalkeaa&nbsp;<a href=\"https:\/\/fi.wikipedia.org\/wiki\/Muna\" target=\"_blank\" rel=\"noopener\">munaa<\/a>. Molemmat vanhemmat huolehtivat kes\u00e4ll\u00e4 syntyvist\u00e4 poikasista, jotka viett\u00e4v\u00e4t viel\u00e4 ensimm\u00e4isen talvenkin vanhempien kanssa. (kuva Pekka Lehtonen)<\/p>\n<p><strong>Hanhien muuttoparvi merell\u00e4<\/strong><\/p>\n<div id=\"attachment_12830\" style=\"width: 310px\" class=\"wp-caption alignnone\"><a href=\"https:\/\/www.merikarhut.fi\/wp-content\/uploads\/2018\/05\/Hanhien-kev\u00e4inen-muuttoparvi-Suomenlahdella.jpg\"><img loading=\"lazy\" decoding=\"async\" aria-describedby=\"caption-attachment-12830\" class=\"size-medium wp-image-12830\" src=\"https:\/\/www.merikarhut.fi\/wp-content\/uploads\/2018\/05\/Hanhien-kev\u00e4inen-muuttoparvi-Suomenlahdella-300x102.jpg\" alt=\"\" width=\"300\" height=\"102\" srcset=\"https:\/\/www.merikarhut.fi\/wp-content\/uploads\/2018\/05\/Hanhien-kev\u00e4inen-muuttoparvi-Suomenlahdella-300x102.jpg 300w, https:\/\/www.merikarhut.fi\/wp-content\/uploads\/2018\/05\/Hanhien-kev\u00e4inen-muuttoparvi-Suomenlahdella-768x260.jpg 768w, https:\/\/www.merikarhut.fi\/wp-content\/uploads\/2018\/05\/Hanhien-kev\u00e4inen-muuttoparvi-Suomenlahdella-50x17.jpg 50w, https:\/\/www.merikarhut.fi\/wp-content\/uploads\/2018\/05\/Hanhien-kev\u00e4inen-muuttoparvi-Suomenlahdella-217x74.jpg 217w, https:\/\/www.merikarhut.fi\/wp-content\/uploads\/2018\/05\/Hanhien-kev\u00e4inen-muuttoparvi-Suomenlahdella.jpg 1000w\" sizes=\"auto, (max-width: 300px) 100vw, 300px\" \/><\/a><p id=\"caption-attachment-12830\" class=\"wp-caption-text\">Hanhien kev\u00e4inen muuttoparvi Suomenlahdella<\/p><\/div>\n<p>Toukokuun lopulla merialueillamme tapaa valtavia hanhijoukkoja matkalla Siperiaan pesim\u00e4\u00e4n. Ilmi\u00f6t\u00e4 kutsutaan arktikaksi. Se on arktisten vesilintujen kev\u00e4inen tai syksyinen muuttotapahtuma, jota lintuharrastajat kokoontuvat seuraamaan esimerkiksi Suomen etel\u00e4iselle ja kaakkoiselle rannikkoalueelle. &nbsp;Sadat tuhannet valkoposki- ja sepelhanhet matkaavat \u00e4\u00e4nekk\u00e4in\u00e4 parvina toukokuussa. Valkoposkihanhet \u201dhaukkuvat\u201d ja sepelhanhet \u201dmurisevat\u201d lent\u00e4ess\u00e4\u00e4n. (kuva Pekka Lehtonen)<\/p>\n<p><strong>Kanadanhanhi <\/strong>Kanadag\u00e5s <em>Branta canadensis<\/em><strong><br \/>\n<\/strong><\/p>\n<div id=\"attachment_12434\" style=\"width: 310px\" class=\"wp-caption alignnone\"><a href=\"https:\/\/www.merikarhut.fi\/wp-content\/uploads\/2018\/04\/Kanadanhanhi-PL.jpg\"><img loading=\"lazy\" decoding=\"async\" aria-describedby=\"caption-attachment-12434\" class=\" wp-image-12434\" src=\"https:\/\/www.merikarhut.fi\/wp-content\/uploads\/2018\/04\/Kanadanhanhi-PL-300x289.jpg\" alt=\"\" width=\"300\" height=\"289\" srcset=\"https:\/\/www.merikarhut.fi\/wp-content\/uploads\/2018\/04\/Kanadanhanhi-PL-300x289.jpg 300w, https:\/\/www.merikarhut.fi\/wp-content\/uploads\/2018\/04\/Kanadanhanhi-PL-768x740.jpg 768w, https:\/\/www.merikarhut.fi\/wp-content\/uploads\/2018\/04\/Kanadanhanhi-PL-50x48.jpg 50w, https:\/\/www.merikarhut.fi\/wp-content\/uploads\/2018\/04\/Kanadanhanhi-PL-161x155.jpg 161w, https:\/\/www.merikarhut.fi\/wp-content\/uploads\/2018\/04\/Kanadanhanhi-PL.jpg 1000w\" sizes=\"auto, (max-width: 300px) 100vw, 300px\" \/><\/a><p id=\"caption-attachment-12434\" class=\"wp-caption-text\">Kanadanhanhi<\/p><\/div>\n<p>Pituus 90-105 cm, siipien k\u00e4rkiv\u00e4li 160-185 cm. Kanadanhanhi poikkeaa muista hanhista siten, ett\u00e4 sill\u00e4 on musta p\u00e4\u00e4 ja kaula sek\u00e4 valkea leuanalus. Vartalo on p\u00e4\u00e4lt\u00e4 harmaanruskea ja alta vaalea. Valkoinen yl\u00e4per\u00e4 erottuu selv\u00e4sti. Kanadanhanhi on Suomessa tavattavista hanhilajeista suurin.&nbsp; Kanadanhanhi sekoitetaan usein&nbsp;<a href=\"https:\/\/fi.wikipedia.org\/wiki\/Valkoposkihanhi\" target=\"_blank\" rel=\"noopener\">valkoposkihanheen<\/a>, mutta huomattavasti suuremmalla kanadanhanhella on harmaanruskea ruumis, vain v\u00e4h\u00e4n valkoista poskilla eik\u00e4 laisinkaan otsalla tai silmien ymp\u00e4rill\u00e4, ja rinta on valkea. Pienet poikaset ovat untuvapeitteisi\u00e4 ja v\u00e4rilt\u00e4\u00e4n keltaisen ja vaaleanruskean kirjavia. Kasvaessaan ne muuttuvat tummanharmaiksi, ja syksyll\u00e4 ne ovat jo samann\u00e4k\u00f6isi\u00e4 kuin aikuiset yksil\u00f6t. Kanadanhanhen&nbsp;lento\u00e4\u00e4ni on trumpettimainen, <a href=\"https:\/\/fi.wikipedia.org\/wiki\/Laulujoutsen\" target=\"_blank\" rel=\"noopener\">joutsenmainen<\/a> honkotus. Varoitus\u00e4\u00e4ni on karhea \u201dKAR-RAK\u201d, jonka tapainen on my\u00f6s yhteydenpito\u00e4\u00e4ni. Soidinaikana voi kuulla syv\u00e4n \u201drak-ruk-ruk\u201d-honkotuksen.<\/p>\n<p>Pohjoismaiden kanadanhanhikanta polveutuu vain 3\u20135 yksil\u00f6st\u00e4, jotka tuotiin Etel\u00e4-<a href=\"https:\/\/fi.wikipedia.org\/wiki\/Ruotsi\" target=\"_blank\" rel=\"noopener\">Ruotsiin<\/a> vuoden 1930 tienoilla. Lajin istuttaminen Suomeen aloitettiin 1960-luvun alussa. Parhaiten kanadanhanhet viihtyv\u00e4t saarilla ja rauhallisilla meren- ja j\u00e4rvenrannoilla. Kanadanhanhen pes\u00e4 on tehty erilaisista kasvinosista, ja se sijaitsee rantaviivan tuntumassa,&nbsp;piilossa kasvillisuuden seassa. Kanadanhanhet ovat enimm\u00e4kseen kasvinsy\u00f6ji\u00e4. Ne sy\u00f6v\u00e4t sek\u00e4 matalassa vedess\u00e4 kasvavia vesikasveja ett\u00e4 mehevi\u00e4 ruohokasveja, kuten hein\u00e4\u00e4 ja apilaa, kuivalta maalta. (kuva Pekka Lehtonen)<\/p>\n<p><strong>Merihanhi <\/strong>Gr\u00e5g\u00e5s <em>Anser anser<\/em><strong><br \/>\n<\/strong><\/p>\n<div id=\"attachment_12833\" style=\"width: 310px\" class=\"wp-caption alignnone\"><a href=\"https:\/\/www.merikarhut.fi\/wp-content\/uploads\/2018\/05\/Merihanhi.jpg\"><img loading=\"lazy\" decoding=\"async\" aria-describedby=\"caption-attachment-12833\" class=\"size-medium wp-image-12833\" src=\"https:\/\/www.merikarhut.fi\/wp-content\/uploads\/2018\/05\/Merihanhi-300x189.jpg\" alt=\"\" width=\"300\" height=\"189\" srcset=\"https:\/\/www.merikarhut.fi\/wp-content\/uploads\/2018\/05\/Merihanhi-300x189.jpg 300w, https:\/\/www.merikarhut.fi\/wp-content\/uploads\/2018\/05\/Merihanhi-768x483.jpg 768w, https:\/\/www.merikarhut.fi\/wp-content\/uploads\/2018\/05\/Merihanhi-1024x644.jpg 1024w, https:\/\/www.merikarhut.fi\/wp-content\/uploads\/2018\/05\/Merihanhi-50x31.jpg 50w, https:\/\/www.merikarhut.fi\/wp-content\/uploads\/2018\/05\/Merihanhi-217x137.jpg 217w, https:\/\/www.merikarhut.fi\/wp-content\/uploads\/2018\/05\/Merihanhi.jpg 1500w\" sizes=\"auto, (max-width: 300px) 100vw, 300px\" \/><\/a><p id=\"caption-attachment-12833\" class=\"wp-caption-text\">Merihanhi<\/p><\/div>\n<p>Pituus 74\u201384&nbsp;cm, siipien k\u00e4rkiv\u00e4li 149-168&nbsp;cm. Merihanhi on suurikokoinen harmahtava hanhi, jolla on iso p\u00e4\u00e4 ja kolmiomainen aprikoosinv\u00e4rinen nokka. Koivet ovat vaaleanpunaiset. Merihanhen silm\u00e4n v\u00e4rikalvo (iiris) on ruskea. Siiven vaaleanharmaa etuosa on lent\u00e4v\u00e4n linnun hyv\u00e4 tuntomerkki. Merihanhi lent\u00e4\u00e4 melko verkkaisin siiveniskuin ja ui hanhimaisesti per\u00e4puoli koholla \u00c4\u00e4ni on voimakas, kime\u00e4hk\u00f6 ja k\u00e4he\u00e4hk\u00f6 kaakatus. Parvet, joissa on enimmill\u00e4\u00e4n 30\u201340 lintua, lent\u00e4v\u00e4t matkalennossa mielell\u00e4\u00e4n auroina tai vinorintamina. Loppukes\u00e4ll\u00e4 hanhet ker\u00e4\u00e4ntyv\u00e4t suuriksi parviksi sek\u00e4&nbsp;<a href=\"https:\/\/fi.wikipedia.org\/wiki\/Sulkasato\" target=\"_blank\" rel=\"noopener\">sulkimaan<\/a>&nbsp;ett\u00e4 ruokailemaan sopiville merenlahdille.<\/p>\n<p>Meill\u00e4 pesiv\u00e4n\u00e4 It\u00e4meren saaristossa ja rannikoilla. Pesii tavallisesti osittain mets\u00e4peitteisill\u00e4 pienehk\u00f6ill\u00e4 luodoilla, usein lokkiyhdyskunnissa. Ravinto on p\u00e4\u00e4asiassa ruohoa, jota laiduntaa matalien karien ruohostoissa ja rantaniityill\u00e4. Etsii ravintoa vain harvoin vedest\u00e4, jolloin sy\u00f6 p\u00e4\u00e4asiassa levi\u00e4. (kuva: Martti Per\u00e4m\u00e4ki)<\/p>\n<p><strong>Mets\u00e4hanhi <\/strong>S\u00e4dg\u00e5s <em>Anser fabalis<\/em><strong><br \/>\n<\/strong><\/p>\n<div id=\"attachment_12834\" style=\"width: 310px\" class=\"wp-caption alignnone\"><a href=\"https:\/\/www.merikarhut.fi\/wp-content\/uploads\/2018\/05\/Mets\u00e4hanhi.jpg\"><img loading=\"lazy\" decoding=\"async\" aria-describedby=\"caption-attachment-12834\" class=\"size-medium wp-image-12834\" src=\"https:\/\/www.merikarhut.fi\/wp-content\/uploads\/2018\/05\/Mets\u00e4hanhi-300x161.jpg\" alt=\"\" width=\"300\" height=\"161\" srcset=\"https:\/\/www.merikarhut.fi\/wp-content\/uploads\/2018\/05\/Mets\u00e4hanhi-300x161.jpg 300w, https:\/\/www.merikarhut.fi\/wp-content\/uploads\/2018\/05\/Mets\u00e4hanhi-768x411.jpg 768w, https:\/\/www.merikarhut.fi\/wp-content\/uploads\/2018\/05\/Mets\u00e4hanhi-1024x549.jpg 1024w, https:\/\/www.merikarhut.fi\/wp-content\/uploads\/2018\/05\/Mets\u00e4hanhi-50x27.jpg 50w, https:\/\/www.merikarhut.fi\/wp-content\/uploads\/2018\/05\/Mets\u00e4hanhi-217x116.jpg 217w, https:\/\/www.merikarhut.fi\/wp-content\/uploads\/2018\/05\/Mets\u00e4hanhi.jpg 1499w\" sizes=\"auto, (max-width: 300px) 100vw, 300px\" \/><\/a><p id=\"caption-attachment-12834\" class=\"wp-caption-text\">Mets\u00e4hanhi<\/p><\/div>\n<p>Pituus 69\u201388&nbsp;cm, siipien k\u00e4rkiv\u00e4li 140-174&nbsp;cm. Mets\u00e4hanhia voi tavata merell\u00e4 ainoastaan muuttoaikoina huhti-toukokuussa ja syys-lokakuussa. Mets\u00e4hanhen yleisv\u00e4ri on harmaanruskea, p\u00e4\u00e4 on tummempi ja valkeassa pyrst\u00f6ss\u00e4 on tumma k\u00e4rkivy\u00f6. Sen nokka on pitk\u00e4, tyvest\u00e4 musta ja k\u00e4rjest\u00e4 keltainen. Jalat ovat oranssinkeltaiset. Lento\u00e4\u00e4ni on nen\u00e4sointinen ka-gia, ga-ga-gia \/ ka-ga-ga, ka-ga. Yhteys\u00e4\u00e4ni matala tj\u00f6-tj\u00f6, tj\u00f6-tj\u00f6-tj\u00f6t. Suomalaiset mets\u00e4hanhet talvehtivat Keski- ja L\u00e4nsi-Euroopassa. Luoteis-Ven\u00e4j\u00e4n mets\u00e4hanhia muuttaa Suomen etel\u00e4osien yli arviolta 40&nbsp;000\u201360&nbsp;000 yksil\u00f6\u00e4.&nbsp;(kuva: Martti Per\u00e4m\u00e4ki)<\/p>\n<p><strong>Sepelhanhi <\/strong>Prutg\u00e5s <em>Branta bernicla<\/em><\/p>\n<p>Pituus 55-62&nbsp;cm, siipien k\u00e4rkiv\u00e4li 105-117&nbsp;cm. Muuttoaikoina tavataan meri- ja j\u00e4rvialueilla. Kev\u00e4tmuutto tapahtuu toukokuussa, jolloin Suomenlahden yli muuttaa muutamassa p\u00e4iv\u00e4ss\u00e4 l\u00e4hes koko Euroopassa talvehtinut populaatio. Usein ne muuttavat Siperiaan matkaavien valkoposkihanhien kanssa. Sepelhanhi on pieni ja lyhytnokkainen hanhi, jonka h\u00f6yhenpeite on mustanruskean ja valkean kirjava. P\u00e4\u00e4 ja rinta mustat, kaulassa valkea sepel. Selk\u00e4 harmaa, kupeet vaaleanharmahtavat. Alaper\u00e4 on puhtaan valkoinen ja varsinainen pyrst\u00f6 hyvin lyhyt. Pyrst\u00f6n avulla sen voi erottaa mm.&nbsp;<a href=\"https:\/\/fi.wikipedia.org\/wiki\/Merihanhi\" target=\"_blank\" rel=\"noopener\">merihanhesta<\/a>&nbsp;ja&nbsp;<a href=\"https:\/\/fi.wikipedia.org\/wiki\/Valkoposkihanhi\" target=\"_blank\" rel=\"noopener\">valkoposkihanhesta<\/a>. Syysmuutto tapahtuu pitemm\u00e4n ajan kuluessa syys-lokakuussa, eik\u00e4 kev\u00e4tmuuttoon verrattavaa massatapahtumaa esiinny.<\/p>\n<p><strong>Valkoposkihanhi <\/strong>Vitkindad g\u00e5s <em>Branta leucopsis<\/em><strong><br \/>\n<\/strong><\/p>\n<div id=\"attachment_12835\" style=\"width: 310px\" class=\"wp-caption alignnone\"><a href=\"https:\/\/www.merikarhut.fi\/wp-content\/uploads\/2018\/05\/Valkoposkihanhi-PL.jpg\"><img loading=\"lazy\" decoding=\"async\" aria-describedby=\"caption-attachment-12835\" class=\"size-medium wp-image-12835\" src=\"https:\/\/www.merikarhut.fi\/wp-content\/uploads\/2018\/05\/Valkoposkihanhi-PL-300x238.jpg\" alt=\"\" width=\"300\" height=\"238\" srcset=\"https:\/\/www.merikarhut.fi\/wp-content\/uploads\/2018\/05\/Valkoposkihanhi-PL-300x238.jpg 300w, https:\/\/www.merikarhut.fi\/wp-content\/uploads\/2018\/05\/Valkoposkihanhi-PL-768x610.jpg 768w, https:\/\/www.merikarhut.fi\/wp-content\/uploads\/2018\/05\/Valkoposkihanhi-PL-50x40.jpg 50w, https:\/\/www.merikarhut.fi\/wp-content\/uploads\/2018\/05\/Valkoposkihanhi-PL-195x155.jpg 195w, https:\/\/www.merikarhut.fi\/wp-content\/uploads\/2018\/05\/Valkoposkihanhi-PL.jpg 1000w\" sizes=\"auto, (max-width: 300px) 100vw, 300px\" \/><\/a><p id=\"caption-attachment-12835\" class=\"wp-caption-text\">Valkoposkihanhi<\/p><\/div>\n<p>Pituus 58-70&nbsp;cm, siipien k\u00e4rkiv\u00e4li 120-142&nbsp;cm. Valkoposkihanhi on hyvin typ\u00e4kk\u00e4 keskikokoinen hanhi.&nbsp;Kaula on suhteellisen lyhyt ja voimakas, p\u00e4\u00e4 py\u00f6ristynyt ja&nbsp;<a href=\"https:\/\/fi.wikipedia.org\/wiki\/Nokka\" target=\"_blank\" rel=\"noopener\">nokka<\/a>&nbsp;pienikokoinen. Rinta, kaula ja p\u00e4\u00e4 ovat mustat, mutta mustan alueen keskell\u00e4 kurkun, korvanpeitinh\u00f6yhenten ja otsan kohdalla on yhten\u00e4inen valkoinen alue. Ohjas ja nokka ovat mustat.&nbsp;Sukupuolet ovat samann\u00e4k\u00f6iset, mutta koiras on hieman naarasta suurempi. <a href=\"https:\/\/fi.wikipedia.org\/wiki\/Kanadanhanhi\" target=\"_blank\" rel=\"noopener\">Kanadanhanhesta<\/a>&nbsp;valkoposkihanhi eroaa muun muassa pienemm\u00e4n kokonsa ja v\u00e4rityksen puolesta; kanadanhanhella ei ole mustaa rintaa ja valkoista otsaa.<\/p>\n<p>Valkoposkihanhi on \u00e4\u00e4nek\u00e4s lintu ja sen nen\u00e4sointinen, kime\u00e4, yksitavuinen \u201dka\u201d-\u00e4\u00e4ni kuuluu usein erikorkuisina \u00e4\u00e4ntelev\u00e4st\u00e4 parvesta.&nbsp;\u00c4\u00e4ni voi muistuttaa pienen koiran haukahduksia. &nbsp;Valkoposkihanhi pesii pieniss\u00e4, mutta usein tiiviss\u00e4 koloniassa jossa on 5\u201350 paria, mutta joskus yksin\u00e4\u00e4nkin tai jopa 150 parin kolonioissa. Se k\u00e4ytt\u00e4\u00e4 samaa pesim\u00e4paikkaa vuosi toisensa j\u00e4lkeen ja saattaa joskus pesi\u00e4 my\u00f6s merilintujen seassa. Valkoposkihanhet puolustavat pesimisalueitaan voimakkaasti hy\u00f6k\u00e4ten jopa ihmisen kimppuun, joka l\u00e4hestyy se pes\u00e4\u00e4. (kuva Pekka Lehtonen)<\/p>\n","protected":false},"excerpt":{"rendered":"<p>Kyhmyjoutsen&nbsp;&nbsp; Kn\u00f6lsvan&nbsp;&nbsp; Cygnus olor Pituus 140-160 cm, siipien k\u00e4rkiv\u00e4li 200-240 cm. Kyhmyjoutsen on yksi suurimmista lent\u00e4vist\u00e4 linnuista, se voi painaa yli 15 kg. Kyhmyjoutsenen h\u00f6yhenpeite on hohtavan valkoinen. Eri joutsenlajit voi erottaa toisistaan nokan perusteella; kyhmyjoutsenen nokka on punertavan oranssi ja kyhmy musta. Koiras on hieman isompi kuin naaras, ja sen kyhmy on my\u00f6s suhteessa&#8230;<\/p>\n<p><a class=\"moretag\" href=\"https:\/\/www.merikarhut.fi\/sv\/segling-och-hamnar\/vastuullisuus\/lintuatlas\/joutsenet-ja-hanhet\/\">L\u00e4s mera \u2192<\/a><\/p>\n","protected":false},"author":1,"featured_media":0,"parent":43095,"menu_order":0,"comment_status":"closed","ping_status":"closed","template":"","meta":{"_acf_changed":false,"_bbp_topic_count":0,"_bbp_reply_count":0,"_bbp_total_topic_count":0,"_bbp_total_reply_count":0,"_bbp_voice_count":0,"_bbp_anonymous_reply_count":0,"_bbp_topic_count_hidden":0,"_bbp_reply_count_hidden":0,"_bbp_forum_subforum_count":0,"ngg_post_thumbnail":0,"footnotes":""},"class_list":["post-43105","page","type-page","status-publish","hentry"],"acf":[],"_links":{"self":[{"href":"https:\/\/www.merikarhut.fi\/sv\/wp-json\/wp\/v2\/pages\/43105","targetHints":{"allow":["GET"]}}],"collection":[{"href":"https:\/\/www.merikarhut.fi\/sv\/wp-json\/wp\/v2\/pages"}],"about":[{"href":"https:\/\/www.merikarhut.fi\/sv\/wp-json\/wp\/v2\/types\/page"}],"author":[{"embeddable":true,"href":"https:\/\/www.merikarhut.fi\/sv\/wp-json\/wp\/v2\/users\/1"}],"replies":[{"embeddable":true,"href":"https:\/\/www.merikarhut.fi\/sv\/wp-json\/wp\/v2\/comments?post=43105"}],"version-history":[{"count":1,"href":"https:\/\/www.merikarhut.fi\/sv\/wp-json\/wp\/v2\/pages\/43105\/revisions"}],"predecessor-version":[{"id":43106,"href":"https:\/\/www.merikarhut.fi\/sv\/wp-json\/wp\/v2\/pages\/43105\/revisions\/43106"}],"up":[{"embeddable":true,"href":"https:\/\/www.merikarhut.fi\/sv\/wp-json\/wp\/v2\/pages\/43095"}],"wp:attachment":[{"href":"https:\/\/www.merikarhut.fi\/sv\/wp-json\/wp\/v2\/media?parent=43105"}],"curies":[{"name":"wp","href":"https:\/\/api.w.org\/{rel}","templated":true}]}}