{"id":43095,"date":"2018-04-17T14:40:15","date_gmt":"2018-04-17T11:40:15","guid":{"rendered":"https:\/\/merikarhut.dataseed.fi\/merella-ja-satamissa-svenska\/vastuullisuus\/lintuatlas\/"},"modified":"2025-05-23T09:29:12","modified_gmt":"2025-05-23T06:29:12","slug":"lintuatlas","status":"publish","type":"page","link":"https:\/\/www.merikarhut.fi\/sv\/segling-och-hamnar\/vastuullisuus\/lintuatlas\/","title":{"rendered":"Hj\u00e4lp vid f\u00e5gelobservationer"},"content":{"rendered":"<h4><strong>Sj\u00f6bj\u00f6rnarnas lilla f\u00e5gelatlas<\/strong><\/h4>\n<p>Den lilla f\u00e5gelatlassen \u00e4r ett bildmaterial som syftar till att \u00f6ka sj\u00f6bj\u00f6rnarnas kunskap om f\u00e5glar i v\u00e5ra havsomr\u00e5den och att underl\u00e4tta deras identifiering. Genom att bl\u00e4ddra bland bilderna kan du k\u00e4nna igen f\u00e5glar du sett, och texterna till varje art inneh\u00e5ller information om f\u00e5gelns storlek, k\u00e4nnetecken, l\u00e4te och levnadss\u00e4tt.<br \/>\nOBS! Artbeskrivningarna finns tills vidare endast p\u00e5 finska \u2013 frivilliga ornitologer med goda kunskaper i svenska \u00e4r varmt v\u00e4lkomna att bidra till \u00f6vers\u00e4ttningsarbetet!<\/p>\n<p>F\u00f6r att underl\u00e4tta s\u00f6kningen \u00e4r sidorna indelade i underrubriker som vattenf\u00e5glar, sm\u00e5f\u00e5glar, rovf\u00e5glar osv. Genom att klicka p\u00e5 en bild kan du se en st\u00f6rre version.<\/p>\n<p>&nbsp;<\/p>\n","protected":false},"excerpt":{"rendered":"<p>Sj\u00f6bj\u00f6rnarnas lilla f\u00e5gelatlas Den lilla f\u00e5gelatlassen \u00e4r ett bildmaterial som syftar till att \u00f6ka sj\u00f6bj\u00f6rnarnas kunskap om f\u00e5glar i v\u00e5ra havsomr\u00e5den och att underl\u00e4tta deras identifiering. Genom att bl\u00e4ddra bland bilderna kan du k\u00e4nna igen f\u00e5glar du sett, och texterna till varje art inneh\u00e5ller information om f\u00e5gelns storlek, k\u00e4nnetecken, l\u00e4te och levnadss\u00e4tt. OBS! Artbeskrivningarna finns&#8230;<\/p>\n<p><a class=\"moretag\" href=\"https:\/\/www.merikarhut.fi\/sv\/segling-och-hamnar\/vastuullisuus\/lintuatlas\/\">L\u00e4s mera \u2192<\/a><\/p>\n","protected":false},"author":1,"featured_media":0,"parent":43091,"menu_order":0,"comment_status":"closed","ping_status":"closed","template":"","meta":{"_acf_changed":false,"_bbp_topic_count":0,"_bbp_reply_count":0,"_bbp_total_topic_count":0,"_bbp_total_reply_count":0,"_bbp_voice_count":0,"_bbp_anonymous_reply_count":0,"_bbp_topic_count_hidden":0,"_bbp_reply_count_hidden":0,"_bbp_forum_subforum_count":0,"ngg_post_thumbnail":0,"footnotes":""},"class_list":["post-43095","page","type-page","status-publish","hentry"],"acf":[],"_links":{"self":[{"href":"https:\/\/www.merikarhut.fi\/sv\/wp-json\/wp\/v2\/pages\/43095","targetHints":{"allow":["GET"]}}],"collection":[{"href":"https:\/\/www.merikarhut.fi\/sv\/wp-json\/wp\/v2\/pages"}],"about":[{"href":"https:\/\/www.merikarhut.fi\/sv\/wp-json\/wp\/v2\/types\/page"}],"author":[{"embeddable":true,"href":"https:\/\/www.merikarhut.fi\/sv\/wp-json\/wp\/v2\/users\/1"}],"replies":[{"embeddable":true,"href":"https:\/\/www.merikarhut.fi\/sv\/wp-json\/wp\/v2\/comments?post=43095"}],"version-history":[{"count":5,"href":"https:\/\/www.merikarhut.fi\/sv\/wp-json\/wp\/v2\/pages\/43095\/revisions"}],"predecessor-version":[{"id":44531,"href":"https:\/\/www.merikarhut.fi\/sv\/wp-json\/wp\/v2\/pages\/43095\/revisions\/44531"}],"up":[{"embeddable":true,"href":"https:\/\/www.merikarhut.fi\/sv\/wp-json\/wp\/v2\/pages\/43091"}],"wp:attachment":[{"href":"https:\/\/www.merikarhut.fi\/sv\/wp-json\/wp\/v2\/media?parent=43095"}],"curies":[{"name":"wp","href":"https:\/\/api.w.org\/{rel}","templated":true}]}}