{"id":43093,"date":"2025-01-08T14:57:39","date_gmt":"2025-01-08T12:57:39","guid":{"rendered":"https:\/\/merikarhut.dataseed.fi\/merella-ja-satamissa-svenska\/matkapurjehdus\/"},"modified":"2025-06-19T14:07:05","modified_gmt":"2025-06-19T11:07:05","slug":"matkapurjehdus","status":"publish","type":"page","link":"https:\/\/www.merikarhut.fi\/sv\/segling-och-hamnar\/matkapurjehdus\/","title":{"rendered":"L\u00e5ngf\u00e4rdsegling"},"content":{"rendered":"\n<blockquote>\n<p>Eskadersegling \u00e4r den mest gemenskapsfr\u00e4mjande formen av segling.&nbsp;<\/p>\n<\/blockquote>\n<p data-ccp-props=\"{&quot;335551550&quot;:1,&quot;335551620&quot;:1,&quot;335559683&quot;:0,&quot;335559685&quot;:0,&quot;335559731&quot;:0,&quot;335559737&quot;:0,&quot;335562764&quot;:2,&quot;335562765&quot;:1,&quot;335562766&quot;:4,&quot;335562767&quot;:0,&quot;335562768&quot;:4,&quot;335562769&quot;:0}\">Sj\u00f6bj\u00f6rnarna ordnar en eskadersegling vartannat \u00e5r. M\u00e5let f\u00f6r eskadern publiceras i slutet av f\u00f6reg\u00e5ende \u00e5r, och anm\u00e4lningarna sker i b\u00f6rjan av eskader\u00e5ret.<\/p>\n<blockquote>\n<p>Eskadern \u00e4r ett tryggt och bra s\u00e4tt att uppt\u00e4cka nya platser.<\/p>\n<\/blockquote>\n<p>Ut\u00f6ver detta ordnas \u00e4ven seglartr\u00e4ffar och mini-eskadrar. M\u00f6tesplatserna v\u00e4ljs inom \u00d6stersj\u00f6omr\u00e5det och f\u00f6rl\u00e4ggs till semesterperioden. I evenemangskalendern anges plats och tidpunkt \u2013 de sj\u00f6bj\u00f6rnsb\u00e5tar som deltar ordnar sj\u00e4lva sitt program och trevliga kv\u00e4llssammankomster enligt egna \u00f6nskem\u00e5l.<\/p>\n<p>Sj\u00f6bj\u00f6rnarna har ocks\u00e5 en hel upps\u00e4ttning olika seglingsm\u00e4rken och vandringspriser som uppmuntrar till l\u00e5ngf\u00e4rdssegling \u2013 mer information och ans\u00f6kningsanvisningar finns p\u00e5 medlemssidorna!<\/p>\n<p>&nbsp;<\/p>\n\n\n","protected":false},"excerpt":{"rendered":"<p>Eskadersegling \u00e4r den mest gemenskapsfr\u00e4mjande formen av segling.&nbsp; Sj\u00f6bj\u00f6rnarna ordnar en eskadersegling vartannat \u00e5r. M\u00e5let f\u00f6r eskadern publiceras i slutet av f\u00f6reg\u00e5ende \u00e5r, och anm\u00e4lningarna sker i b\u00f6rjan av eskader\u00e5ret. Eskadern \u00e4r ett tryggt och bra s\u00e4tt att uppt\u00e4cka nya platser. Ut\u00f6ver detta ordnas \u00e4ven seglartr\u00e4ffar och mini-eskadrar. M\u00f6tesplatserna v\u00e4ljs inom \u00d6stersj\u00f6omr\u00e5det och f\u00f6rl\u00e4ggs till&#8230;<\/p>\n<p><a class=\"moretag\" href=\"https:\/\/www.merikarhut.fi\/sv\/segling-och-hamnar\/matkapurjehdus\/\">L\u00e4s mera \u2192<\/a><\/p>\n","protected":false},"author":1,"featured_media":0,"parent":39885,"menu_order":0,"comment_status":"closed","ping_status":"closed","template":"","meta":{"_acf_changed":false,"_bbp_topic_count":0,"_bbp_reply_count":0,"_bbp_total_topic_count":0,"_bbp_total_reply_count":0,"_bbp_voice_count":0,"_bbp_anonymous_reply_count":0,"_bbp_topic_count_hidden":0,"_bbp_reply_count_hidden":0,"_bbp_forum_subforum_count":0,"ngg_post_thumbnail":0,"footnotes":""},"class_list":["post-43093","page","type-page","status-publish","hentry"],"acf":[],"_links":{"self":[{"href":"https:\/\/www.merikarhut.fi\/sv\/wp-json\/wp\/v2\/pages\/43093","targetHints":{"allow":["GET"]}}],"collection":[{"href":"https:\/\/www.merikarhut.fi\/sv\/wp-json\/wp\/v2\/pages"}],"about":[{"href":"https:\/\/www.merikarhut.fi\/sv\/wp-json\/wp\/v2\/types\/page"}],"author":[{"embeddable":true,"href":"https:\/\/www.merikarhut.fi\/sv\/wp-json\/wp\/v2\/users\/1"}],"replies":[{"embeddable":true,"href":"https:\/\/www.merikarhut.fi\/sv\/wp-json\/wp\/v2\/comments?post=43093"}],"version-history":[{"count":5,"href":"https:\/\/www.merikarhut.fi\/sv\/wp-json\/wp\/v2\/pages\/43093\/revisions"}],"predecessor-version":[{"id":45380,"href":"https:\/\/www.merikarhut.fi\/sv\/wp-json\/wp\/v2\/pages\/43093\/revisions\/45380"}],"up":[{"embeddable":true,"href":"https:\/\/www.merikarhut.fi\/sv\/wp-json\/wp\/v2\/pages\/39885"}],"wp:attachment":[{"href":"https:\/\/www.merikarhut.fi\/sv\/wp-json\/wp\/v2\/media?parent=43093"}],"curies":[{"name":"wp","href":"https:\/\/api.w.org\/{rel}","templated":true}]}}