{"id":43091,"date":"2025-01-08T14:55:21","date_gmt":"2025-01-08T12:55:21","guid":{"rendered":"https:\/\/merikarhut.dataseed.fi\/merella-ja-satamissa-svenska\/vastuullisuus\/"},"modified":"2026-02-04T22:48:17","modified_gmt":"2026-02-04T20:48:17","slug":"vastuullisuus","status":"publish","type":"page","link":"https:\/\/www.merikarhut.fi\/sv\/segling-och-hamnar\/vastuullisuus\/","title":{"rendered":"Samh\u00e4llsansvar hos Sj\u00f6bj\u00f6rnarna"},"content":{"rendered":"\n<p><strong>Merikarhut-Sj\u00f6bj\u00f6rnarna ry<\/strong>&nbsp;fr\u00e4mjar h\u00e5llbart b\u00e5tliv och milj\u00f6v\u00e4nliga verksamhetss\u00e4tt. V\u00e5rt <a href=\"https:\/\/www.merikarhut.fi\/sv\/segling-och-hamnar\/vastuullisuus\/ymparistoohjelma\/\">milj\u00f6program<\/a> styr b\u00e5de f\u00f6reningens verksamhet och medlemmarnas beslut till sj\u00f6ss.<\/p>\n<p>Samh\u00e4llsansvaret inom Sj\u00f6bj\u00f6rnarna omfattar inte bara milj\u00f6\u00e5tg\u00e4rder utan \u00e4ven gott sj\u00f6manskap, s\u00e4kerhet och respekt f\u00f6r andra b\u00e5tfarare. En sj\u00f6bj\u00f6rnsskeppare ansvarar f\u00f6r navigeringen, b\u00e5ten och bes\u00e4ttningen i alla situationer. V\u00e5ra <a href=\"https:\/\/www.merikarhut.fi\/sv\/merella-ja-satamissa-svenska\/toimintaohjeistukset\/\">verksamhetsanvisningar och allm\u00e4nna riktlinjer<\/a> s\u00e4kerst\u00e4ller trivsel och trygghet i sj\u00f6bj\u00f6rnshamnarna. Den gr\u00f6na flaggan f\u00f6rpliktar till ansvarsfullt beteende vid Sj\u00f6bj\u00f6rnarnas evenemang samt n\u00e4r medlemmarna r\u00f6r sig till sj\u00f6ss och i hamnar.<\/p>\n<p>Sj\u00f6bj\u00f6rnarna tar ansvar f\u00f6r att bevara den levande sk\u00e4rg\u00e5rden och sk\u00e4rg\u00e5rdsupplevelserna \u00e4ven f\u00f6r kommande generationer.&nbsp;F\u00f6r att f\u00f6rverkliga detta v\u00e4lkomnar vi nya medlemmar till sj\u00f6bj\u00f6rnarnas verksamhet och str\u00e4var genom introduktion att s\u00e4kerst\u00e4lla att alla redan fr\u00e5n b\u00f6rjan k\u00e4nner sig trygga och bekv\u00e4ma med att agera som sj\u00f6bj\u00f6rnar.<\/p>\n<p>Sj\u00f6bj\u00f6rnarna satsar p\u00e5 underh\u00e5llet av sina hamnar och fastigheter f\u00f6r att s\u00e4kerst\u00e4lla deras l\u00e5nga livscykel. Bojar inspekteras regelbundet, bryggor underh\u00e5lls aktivt och brandsl\u00e4ckningsutrustning kontrolleras av hamnansvariga. Hj\u00e4rtstartare har inf\u00f6rskaffats till flera platser f\u00f6r att f\u00f6rb\u00e4ttra beredskapen vid n\u00f6dsituationer.<\/p>\n<p>P\u00e5 \u00f6arna samordnas underh\u00e5llet av utsedda hamnansvariga, men st\u00f6rsta delen av underh\u00e5lls- och reparationsarbetet g\u00f6rs genom talkoarbete. N\u00e4r externa tj\u00e4nster beh\u00f6vs, prioriteras lokala akt\u00f6rer f\u00f6r att st\u00f6dja sk\u00e4rg\u00e5rdens livskraft.<\/p>\n<p>Vi samarbetar med akt\u00f6rer inom b\u00e5tbranschen och milj\u00f6organisationer, f\u00f6ljer forskning inom omr\u00e5det och deltar i diskussionen om framtidens b\u00e5tliv. Medlemskap i Sj\u00f6bj\u00f6rnarna inneb\u00e4r inte att individens ansvar f\u00f6r h\u00e5llbarhetsarbete delegeras bort, utan alla f\u00f6rv\u00e4ntas vara aktiva. Till exempel uppmuntrar samarbetet med <strong>H\u00e5ll Sk\u00e4rg\u00e5rden Ren rf<\/strong> medlemmar att bli personliga medlemmar i organisationen.<\/p>\n","protected":false},"excerpt":{"rendered":"<p>Merikarhut-Sj\u00f6bj\u00f6rnarna ry&nbsp;fr\u00e4mjar h\u00e5llbart b\u00e5tliv och milj\u00f6v\u00e4nliga verksamhetss\u00e4tt. V\u00e5rt milj\u00f6program styr b\u00e5de f\u00f6reningens verksamhet och medlemmarnas beslut till sj\u00f6ss. Samh\u00e4llsansvaret inom Sj\u00f6bj\u00f6rnarna omfattar inte bara milj\u00f6\u00e5tg\u00e4rder utan \u00e4ven gott sj\u00f6manskap, s\u00e4kerhet och respekt f\u00f6r andra b\u00e5tfarare. En sj\u00f6bj\u00f6rnsskeppare ansvarar f\u00f6r navigeringen, b\u00e5ten och bes\u00e4ttningen i alla situationer. V\u00e5ra verksamhetsanvisningar och allm\u00e4nna riktlinjer s\u00e4kerst\u00e4ller trivsel och trygghet&#8230;<\/p>\n<p><a class=\"moretag\" href=\"https:\/\/www.merikarhut.fi\/sv\/segling-och-hamnar\/vastuullisuus\/\">L\u00e4s mera \u2192<\/a><\/p>\n","protected":false},"author":1,"featured_media":0,"parent":39885,"menu_order":0,"comment_status":"closed","ping_status":"closed","template":"","meta":{"_acf_changed":false,"_bbp_topic_count":0,"_bbp_reply_count":0,"_bbp_total_topic_count":0,"_bbp_total_reply_count":0,"_bbp_voice_count":0,"_bbp_anonymous_reply_count":0,"_bbp_topic_count_hidden":0,"_bbp_reply_count_hidden":0,"_bbp_forum_subforum_count":0,"ngg_post_thumbnail":0,"footnotes":""},"class_list":["post-43091","page","type-page","status-publish","hentry"],"acf":[],"_links":{"self":[{"href":"https:\/\/www.merikarhut.fi\/sv\/wp-json\/wp\/v2\/pages\/43091","targetHints":{"allow":["GET"]}}],"collection":[{"href":"https:\/\/www.merikarhut.fi\/sv\/wp-json\/wp\/v2\/pages"}],"about":[{"href":"https:\/\/www.merikarhut.fi\/sv\/wp-json\/wp\/v2\/types\/page"}],"author":[{"embeddable":true,"href":"https:\/\/www.merikarhut.fi\/sv\/wp-json\/wp\/v2\/users\/1"}],"replies":[{"embeddable":true,"href":"https:\/\/www.merikarhut.fi\/sv\/wp-json\/wp\/v2\/comments?post=43091"}],"version-history":[{"count":10,"href":"https:\/\/www.merikarhut.fi\/sv\/wp-json\/wp\/v2\/pages\/43091\/revisions"}],"predecessor-version":[{"id":47537,"href":"https:\/\/www.merikarhut.fi\/sv\/wp-json\/wp\/v2\/pages\/43091\/revisions\/47537"}],"up":[{"embeddable":true,"href":"https:\/\/www.merikarhut.fi\/sv\/wp-json\/wp\/v2\/pages\/39885"}],"wp:attachment":[{"href":"https:\/\/www.merikarhut.fi\/sv\/wp-json\/wp\/v2\/media?parent=43091"}],"curies":[{"name":"wp","href":"https:\/\/api.w.org\/{rel}","templated":true}]}}