{"id":43086,"date":"2024-05-31T12:39:11","date_gmt":"2024-05-31T09:39:11","guid":{"rendered":"https:\/\/merikarhut.dataseed.fi\/merella-ja-satamissa-svenska\/toimintaohjeistukset\/saunaohjeet\/"},"modified":"2026-02-04T22:42:13","modified_gmt":"2026-02-04T20:42:13","slug":"saunaohjeet","status":"publish","type":"page","link":"https:\/\/www.merikarhut.fi\/sv\/segling-och-hamnar\/anvisningar\/saunaohjeet\/","title":{"rendered":"Sj\u00f6bj\u00f6rnens basturegler"},"content":{"rendered":"<p>&nbsp;<\/p>\n<h3 aria-level=\"1\"><span class=\"valiotsikko\"><a href=\"https:\/\/www.merikarhut.fi\/wp-content\/uploads\/2021\/10\/saunaohjeetkuva_1.jpg\"><img loading=\"lazy\" decoding=\"async\" class=\"alignnone size-thumbnail wp-image-26343\" src=\"https:\/\/www.merikarhut.fi\/wp-content\/uploads\/2021\/10\/saunaohjeetkuva_1-150x150.jpg\" alt=\"\" width=\"150\" height=\"150\"><\/a><\/span><b><\/b><\/h3>\n<p>Dessa anvisningar har utf\u00e4rdats f\u00f6r att sj\u00f6bj\u00f6rnarna ska ha m\u00f6jlighet att njuta av trevliga bastubad och behagliga stunder i bastun.<\/p>\n<ul>\n<li>En sj\u00f6bj\u00f6rn respekterar ett badande b\u00e5tlags basturo.<\/li>\n<li>Under h\u00f6gs\u00e4song har alla sj\u00f6bj\u00f6rnshamnar gemensamma bastupass f\u00f6r att alla som kommer till hamnen f\u00f6re kl. 20 skall ha m\u00f6jlighet att bada bastu om de s\u00e5 \u00f6nskar. I de hamnar d\u00e4r det finns flera bastur ordnas de gemensamma turerna i den bastu som anges p\u00e5 anslagstavlan och i bastuboken.&nbsp;<\/li>\n<li>Bastuturer i samband med talkon och andra gemensamma evenemang anordnas enligt hamnansvarigas anvisningar.<\/li>\n<li>Bastun och bastustr\u00e4nder \u00e4r varken avsedda f\u00f6r att tv\u00e4tt av kl\u00e4der eller disk.<\/li>\n<li>Bastun b\u00f6r torka mellan bastupassen; d.v.s. morgontoalett i en kall bastu \u00e4r inte till\u00e5tet, ej heller annan anv\u00e4ndning av vatten i en kall bastu eller kallt tv\u00e4ttrum.<\/li>\n<\/ul>\n<h4><strong>Att beakta vid reservering av bastutur<\/strong><\/h4>\n<p>Bastureservering kan g\u00f6ras endas av bes\u00e4ttning p\u00e5 b\u00e5tar f\u00f6rt\u00f6jda i hamnen eller f\u00f6rankrade inom hamnens vattenomr\u00e5de. Bastun f\u00e5r reserveras endast f\u00f6r det egna b\u00e5tlaget. Sj\u00f6bj\u00f6rn i hamn kan inte p\u00e5 f\u00f6rhand reservera bastu f\u00f6r en annan sj\u00f6bj\u00f6rn; allts\u00e5 en v\u00e4n som anl\u00e4nder senare. <strong>Bastuturen b\u00f6r antecknas i g\u00e4stboken \u00e4ven om inga andra b\u00e5tar ligger i hamnen.<\/strong> Notera ifall bastun har gemensamt bastupass p\u00e5 kv\u00e4llen kl. 21-23; se avsnittet &#8221;<em>Gemensamma bastuturer i alla sj\u00f6bj\u00f6rnshamnar<\/em>&#8221; f\u00f6r mer information.<\/p>\n<p>Bastutur reserveras med anteckning i g\u00e4stbokens bastureserveringsdel. Fyll i alla kolumner med tydlig l\u00e4ttl\u00e4st handstil. <strong>Ditt medlemsnummer<\/strong> \u00e4r viktigt f\u00f6r kansliet, s\u00e5 skriv det tydligt. F\u00f6r bastuturerna i samband med talkon och gemensamma bastuturer betalas ingen bastuavgift.<\/p>\n<ul>\n<li><strong>Varje b\u00e5tlag f\u00e5r bada en timme<\/strong>. Dagens f\u00f6rsta badare eldar bastun f\u00f6r den reserverade turen.<\/li>\n<li>En sj\u00f6bj\u00f6rn tar alltid h\u00e4nsyn till andra och f\u00f6rs\u00f6ker d\u00e4rf\u00f6r alltid ta f\u00f6rsta lediga bastutur. Tomma tider mellan turerna \u00e4r sl\u00f6seri med ved och f\u00f6rsv\u00e5rar dessutom m\u00f6jligheterna f\u00f6r b\u00e5tar som anl\u00e4nder senare att f\u00e5 bastutur.<\/li>\n<li><strong>Bastutur f\u00e5r reserveras endast samma dag eller kv\u00e4ll<\/strong>. De f\u00f6ljande dagarnas turer kan reserveras endast p\u00e5 respektive dag.<\/li>\n<li>B\u00e5tlag som \u00e4r i hamnen redan p\u00e5 morgonen, v\u00e4ljer en tur <strong>f\u00f6re kl. 16<\/strong>, speciellt under h\u00f6gs\u00e4songen.<\/li>\n<\/ul>\n<h4><strong>Alla sj\u00f6bj\u00f6rnshamnar har gemensamma bastuturer<\/strong><\/h4>\n<p>Alla sj\u00f6bj\u00f6rnshamnar har gemensamma bastuturer<br \/>\n<strong>alla dagar i juni, juli och augusti;<\/strong><br \/>\n<strong>i maj och september g\u00e4ller gemensamma bastuturer endast p\u00e5 fredagar och l\u00f6rdagar.<\/strong><\/p>\n<p><strong>Det gemensamma bastupasset f\u00f6r damer \u00e4r kl. 21\u201322, f\u00f6r herrar kl. 22\u201323.<\/strong>&nbsp;<br \/>\nOm du planerar att bada bastu i ett gemensamt bastupass, kontrollera p\u00e5 anslagstavlan om det finns flera bastur i hamnen och i bastuboken i vilken bastu de gemensamma turerna ordnas. G\u00f6r en klar och tydlig anteckning i bastuboken:<br \/>\nSkriv <strong>SB-bastu<\/strong> och b\u00e5tarnas namn.<br \/>\n<strong>Anteckna f\u00f6r kl. 20 i bastuboken att du vill delta i den gemensamma bastuturen.<\/strong><\/p>\n<ul>\n<li>Om t.ex. bara tv\u00e5 b\u00e5tlag har anm\u00e4lt sig f\u00f6re kl. 20 blir bastuturerna privata f\u00f6r de anm\u00e4lda.<\/li>\n<li>Om ingen gemensam bastu har bokats f\u00f6r 20 kl. genomf\u00f6rs inte de gemensamma turerna. Efter kl. 20 kan allts\u00e5 de lediga tiderna reserveras som privata turer.<\/li>\n<\/ul>\n<p>\u00c4ven vid delade bastupass v\u00e4rms och st\u00e4das bastun enligt normal sj\u00f6bj\u00f6rnspraxis; se <em>Sj\u00f6bj\u00f6rnen och konsten att elda bastu<\/em>.<\/p>\n<p><a href=\"https:\/\/www.merikarhut.fi\/wp-content\/uploads\/2024\/05\/4-sauna-scaled.jpg\"><img loading=\"lazy\" decoding=\"async\" class=\"alignnone wp-image-38656 size-medium\" src=\"https:\/\/www.merikarhut.fi\/wp-content\/uploads\/2024\/05\/4-sauna-300x218.jpg\" alt=\"\" width=\"300\" height=\"218\" srcset=\"https:\/\/www.merikarhut.fi\/wp-content\/uploads\/2024\/05\/4-sauna-300x218.jpg 300w, https:\/\/www.merikarhut.fi\/wp-content\/uploads\/2024\/05\/4-sauna-1024x744.jpg 1024w, https:\/\/www.merikarhut.fi\/wp-content\/uploads\/2024\/05\/4-sauna-768x558.jpg 768w, https:\/\/www.merikarhut.fi\/wp-content\/uploads\/2024\/05\/4-sauna-1536x1116.jpg 1536w, https:\/\/www.merikarhut.fi\/wp-content\/uploads\/2024\/05\/4-sauna-2048x1488.jpg 2048w, https:\/\/www.merikarhut.fi\/wp-content\/uploads\/2024\/05\/4-sauna-50x36.jpg 50w, https:\/\/www.merikarhut.fi\/wp-content\/uploads\/2024\/05\/4-sauna-213x155.jpg 213w\" sizes=\"auto, (max-width: 300px) 100vw, 300px\" \/><\/a><\/p>\n<h4><strong>Sj\u00f6bj\u00f6rnen och konsten att elda bastu<\/strong><\/h4>\n<p><strong>Alla bastubadare<\/strong><\/p>\n<ul>\n<li>Hugg ved f\u00f6r eget behov och g\u00e4rna litet till f\u00f6r f\u00f6ljande badare. De f\u00e4rdigs\u00e5gade klabbarna i skjulet \u00e4r i allm\u00e4nhet f\u00f6r grova f\u00f6r att brinna bra som okluvna.<\/li>\n<li>P\u00e5 bastuugnen f\u00e5r endast regnvatten fr\u00e5n bastuns regnvattentunnor eller f\u00e4rskvatten fr\u00e5n den egna b\u00e5tens tank anv\u00e4ndas. Havsvatten f\u00e5r under inga omst\u00e4ndigheter kastas p\u00e5 stenarna. Brunnsvatten kan anv\u00e4ndas f\u00f6r att kasta bad enligt hamnansvarigas direktiv.<\/li>\n<li>N\u00e4r du och ditt s\u00e4llskap har tv\u00e4ttat er, putsa med golvrakan vattnet fr\u00e5n b\u00e4nkarna och golvet i avloppsr\u00e4nnan.<\/li>\n<li>N\u00e4r din bastutur \u00e4r slut, se till att det \u00e4r lagom fyr i bastuugnen; ett par klabbar och dragluckan bara p\u00e5 gl\u00e4nt. Huvuddelen av f\u00f6rbr\u00e4nningsluften kommer genom askl\u00e5dan (dragluckan) till ugnen. Om du l\u00e4mnar m\u00e5nga klabbar i ugnen och en h\u00e4ftig eld, blir bastun f\u00f6r het f\u00f6r f\u00f6ljande badare. Man \u00e5stadkommer nog snabbt hetare bad genom att l\u00e4gga p\u00e5 mera ved, medan det \u00e4r n\u00e4stan om\u00f6jligt att kyla av en f\u00f6r het bastu.<\/li>\n<li>Under grytan beh\u00f6vs ej kontinuerlig eld. Se dock till att n\u00e4sta badare har tillr\u00e4ckligt med varmvatten. L\u00e4mna tomt 7\u201310 cm fr\u00e5n grytkanten s\u00e5 kokar grytan inte \u00f6ver.<\/li>\n<li>Om brunnsvatten anv\u00e4nds i bastun, m\u00e5ste alla pumpk\u00e4rl l\u00e4mnas fyllda med vatten f\u00f6r n\u00e4sta bastuanv\u00e4ndare.<\/li>\n<li>L\u00e4mna d\u00f6rren mellan bastun och tv\u00e4ttrummet en aning p\u00e5 gl\u00e4nt s\u00e5 bastun v\u00e4dras och tv\u00e4ttrummet torkar upp f\u00f6r n\u00e4sta badare.<\/li>\n<li>Det h\u00f6r till god ton att meddela f\u00f6ljande badare att bastun \u00e4r ledig.<\/li>\n<\/ul>\n<p><strong>S\u00e4rskilda instruktioner f\u00f6r uppv\u00e4rmning och tv\u00e4tt f\u00f6r dagens f\u00f6rsta bastubadare<\/strong><\/p>\n<ul>\n<li>B\u00f6rja elda genom att granska att askl\u00e5dorna i ugnen och grytan \u00e4r t\u00f6mda. Om ej, t\u00f6m dem i pl\u00e5tk\u00e4rlet f\u00f6r aska som finns utanf\u00f6r bastun. Det \u00e4r viktigt f\u00f6r f\u00f6rbr\u00e4nningen i ugnarna och f\u00f6r att de skall h\u00e5llas i skick.<\/li>\n<li>T\u00f6m och tv\u00e4tta bastugrytan vid behov. Grytan skall n\u00e5gra g\u00e5nger per s\u00e4song lyftas upp och reng\u00f6ras fr\u00e5n sot p\u00e5 utsidan. Om elden inte vill ta sig under grytan, kan orsaken vara sot som f\u00f6rs\u00e4mrat draget.<\/li>\n<li>Fyll grytan med vatten. L\u00e4mna tomt 7\u201310 cm fr\u00e5n grytkanten s\u00e5 kokar grytan inte \u00f6ver.<\/li>\n<li>Hugg sm\u00e5 klabbar och t\u00e4lj t\u00e4ndeved. Placera de sm\u00e5 klabbarna korsvis med t\u00e4ndeveden underst i bastuugnen och t\u00e4nd elden.<\/li>\n<li>Tv\u00e4tta bastun medan du v\u00e4rmer den: Anv\u00e4nd en borste och bastutv\u00e4ttmedel f\u00f6r att tv\u00e4tta bastulaven och golvet, samt ocks\u00e5 b\u00e4nkar, hinkar och golv i tv\u00e4ttrummet.<\/li>\n<\/ul>\n<p><strong>S\u00e4rskilda instruktioner f\u00f6r kv\u00e4llens sista bastubadare<\/strong><\/p>\n<ul>\n<li>Innan du g\u00e5r, se till att det brinner ett par klabbar i bastuugnen och att askluckan st\u00e5r p\u00e5 gl\u00e4nt. Det g\u00f6r att bastuutrymmena torkar upp b\u00e4ttre och underl\u00e4ttar f\u00f6r eventuella nya badare att senare p\u00e5 kv\u00e4llen f\u00e5 bastun lagom varm igen.<\/li>\n<li>Du kommer v\u00e4l ih\u00e5g att \u00f6ppna v\u00e4dringsventilerna i bastun och tv\u00e4ttrummet helt, att l\u00e4mna d\u00f6rrarna \u00f6ppna mellan tv\u00e4ttrummet och omkl\u00e4dningsrummet. F\u00f6r att bastun skall h\u00e5llas trivsam b\u00f6r den f\u00e5 v\u00e4dras ordentligt efter varje bastudag.<\/li>\n<li>Det \u00e4r kv\u00e4llens sista badares skyldighet att p\u00e5 morgonen, innan han l\u00e4mnar hamnen kontrollera bastuns skick samt st\u00e4nga och<strong> l\u00e5sa ytterd\u00f6rrarna<\/strong>. Om n\u00e5got \u00e4nd\u00e5 fordrar tv\u00e4tt sker det i samband med f\u00f6ljande uppv\u00e4rmning.<\/li>\n<li>Till god sed h\u00f6r ocks\u00e5 att klyva tillr\u00e4ckligt med ved f\u00f6r n\u00e4sta bastueldare. Det \u00e4r ocks\u00e5 uppskattat att f\u00f6rbereda sm\u00e5 klabbar och t\u00e4ndeved f\u00f6r bastuugnen och grytan. Se \u00e4ven till att fylla p\u00e5 vattnet under s\u00e4songen.<\/li>\n<\/ul>\n<p>F\u00f6rhoppningsvis njuter du av ditt bastubad!<\/p>\n<p>&nbsp;<\/p>\n","protected":false},"excerpt":{"rendered":"<p>&nbsp; Dessa anvisningar har utf\u00e4rdats f\u00f6r att sj\u00f6bj\u00f6rnarna ska ha m\u00f6jlighet att njuta av trevliga bastubad och behagliga stunder i bastun. En sj\u00f6bj\u00f6rn respekterar ett badande b\u00e5tlags basturo. Under h\u00f6gs\u00e4song har alla sj\u00f6bj\u00f6rnshamnar gemensamma bastupass f\u00f6r att alla som kommer till hamnen f\u00f6re kl. 20 skall ha m\u00f6jlighet att bada bastu om de s\u00e5 \u00f6nskar&#8230;.<\/p>\n<p><a class=\"moretag\" href=\"https:\/\/www.merikarhut.fi\/sv\/segling-och-hamnar\/anvisningar\/saunaohjeet\/\">L\u00e4s mera \u2192<\/a><\/p>\n","protected":false},"author":1,"featured_media":0,"parent":43082,"menu_order":0,"comment_status":"closed","ping_status":"closed","template":"","meta":{"_acf_changed":false,"_bbp_topic_count":0,"_bbp_reply_count":0,"_bbp_total_topic_count":0,"_bbp_total_reply_count":0,"_bbp_voice_count":0,"_bbp_anonymous_reply_count":0,"_bbp_topic_count_hidden":0,"_bbp_reply_count_hidden":0,"_bbp_forum_subforum_count":0,"ngg_post_thumbnail":0,"footnotes":""},"class_list":["post-43086","page","type-page","status-publish","hentry"],"acf":[],"_links":{"self":[{"href":"https:\/\/www.merikarhut.fi\/sv\/wp-json\/wp\/v2\/pages\/43086","targetHints":{"allow":["GET"]}}],"collection":[{"href":"https:\/\/www.merikarhut.fi\/sv\/wp-json\/wp\/v2\/pages"}],"about":[{"href":"https:\/\/www.merikarhut.fi\/sv\/wp-json\/wp\/v2\/types\/page"}],"author":[{"embeddable":true,"href":"https:\/\/www.merikarhut.fi\/sv\/wp-json\/wp\/v2\/users\/1"}],"replies":[{"embeddable":true,"href":"https:\/\/www.merikarhut.fi\/sv\/wp-json\/wp\/v2\/comments?post=43086"}],"version-history":[{"count":19,"href":"https:\/\/www.merikarhut.fi\/sv\/wp-json\/wp\/v2\/pages\/43086\/revisions"}],"predecessor-version":[{"id":47535,"href":"https:\/\/www.merikarhut.fi\/sv\/wp-json\/wp\/v2\/pages\/43086\/revisions\/47535"}],"up":[{"embeddable":true,"href":"https:\/\/www.merikarhut.fi\/sv\/wp-json\/wp\/v2\/pages\/43082"}],"wp:attachment":[{"href":"https:\/\/www.merikarhut.fi\/sv\/wp-json\/wp\/v2\/media?parent=43086"}],"curies":[{"name":"wp","href":"https:\/\/api.w.org\/{rel}","templated":true}]}}