{"id":43084,"date":"2024-05-31T12:35:24","date_gmt":"2024-05-31T09:35:24","guid":{"rendered":"https:\/\/merikarhut.dataseed.fi\/merella-ja-satamissa-svenska\/toimintaohjeistukset\/liputusohjesaanto\/"},"modified":"2026-03-24T11:49:14","modified_gmt":"2026-03-24T09:49:14","slug":"liputusohjesaanto","status":"publish","type":"page","link":"https:\/\/www.merikarhut.fi\/sv\/segling-och-hamnar\/anvisningar\/liputusohjesaanto\/","title":{"rendered":"Flaggreglemente"},"content":{"rendered":"<p>Merikarhut \u2013 Sj\u00f6bj\u00f6rnarna ry:s medlemmar f\u00f6ljer Segling och B\u00e5tsport i Finland ry:s Flaggreglemente f\u00f6r fritidsb\u00e5tar.<\/p>\n<p><strong>Flaggning i hamnarna<br><\/strong>F\u00f6rsta b\u00e5tlag som anl\u00f6per hamnen hissar sj\u00f6bj\u00f6rnsflaggan i flaggst\u00e5ngen. Flaggan halas inte till natten. Flaggan \u00e4r ett tecken p\u00e5 att det finns sj\u00f6bj\u00f6rnsb\u00e5tar i hamnen. Den sista b\u00e5ten som l\u00e4mnar hamnen halar flaggan.<\/p>\n<p>P\u00e5 officiella flaggningsdagar hissas Finlands flagga. Flaggningen b\u00f6rjar kl. 08 och upph\u00f6r vid solnedg\u00e5ngen eller senast kl. 21. P\u00e5 Finlands flaggas dag b\u00f6rjar flaggningen p\u00e5 midsommaraftonen kl. 18 och upph\u00f6r midsommardagen kl. 21.<span data-ccp-props=\"{&quot;335557856&quot;:16777215,&quot;335559738&quot;:60,&quot;335559739&quot;:60}\">&nbsp;<\/span><\/p>\n<div class=\"caption_holder\">\n<div id=\"attachment_14059\" style=\"width: 175px\" class=\"wp-caption alignnone\"><a href=\"https:\/\/www.merikarhut.fi\/wp-content\/uploads\/2018\/08\/kunniakommodori_1.jpg\"><img loading=\"lazy\" decoding=\"async\" aria-describedby=\"caption-attachment-14059\" class=\"wp-image-14059\" src=\"https:\/\/www.merikarhut.fi\/wp-content\/uploads\/2018\/08\/kunniakommodori_1.jpg\" alt=\"\" width=\"165\" height=\"110\" srcset=\"https:\/\/www.merikarhut.fi\/wp-content\/uploads\/2018\/08\/kunniakommodori_1.jpg 165w, https:\/\/www.merikarhut.fi\/wp-content\/uploads\/2018\/08\/kunniakommodori_1-50x33.jpg 50w\" sizes=\"auto, (max-width: 165px) 100vw, 165px\" \/><\/a><p id=\"caption-attachment-14059\" class=\"wp-caption-text\">Hederskommodor<\/p><\/div>\n<br><br>\n<div id=\"attachment_14058\" style=\"width: 175px\" class=\"wp-caption alignnone\"><a href=\"https:\/\/www.merikarhut.fi\/wp-content\/uploads\/2018\/08\/kunniajasen_1.jpg\"><img loading=\"lazy\" decoding=\"async\" aria-describedby=\"caption-attachment-14058\" class=\"wp-image-14058 size-full\" src=\"https:\/\/www.merikarhut.fi\/wp-content\/uploads\/2018\/08\/kunniajasen_1.jpg\" alt=\"\" width=\"165\" height=\"110\" srcset=\"https:\/\/www.merikarhut.fi\/wp-content\/uploads\/2018\/08\/kunniajasen_1.jpg 165w, https:\/\/www.merikarhut.fi\/wp-content\/uploads\/2018\/08\/kunniajasen_1-50x33.jpg 50w\" sizes=\"auto, (max-width: 165px) 100vw, 165px\" \/><\/a><p id=\"caption-attachment-14058\" class=\"wp-caption-text\">Hedersmedlem<\/p><\/div>\n<br>\n<div id=\"attachment_14060\" style=\"width: 175px\" class=\"wp-caption alignnone\"><a href=\"https:\/\/www.merikarhut.fi\/wp-content\/uploads\/2018\/08\/kutsuttu-jasen_1.jpg\"><img loading=\"lazy\" decoding=\"async\" aria-describedby=\"caption-attachment-14060\" class=\"wp-image-14060 size-full\" src=\"https:\/\/www.merikarhut.fi\/wp-content\/uploads\/2018\/08\/kutsuttu-jasen_1.jpg\" alt=\"\" width=\"165\" height=\"109\" srcset=\"https:\/\/www.merikarhut.fi\/wp-content\/uploads\/2018\/08\/kutsuttu-jasen_1.jpg 165w, https:\/\/www.merikarhut.fi\/wp-content\/uploads\/2018\/08\/kutsuttu-jasen_1-50x33.jpg 50w\" sizes=\"auto, (max-width: 165px) 100vw, 165px\" \/><\/a><p id=\"caption-attachment-14060\" class=\"wp-caption-text\">Kallad medlem<\/p><\/div>\n<br><br>\n<div id=\"attachment_48114\" style=\"width: 175px\" class=\"wp-caption alignnone\"><img loading=\"lazy\" decoding=\"async\" aria-describedby=\"caption-attachment-48114\" class=\"wp-image-48114 size-full\" src=\"https:\/\/www.merikarhut.fi\/wp-content\/uploads\/2026\/03\/viiri_kommodori_uusi_reunat_pieni.jpg\" alt=\"\" width=\"165\" height=\"111\" srcset=\"https:\/\/www.merikarhut.fi\/wp-content\/uploads\/2026\/03\/viiri_kommodori_uusi_reunat_pieni.jpg 165w, https:\/\/www.merikarhut.fi\/wp-content\/uploads\/2026\/03\/viiri_kommodori_uusi_reunat_pieni-50x34.jpg 50w\" sizes=\"auto, (max-width: 165px) 100vw, 165px\" \/><p id=\"caption-attachment-48114\" class=\"wp-caption-text\">Kommodor<\/p><\/div>\n<br><br>\n<div id=\"attachment_14063\" style=\"width: 175px\" class=\"wp-caption alignnone\"><a href=\"https:\/\/www.merikarhut.fi\/wp-content\/uploads\/2018\/08\/toimihlo_1.jpg\"><img loading=\"lazy\" decoding=\"async\" aria-describedby=\"caption-attachment-14063\" class=\"wp-image-14063 size-full\" src=\"https:\/\/www.merikarhut.fi\/wp-content\/uploads\/2018\/08\/toimihlo_1.jpg\" alt=\"\" width=\"165\" height=\"109\" srcset=\"https:\/\/www.merikarhut.fi\/wp-content\/uploads\/2018\/08\/toimihlo_1.jpg 165w, https:\/\/www.merikarhut.fi\/wp-content\/uploads\/2018\/08\/toimihlo_1-50x33.jpg 50w\" sizes=\"auto, (max-width: 165px) 100vw, 165px\" \/><\/a><p id=\"caption-attachment-14063\" class=\"wp-caption-text\">F\u00f6rtroendeman och funktion\u00e4r<\/p><\/div>\n<br><br>\n<div id=\"attachment_48116\" style=\"width: 175px\" class=\"wp-caption alignnone\"><img loading=\"lazy\" decoding=\"async\" aria-describedby=\"caption-attachment-48116\" class=\"wp-image-48116 size-full\" src=\"https:\/\/www.merikarhut.fi\/wp-content\/uploads\/2026\/03\/viiri_varakommodori_uusi_reunat_pieni.jpg\" alt=\"\" width=\"165\" height=\"111\" srcset=\"https:\/\/www.merikarhut.fi\/wp-content\/uploads\/2026\/03\/viiri_varakommodori_uusi_reunat_pieni.jpg 165w, https:\/\/www.merikarhut.fi\/wp-content\/uploads\/2026\/03\/viiri_varakommodori_uusi_reunat_pieni-50x34.jpg 50w\" sizes=\"auto, (max-width: 165px) 100vw, 165px\" \/><p id=\"caption-attachment-48116\" class=\"wp-caption-text\">Vicekommodor<\/p><\/div>\n<br><br>\n<div id=\"attachment_14064\" style=\"width: 175px\" class=\"wp-caption alignnone\"><a href=\"https:\/\/www.merikarhut.fi\/wp-content\/uploads\/2018\/08\/jasen_1.jpg\"><img loading=\"lazy\" decoding=\"async\" aria-describedby=\"caption-attachment-14064\" class=\"wp-image-14064 size-full\" src=\"https:\/\/www.merikarhut.fi\/wp-content\/uploads\/2018\/08\/jasen_1.jpg\" alt=\"\" width=\"165\" height=\"109\" srcset=\"https:\/\/www.merikarhut.fi\/wp-content\/uploads\/2018\/08\/jasen_1.jpg 165w, https:\/\/www.merikarhut.fi\/wp-content\/uploads\/2018\/08\/jasen_1-50x33.jpg 50w\" sizes=\"auto, (max-width: 165px) 100vw, 165px\" \/><\/a><p id=\"caption-attachment-14064\" class=\"wp-caption-text\">Medlem<\/p><\/div>\n<br><br>\n<div id=\"attachment_48118\" style=\"width: 175px\" class=\"wp-caption alignnone\"><img loading=\"lazy\" decoding=\"async\" aria-describedby=\"caption-attachment-48118\" class=\"wp-image-48118 size-full\" src=\"https:\/\/www.merikarhut.fi\/wp-content\/uploads\/2026\/03\/viiri_suuret-veneet_uusi_reunat_pieni.jpg\" alt=\"\" width=\"165\" height=\"111\" srcset=\"https:\/\/www.merikarhut.fi\/wp-content\/uploads\/2026\/03\/viiri_suuret-veneet_uusi_reunat_pieni.jpg 165w, https:\/\/www.merikarhut.fi\/wp-content\/uploads\/2026\/03\/viiri_suuret-veneet_uusi_reunat_pieni-50x34.jpg 50w\" sizes=\"auto, (max-width: 165px) 100vw, 165px\" \/><p id=\"caption-attachment-48118\" class=\"wp-caption-text\">Medlem &#8211; stor b\u00e5t<\/p><\/div>\n<br><br>\n<div id=\"attachment_14065\" style=\"width: 175px\" class=\"wp-caption alignnone\"><a href=\"https:\/\/www.merikarhut.fi\/wp-content\/uploads\/2018\/08\/satamamestari_1.jpg\"><img loading=\"lazy\" decoding=\"async\" aria-describedby=\"caption-attachment-14065\" class=\"wp-image-14065 size-full\" src=\"https:\/\/www.merikarhut.fi\/wp-content\/uploads\/2018\/08\/satamamestari_1.jpg\" alt=\"\" width=\"165\" height=\"110\" srcset=\"https:\/\/www.merikarhut.fi\/wp-content\/uploads\/2018\/08\/satamamestari_1.jpg 165w, https:\/\/www.merikarhut.fi\/wp-content\/uploads\/2018\/08\/satamamestari_1-50x33.jpg 50w\" sizes=\"auto, (max-width: 165px) 100vw, 165px\" \/><\/a><p id=\"caption-attachment-14065\" class=\"wp-caption-text\">Hamnm\u00e4stare<\/p><\/div>\n<\/div>\n<p aria-level=\"3\"><b><span data-contrast=\"auto\">Undantag fr\u00e5n regeln om flaggning \u00e4r hamnarna p\u00e5 Jomal\u00f6, Hus\u00f6, Storogsk\u00e4r och S\u00e4rs\u00f6<br><\/span><\/b>P\u00e5 <b><span data-contrast=\"auto\"><strong>Jomal\u00f6 <\/strong><\/span><\/b>i \u00c5land \u00e4r sj\u00f6bj\u00f6rnarna g\u00e4ster hos Bergendahls och sj\u00f6bj\u00f6rnsflaggan hissas endast med tillst\u00e5nd av dem<b><span data-contrast=\"auto\">.<\/span><\/b><\/p>\n<p><strong>Hus\u00f6<\/strong> p\u00e5 \u00c5land \u00e4r en hyresfastighet d\u00e4r v\u00e5rens f\u00f6rsta bes\u00f6kare hissar vimpeln och hamnansvariga sk\u00f6ter om att den halas p\u00e5 h\u00f6sten.&nbsp;<\/p>\n<p>P\u00e5 <strong>Storogsk\u00e4r<\/strong> och p\u00e5 <strong>S\u00e4rs\u00f6<\/strong> flaggas det alltid med sj\u00f6bj\u00f6rnsflaggan.<\/p>\n<p>Flaggorna f\u00f6rvaras i en l\u00e5da som finns antingen i flaggst\u00e5ngen, eller i dess omedelbara n\u00e4rhet.<\/p>\n<p><strong>Akterflagga<br><\/strong>I en bemannad b\u00e5t \u00e4r akterflaggan hissad enligt f\u00f6ljande:<\/p>\n<ul>\n<li>under g\u00e5ng dygnet runt oberoende av klockslag<\/li>\n<li>\u00f6vriga tider mellan kl. 08 och solnedg\u00e5ng, dock senast till kl. 21<\/li>\n<li>p\u00e5 midsommarnatten f\u00e5r flaggan i Finland vara hissad natten igenom<\/li>\n<li>i en obemannad b\u00e5t \u00e4r flaggan inte hissad<\/li>\n<\/ul>\n<p>I sj\u00f6bj\u00f6rnshamnarna ger traditionellt den \u00e4ldsta n\u00e4rvarande medlemmen vid behov en ljudsignal f\u00f6r samtidig flagghalning.<\/p>\n<p><strong>Sj\u00f6bj\u00f6rnsvimplar och andra vimplar i b\u00e5ten<br><\/strong>Vimplarna hissas huvudsakligen under styrbords salning eller i motorb\u00e5t p\u00e5 motsvarande st\u00e4lle. Babords salning \u00e4r avsedd f\u00f6r signalering.<\/p>\n<p>Vimplarna h\u00e5lls hissade i rangordning. Rangordningen \u00e4r f\u00f6ljande:<\/p>\n<ol>\n<li>vimplar och flaggor som h\u00e4rletts ur akterflaggan<\/li>\n<li>f\u00f6rbunds och f\u00f6reningarnas vimplar och flaggor<\/li>\n<li>person-, b\u00e5t- och s.k. rederivimplar<\/li>\n<\/ol>\n<p><a href=\"https:\/\/www.merikarhut.fi\/sv\/yhdistys\/anvisningar\/merikarhuliput\/\" target=\"_blank\" rel=\"noopener\">Sj\u00f6bj\u00f6rnsvimplar<\/a> \u00e4r hederskommodorens, hedersmedlems, kallad medlems, kommodorens,&nbsp;vicekommodorens, f\u00f6rtroendemans och funktion\u00e4rs, medlems samt hamnm\u00e4stares vimpel. Sj\u00f6bj\u00f6rnsvimpeln anger att b\u00e5tens bef\u00e4lhavare \u00e4r medlem i Merikarhut \u2013 Sj\u00f6bj\u00f6rnarna ry samt att b\u00e5ten \u00e4r inf\u00f6rd i f\u00f6reningens b\u00e5tregister.<\/p>\n<p>Sj\u00f6bj\u00f6rnsvimpels plats i b\u00e5ten \u00e4r under stormastens eller motsvarande styrbords salning. Vimpeln h\u00e5lls hissad under hela seglingss\u00e4songen dygnet runt b\u00e5de i hamn och under g\u00e5ng. Sj\u00f6bj\u00f6rnsvimpeln b\u00f6r vara hel och ren. Varje medlem ser till att det finns en reservvimpel ombord.<\/p>\n<p>Vid segling utomlands hissas destinationslandets miniatyrflagga, s.k. artighetsflagga, under styrbords salning eller i motorb\u00e5t p\u00e5 motsvarande plats, Sj\u00f6bj\u00f6rnsvimpeln flyttas till babords salning. Inga andra vimplar eller flaggor h\u00e5lls hissade tillsammans med artighetsflaggan under samma salning. Under resan halas artighetsflaggan f\u00f6re akterflaggan och hissas omedelbart efter det akterflaggan hissats. Artighetsflaggan tas bort senast vid ankomst till f\u00f6rsta inhemska hamn.<\/p>\n<p>Sj\u00f6bj\u00f6rnsvimpeln f\u00e5r inte \u00f6verl\u00e5tas till person som inte tillh\u00f6r f\u00f6reningen. Vimpeln b\u00f6r avl\u00e4gsnas ur b\u00e5ten om den \u00f6verl\u00e5ts till person som inte \u00e4r medlem i f\u00f6reningen.<\/p>\n<p>Om flagga eller vimpel f\u00f6rs utan lov, kan styrelsen avf\u00f6ra b\u00e5ten ur registret tempor\u00e4rt eller permanent efter att ha gett \u00e4garen tillf\u00e4lle att f\u00f6rklara sig.<\/p>\n<p><strong>Flaggning \u00f6ver topp<br><\/strong>Flaggning \u00f6ver topp kan ske p\u00e5 allm\u00e4nna flaggningsdagar, p\u00e5 f\u00f6reningens tr\u00e4ffar, p\u00e5 b\u00e5tens eller dess \u00e4gares privata bem\u00e4rkelsedag eller vid andra festliga tillf\u00e4llen. Signalflaggorna hissas i regel samtidigt vid sj\u00f6bj\u00f6rnarnas tr\u00e4ffar, t.ex. genom att en funktion\u00e4r ger ljudsignal.<\/p>\n<p>Signalflaggornas ordningsf\u00f6ljd fr\u00e5n f\u00f6ren: A, B, C, 1, D, E, F, 2, G, H, I, 3, J, K, L, 4, M, N, O, 5, P, Q, R, 6, S, U, V, 7, W, Y, Z, 8, f\u00f6rsta ers\u00e4ttningsvimpeln andra ers\u00e4ttningsvimpeln och tredje ers\u00e4ttningsvimpeln.<\/p>\n<p>Flaggorna r\u00e4knat fr\u00e5n masttoppen akterut, b\u00f6r kopplas s\u00e5 att de ej \u00e4r upp och nerv\u00e4nda. I Finland brukar man l\u00e4mna bort flaggan X, f\u00f6r att den p\u00e5minner om Finlands flagga. Ocks\u00e5 flaggan T kan l\u00e4mnas bort d\u00e5 den p\u00e5minner om Frankrikes flagga. Svarsvimpeln anv\u00e4nds inte heller vid festflaggning. Man b\u00f6r ej hissa andra vimplar eller flaggor bland signalflaggorna.<\/p>\n<p>Flaggning \u00f6ver topp sker endast d\u00e5 b\u00e5ten \u00e4r f\u00f6rt\u00f6jd. Vid flaggning \u00f6ver topp f\u00f6ljs i allm\u00e4nhet samma tider f\u00f6r hissning och halning som g\u00e4ller f\u00f6r akterflaggan. Akterflaggan hissas f\u00f6rst och halas sist.<\/p>\n<p><em>Fastst\u00e4llda av styrelsen 20.1.2026<br>Vimpelreformen fastst\u00e4lldes vid \u00e5rsm\u00f6tet 17.3.2026<\/em><\/p>\n\n\n\n","protected":false},"excerpt":{"rendered":"<p>Merikarhut \u2013 Sj\u00f6bj\u00f6rnarna ry:s medlemmar f\u00f6ljer Segling och B\u00e5tsport i Finland ry:s Flaggreglemente f\u00f6r fritidsb\u00e5tar. Flaggning i hamnarnaF\u00f6rsta b\u00e5tlag som anl\u00f6per hamnen hissar sj\u00f6bj\u00f6rnsflaggan i flaggst\u00e5ngen. Flaggan halas inte till natten. Flaggan \u00e4r ett tecken p\u00e5 att det finns sj\u00f6bj\u00f6rnsb\u00e5tar i hamnen. Den sista b\u00e5ten som l\u00e4mnar hamnen halar flaggan. P\u00e5 officiella flaggningsdagar hissas Finlands&#8230;<\/p>\n<p><a class=\"moretag\" href=\"https:\/\/www.merikarhut.fi\/sv\/segling-och-hamnar\/anvisningar\/liputusohjesaanto\/\">L\u00e4s mera \u2192<\/a><\/p>\n","protected":false},"author":1,"featured_media":0,"parent":43082,"menu_order":0,"comment_status":"closed","ping_status":"closed","template":"","meta":{"_acf_changed":false,"_bbp_topic_count":0,"_bbp_reply_count":0,"_bbp_total_topic_count":0,"_bbp_total_reply_count":0,"_bbp_voice_count":0,"_bbp_anonymous_reply_count":0,"_bbp_topic_count_hidden":0,"_bbp_reply_count_hidden":0,"_bbp_forum_subforum_count":0,"ngg_post_thumbnail":0,"footnotes":""},"class_list":["post-43084","page","type-page","status-publish","hentry"],"acf":[],"_links":{"self":[{"href":"https:\/\/www.merikarhut.fi\/sv\/wp-json\/wp\/v2\/pages\/43084","targetHints":{"allow":["GET"]}}],"collection":[{"href":"https:\/\/www.merikarhut.fi\/sv\/wp-json\/wp\/v2\/pages"}],"about":[{"href":"https:\/\/www.merikarhut.fi\/sv\/wp-json\/wp\/v2\/types\/page"}],"author":[{"embeddable":true,"href":"https:\/\/www.merikarhut.fi\/sv\/wp-json\/wp\/v2\/users\/1"}],"replies":[{"embeddable":true,"href":"https:\/\/www.merikarhut.fi\/sv\/wp-json\/wp\/v2\/comments?post=43084"}],"version-history":[{"count":16,"href":"https:\/\/www.merikarhut.fi\/sv\/wp-json\/wp\/v2\/pages\/43084\/revisions"}],"predecessor-version":[{"id":48161,"href":"https:\/\/www.merikarhut.fi\/sv\/wp-json\/wp\/v2\/pages\/43084\/revisions\/48161"}],"up":[{"embeddable":true,"href":"https:\/\/www.merikarhut.fi\/sv\/wp-json\/wp\/v2\/pages\/43082"}],"wp:attachment":[{"href":"https:\/\/www.merikarhut.fi\/sv\/wp-json\/wp\/v2\/media?parent=43084"}],"curies":[{"name":"wp","href":"https:\/\/api.w.org\/{rel}","templated":true}]}}