{"id":43082,"date":"2025-01-08T14:53:03","date_gmt":"2025-01-08T12:53:03","guid":{"rendered":"https:\/\/merikarhut.dataseed.fi\/merella-ja-satamissa-svenska\/toimintaohjeistukset\/"},"modified":"2026-02-04T22:10:58","modified_gmt":"2026-02-04T20:10:58","slug":"anvisningar","status":"publish","type":"page","link":"https:\/\/www.merikarhut.fi\/sv\/segling-och-hamnar\/anvisningar\/","title":{"rendered":"Verksamhetsanvisningar"},"content":{"rendered":"\n<h3><strong>Allm\u00e4nt<\/strong><\/h3>\n<p>F\u00f6reningen Merikarhut-Sj\u00f6bj\u00f6rnarna ry best\u00e5r av aktiva l\u00e5ngf\u00e4rdsseglare som vill st\u00f6dja ett b\u00e5tliv som v\u00e4rnar om naturen och bevarar kulturmilj\u00f6n i sk\u00e4rg\u00e5rden. F\u00f6reningen uppmuntrar sina medlemmar att r\u00f6ra sig till sj\u00f6ss p\u00e5 ett energieffektivt s\u00e4tt.&nbsp;&nbsp;<\/p>\n<p>V\u00e5ra medlemmar f\u00f6ljer gott sj\u00f6manskap, upptr\u00e4der artigt och tar h\u00e4nsyn till andra, till sj\u00f6ss och i hamnar och hj\u00e4lper sj\u00f6farare i n\u00f6d s\u00e5 gott de kan.<\/p>\n<p>Sj\u00f6bj\u00f6rnsandan \u00e4r ryggraden i f\u00f6reningens verksamhet. F\u00f6rutom p\u00e5 ovann\u00e4mnda v\u00e4rden baserar den sig p\u00e5<\/p>\n<ul>\n<li>Sj\u00f6bj\u00f6rnarnas \u201dGjort p\u00e5 talko!\u201d -motto<\/li>\n<li>Sj\u00f6bj\u00f6rnarnas beteende i hamnar<\/li>\n<li>Principen \u201dEn sj\u00f6bj\u00f6rnshamn \u00e4r aldrig fullsatt\u201d<\/li>\n<\/ul>\n<p>Sj\u00f6bj\u00f6rnsflaggan i salningen f\u00f6rpliktar; var och en av oss representerar Sj\u00f6bj\u00f6rnarna och p\u00e5verkar med sitt handlande den allm\u00e4nna uppfattningen om Sj\u00f6bj\u00f6rnarna.<\/p>\n<h3><strong>Organisation<\/strong><\/h3>\n<p>F\u00f6reningens verksamhet handlas av en styrelse med tolv medlemmar som till sin hj\u00e4lp har olika kommitt\u00e9er. F\u00f6r hamnarnas skick, underh\u00e5ll och utveckling ansvarar hamnansvariga som s\u00e4rskilt utsetts f\u00f6r varje hamn. Hamnansvariga utf\u00f6r sitt v\u00e4rdefulla arbete frivilligt och utan ers\u00e4ttning liksom medlemmar i kommitt\u00e9er och i styrelsen.<\/p>\n<h3><strong>Kansli<\/strong><\/h3>\n<p>F\u00f6reningens kansli ligger p\u00e5 Skeppsbrogatan 12, 00140 Helsingfors, telefon 050 5127363, e-post: <a href=\"mailto:info@merikarhut.fi\" target=\"_blank\" rel=\"noopener\">info@merikarhut.fi<\/a>.<\/p>\n<h3><strong>Kommunikation<\/strong><\/h3>\n<p>F\u00f6reningens officiella kommunikation sker p\u00e5 hemsidan <a href=\"http:\/\/www.merikarhut.fi\">www.merikarhut.fi<\/a> samt i nyhetsbrev och genom Sj\u00f6bj\u00f6rnsboken, som utkommer \u00e5rligen.&nbsp;&nbsp;<\/p>\n<p>Du kan ocks\u00e5 f\u00f6lja <a href=\"https:\/\/www.instagram.com\/merikarhut_sjobjornarna\/\" target=\"_blank\" rel=\"noopener\">merikarhut_sjobjornarna<\/a> p\u00e5 Instagram.&nbsp;<\/p>\n<p>F\u00f6reningens medlemmar uppr\u00e4tth\u00e5ller \u00e4ven olika informella sj\u00f6bj\u00f6rnsgrupper p\u00e5 Facebook.<\/p>\n<p>&nbsp;<\/p>\n<p>Med hj\u00e4lp av l\u00e4nkarna till h\u00f6ger hittar du anvisningar om olika sektorer inom Sj\u00f6bj\u00f6rnarnas verksamhet.<br>Delarna som ing\u00e5r i Verksamhetsanvisningar f\u00f6r sj\u00f6bj\u00f6rnar \u00e4r Sj\u00f6bj\u00f6rnshamnar, Flaggreglemente och Anvisningar f\u00f6r bastubadare.<\/p>\n<p>Verksamhetsanvisningar f\u00f6r sj\u00f6bj\u00f6rnar: <em>Ursprungsversionen p\u00e5 finska \u00e4r godk\u00e4nd av styrelsen vid m\u00f6te 20.1.2026&nbsp;<\/em><\/p>\n<p>&nbsp;<\/p>\n<ul>\n<li>Kompetenskrav f\u00f6r medlemskandidater: Fastst\u00e4llda av styrelsen 2025<\/li>\n<li>Direktiv f\u00f6r givande av utl\u00e5tande godk\u00e4nns av styrelsen \u00e5rligen<\/li>\n<\/ul>\n","protected":false},"excerpt":{"rendered":"<p>Allm\u00e4nt F\u00f6reningen Merikarhut-Sj\u00f6bj\u00f6rnarna ry best\u00e5r av aktiva l\u00e5ngf\u00e4rdsseglare som vill st\u00f6dja ett b\u00e5tliv som v\u00e4rnar om naturen och bevarar kulturmilj\u00f6n i sk\u00e4rg\u00e5rden. F\u00f6reningen uppmuntrar sina medlemmar att r\u00f6ra sig till sj\u00f6ss p\u00e5 ett energieffektivt s\u00e4tt.&nbsp;&nbsp; V\u00e5ra medlemmar f\u00f6ljer gott sj\u00f6manskap, upptr\u00e4der artigt och tar h\u00e4nsyn till andra, till sj\u00f6ss och i hamnar och hj\u00e4lper sj\u00f6farare&#8230;<\/p>\n<p><a class=\"moretag\" href=\"https:\/\/www.merikarhut.fi\/sv\/segling-och-hamnar\/anvisningar\/\">L\u00e4s mera \u2192<\/a><\/p>\n","protected":false},"author":1,"featured_media":0,"parent":39885,"menu_order":0,"comment_status":"closed","ping_status":"closed","template":"","meta":{"_acf_changed":false,"_bbp_topic_count":0,"_bbp_reply_count":0,"_bbp_total_topic_count":0,"_bbp_total_reply_count":0,"_bbp_voice_count":0,"_bbp_anonymous_reply_count":0,"_bbp_topic_count_hidden":0,"_bbp_reply_count_hidden":0,"_bbp_forum_subforum_count":0,"ngg_post_thumbnail":0,"footnotes":""},"class_list":["post-43082","page","type-page","status-publish","hentry"],"acf":[],"_links":{"self":[{"href":"https:\/\/www.merikarhut.fi\/sv\/wp-json\/wp\/v2\/pages\/43082","targetHints":{"allow":["GET"]}}],"collection":[{"href":"https:\/\/www.merikarhut.fi\/sv\/wp-json\/wp\/v2\/pages"}],"about":[{"href":"https:\/\/www.merikarhut.fi\/sv\/wp-json\/wp\/v2\/types\/page"}],"author":[{"embeddable":true,"href":"https:\/\/www.merikarhut.fi\/sv\/wp-json\/wp\/v2\/users\/1"}],"replies":[{"embeddable":true,"href":"https:\/\/www.merikarhut.fi\/sv\/wp-json\/wp\/v2\/comments?post=43082"}],"version-history":[{"count":20,"href":"https:\/\/www.merikarhut.fi\/sv\/wp-json\/wp\/v2\/pages\/43082\/revisions"}],"predecessor-version":[{"id":47524,"href":"https:\/\/www.merikarhut.fi\/sv\/wp-json\/wp\/v2\/pages\/43082\/revisions\/47524"}],"up":[{"embeddable":true,"href":"https:\/\/www.merikarhut.fi\/sv\/wp-json\/wp\/v2\/pages\/39885"}],"wp:attachment":[{"href":"https:\/\/www.merikarhut.fi\/sv\/wp-json\/wp\/v2\/media?parent=43082"}],"curies":[{"name":"wp","href":"https:\/\/api.w.org\/{rel}","templated":true}]}}