{"id":43078,"date":"2025-04-09T10:36:01","date_gmt":"2025-04-09T07:36:01","guid":{"rendered":"https:\/\/merikarhut.dataseed.fi\/historiaa-vuodesta-1933\/merikarhut-mediassa\/tiedotearkisto\/"},"modified":"2025-05-23T11:38:00","modified_gmt":"2025-05-23T08:38:00","slug":"tiedotearkisto","status":"publish","type":"page","link":"https:\/\/www.merikarhut.fi\/sv\/bjornsamlingar\/merikarhut-mediassa\/tiedotearkisto\/","title":{"rendered":"Arkiv f\u00f6r offentliga meddelanden"},"content":{"rendered":"\n<p>(Arkiv f\u00f6r offentliga meddelanden och pressmaterial)<\/p>\n<p>&nbsp;<\/p>\n\n\n\n<div class=\"wp-block-query is-layout-flow wp-block-query-is-layout-flow\"><ul class=\"wp-block-post-template is-layout-flow wp-block-post-template-is-layout-flow\"><li class=\"wp-block-post post-47789 post type-post status-publish format-standard hentry category-tiedotteet-sv category-medlemsberv tag-merikarhuhenki-sv tag-venemessut\">\n<h2 class=\"wp-block-post-title\"><a href=\"https:\/\/www.merikarhut.fi\/sv\/merikarhut-nakyivat-vene-bat-2026-messuilla\/\" target=\"_self\" >Sj\u00f6bj\u00f6rnarna syntes p\u00e5 Vene 2026 B\u00e5t<\/a><\/h2>\n\n<div class=\"wp-block-post-date\"><time datetime=\"2026-02-24T12:04:06+02:00\">24 februari 2026<\/time><\/div>\n<\/li><li class=\"wp-block-post post-47491 post type-post status-publish format-standard hentry category-tiedotteet-sv category-medlemsberv\">\n<h2 class=\"wp-block-post-title\"><a href=\"https:\/\/www.merikarhut.fi\/sv\/ilmoita-merikarhut-ryn-vuosikirjassa-2\/\" target=\"_self\" >Annonsera i Sj\u00f6bj\u00f6rnsboken<\/a><\/h2>\n\n<div class=\"wp-block-post-date\"><time datetime=\"2026-01-30T14:46:35+02:00\">30 januari 2026<\/time><\/div>\n<\/li><li class=\"wp-block-post post-45528 post type-post status-publish format-standard hentry category-tiedotteet-sv\">\n<h2 class=\"wp-block-post-title\"><a href=\"https:\/\/www.merikarhut.fi\/sv\/info-jasenyydesta-kiinnostuneille-2\/\" target=\"_self\" >Infon om att bli Sj\u00f6bj\u00f6rn<\/a><\/h2>\n\n<div class=\"wp-block-post-date\"><time datetime=\"2026-01-29T10:58:23+02:00\">29 januari 2026<\/time><\/div>\n<\/li><li class=\"wp-block-post post-44611 post type-post status-publish format-standard hentry category-tiedotteet-sv\">\n<h2 class=\"wp-block-post-title\"><a href=\"https:\/\/www.merikarhut.fi\/sv\/vill-du-lara-kanna-sjobjornarnas-verksamhet-och-hamnar\/\" target=\"_self\" >Vill du l\u00e4ra k\u00e4nna Sj\u00f6bj\u00f6rnarnas verksamhet och hamnar?<\/a><\/h2>\n\n<div class=\"wp-block-post-date\"><time datetime=\"2025-12-09T13:00:00+02:00\">9 december 2025<\/time><\/div>\n<\/li><li class=\"wp-block-post post-46113 post type-post status-publish format-standard hentry category-tiedotteet-sv\">\n<h2 class=\"wp-block-post-title\"><a href=\"https:\/\/www.merikarhut.fi\/sv\/merikarhujen-jasenhakuaika-vuodelle-2026-paattyy-31-10-2025\/\" target=\"_self\" >Sj\u00f6bj\u00f6rnarnas medlemsans\u00f6kning f\u00f6r \u00e5ret 2026 avslutas den 31.10.2025<\/a><\/h2>\n\n<div class=\"wp-block-post-date\"><time datetime=\"2025-09-25T11:10:43+03:00\">25 september 2025<\/time><\/div>\n<\/li><li class=\"wp-block-post post-13921 post type-post status-publish format-standard hentry category-tiedotteet-sv category-medlemsberv\">\n<h2 class=\"wp-block-post-title\"><a href=\"https:\/\/www.merikarhut.fi\/sv\/ansokan-for-medlemskap-ar-pa-gang-2\/\" target=\"_self\" >Ans\u00f6kningstiden f\u00f6r medlemskap \u00e4r p\u00e5 g\u00e5ng<\/a><\/h2>\n\n<div class=\"wp-block-post-date\"><time datetime=\"2025-09-16T13:37:57+03:00\">16 september 2025<\/time><\/div>\n<\/li><li class=\"wp-block-post post-42951 post type-post status-publish format-standard hentry category-tiedotteet-sv category-medlemsberv\">\n<h2 class=\"wp-block-post-title\"><a href=\"https:\/\/www.merikarhut.fi\/sv\/hamnen-i-lillholmen-starker-formedlingen-av-ais-data-sjobjornarna-deltar-i-global-crowdsourcad-fartygsovervakning\/\" target=\"_self\" >Hamnen i Lillholmen st\u00e4rker f\u00f6rmedlingen av AIS-data \u2013 Sj\u00f6bj\u00f6rnarna deltar i global crowdsourcad fartygs\u00f6vervakning<\/a><\/h2>\n\n<div class=\"wp-block-post-date\"><time datetime=\"2025-04-16T15:31:20+03:00\">16 april 2025<\/time><\/div>\n<\/li><li class=\"wp-block-post post-27837 post type-post status-publish format-standard hentry category-tiedotteet-sv\">\n<h2 class=\"wp-block-post-title\"><a href=\"https:\/\/www.merikarhut.fi\/sv\/infon-om-att-bli-sjobjorn\/\" target=\"_self\" >Infon om att bli Sj\u00f6bj\u00f6rn<\/a><\/h2>\n\n<div class=\"wp-block-post-date\"><time datetime=\"2024-02-07T13:00:07+02:00\">7 februari 2024<\/time><\/div>\n<\/li><li class=\"wp-block-post post-37674 post type-post status-publish format-standard hentry category-tiedotteet-sv\">\n<h2 class=\"wp-block-post-title\"><a href=\"https:\/\/www.merikarhut.fi\/sv\/venemessujen-purjehdussatamassa-11-2-klo-11-12-merikarhuperheen-purjehdukset-itamerella-2\/\" target=\"_self\" >B\u00e5tm\u00e4ssan\/Purjehdussatama 11.2 kl 11-12 Sj\u00f6bj\u00f6rnsfamiljens seglatser p\u00e5 \u00d6stersj\u00f6n<\/a><\/h2>\n\n<div class=\"wp-block-post-date\"><time datetime=\"2024-01-22T17:08:22+02:00\">22 januari 2024<\/time><\/div>\n<\/li><li class=\"wp-block-post post-37585 post type-post status-publish format-standard hentry category-tiedotteet-sv\">\n<h2 class=\"wp-block-post-title\"><a href=\"https:\/\/www.merikarhut.fi\/sv\/ilmoita-merikarhut-ryn-vuosikirjassa\/\" target=\"_self\" >Annonsera i Sj\u00f6bj\u00f6rnsboken\u202f\u00a0<\/a><\/h2>\n\n<div class=\"wp-block-post-date\"><time datetime=\"2024-01-04T11:08:58+02:00\">4 januari 2024<\/time><\/div>\n<\/li><\/ul>\n\n<nav class=\"wp-block-query-pagination is-layout-flex wp-block-query-pagination-is-layout-flex\" aria-label=\"Sidonumrering\">\n\n\n<div class=\"wp-block-query-pagination-numbers\"><span aria-current=\"page\" class=\"page-numbers current\">1<\/span>\n<a class=\"page-numbers\" href=\"?query-30-page=2\">2<\/a>\n<a class=\"page-numbers\" href=\"?query-30-page=3\">3<\/a><\/div>\n\n<a href=\"\/sv\/wp-json\/wp\/v2\/pages\/43078?query-30-page=2\" class=\"wp-block-query-pagination-next\">N\u00e4sta sida<\/a>\n<\/nav>\n\n<\/div>\n","protected":false},"excerpt":{"rendered":"<p>(Arkiv f\u00f6r offentliga meddelanden och pressmaterial) &nbsp;<\/p>\n","protected":false},"author":1,"featured_media":0,"parent":43074,"menu_order":0,"comment_status":"closed","ping_status":"closed","template":"","meta":{"_acf_changed":false,"_bbp_topic_count":0,"_bbp_reply_count":0,"_bbp_total_topic_count":0,"_bbp_total_reply_count":0,"_bbp_voice_count":0,"_bbp_anonymous_reply_count":0,"_bbp_topic_count_hidden":0,"_bbp_reply_count_hidden":0,"_bbp_forum_subforum_count":0,"ngg_post_thumbnail":0,"footnotes":""},"class_list":["post-43078","page","type-page","status-publish","hentry"],"acf":[],"_links":{"self":[{"href":"https:\/\/www.merikarhut.fi\/sv\/wp-json\/wp\/v2\/pages\/43078","targetHints":{"allow":["GET"]}}],"collection":[{"href":"https:\/\/www.merikarhut.fi\/sv\/wp-json\/wp\/v2\/pages"}],"about":[{"href":"https:\/\/www.merikarhut.fi\/sv\/wp-json\/wp\/v2\/types\/page"}],"author":[{"embeddable":true,"href":"https:\/\/www.merikarhut.fi\/sv\/wp-json\/wp\/v2\/users\/1"}],"replies":[{"embeddable":true,"href":"https:\/\/www.merikarhut.fi\/sv\/wp-json\/wp\/v2\/comments?post=43078"}],"version-history":[{"count":2,"href":"https:\/\/www.merikarhut.fi\/sv\/wp-json\/wp\/v2\/pages\/43078\/revisions"}],"predecessor-version":[{"id":44598,"href":"https:\/\/www.merikarhut.fi\/sv\/wp-json\/wp\/v2\/pages\/43078\/revisions\/44598"}],"up":[{"embeddable":true,"href":"https:\/\/www.merikarhut.fi\/sv\/wp-json\/wp\/v2\/pages\/43074"}],"wp:attachment":[{"href":"https:\/\/www.merikarhut.fi\/sv\/wp-json\/wp\/v2\/media?parent=43078"}],"curies":[{"name":"wp","href":"https:\/\/api.w.org\/{rel}","templated":true}]}}