{"id":43074,"date":"2025-03-20T14:38:02","date_gmt":"2025-03-20T12:38:02","guid":{"rendered":"https:\/\/merikarhut.dataseed.fi\/historiaa-vuodesta-1933\/merikarhut-mediassa\/"},"modified":"2025-09-10T15:12:24","modified_gmt":"2025-09-10T12:12:24","slug":"merikarhut-mediassa","status":"publish","type":"page","link":"https:\/\/www.merikarhut.fi\/sv\/bjornsamlingar\/merikarhut-mediassa\/","title":{"rendered":"Sj\u00f6bj\u00f6rnarna i media"},"content":{"rendered":"\n<p><strong>Sj\u00f6bj\u00f6rnarna \u00e4r en aktiv f\u00f6rening med stark talkoanda, d\u00e4r den externa kommunikationen bygger p\u00e5 medlemmarnas egen r\u00f6st. Vi anv\u00e4nder fr\u00e4mst Instagram som kanal, d\u00e4r vi delar med oss av v\u00e5ra upplevelser direkt fr\u00e5n havet \u2013 till alla som \u00e4r intresserade av Sj\u00f6bj\u00f6rnarna.<\/strong><\/p>\n<p>Tv\u00e5 g\u00e5nger om \u00e5ret ordnar vi \u00f6ppna medlemsinformationstillf\u00e4llen, som annonseras h\u00e4r p\u00e5 webbplatsen. Dessutom hittar du rikligt med information om f\u00f6reningens verksamhet, evenemang och det maritima livet p\u00e5 v\u00e5r webbplats.<\/p>\n<p>Sj\u00f6bj\u00f6rnarna deltar ocks\u00e5 i den finska b\u00e5tm\u00e4ssan Vene-B\u00e5t&#8211;v\u00e5ren 2025 medverkade v\u00e5ra medlemmar d\u00e4r bland annat med att dela sina seglingserfarenheter. Du kan se bildspelet fr\u00e5n presentationen om G\u00f6ta kanal-seglingen <a href=\"https:\/\/www.merikarhut.fi\/wp-content\/uploads\/2025\/09\/julkinen_Merikarhut-Gota-kanal_2024.pdf\">via denna l\u00e4nk<\/a>.<\/p>\n<p>V\u00e5r f\u00f6rening fyllde 90 \u00e5r \u00e5r 2023. Jubileums\u00e5ret firades i Mariehamn, och evenemanget uppm\u00e4rksammades \u00e4ven av <a href=\"https:\/\/www.totalvene.fi\/lue\/uutinen\/merikarhut-kokoontuvat-kesaejuhlaan-maarianhaminaan-juhlistamaan-90-vuotista-toimintaansa\" target=\"_blank\" rel=\"noopener\">Totalvene.fi<\/a> (p\u00e5 finska)<\/p>\n<p>&nbsp;<\/p>\n","protected":false},"excerpt":{"rendered":"<p>Sj\u00f6bj\u00f6rnarna \u00e4r en aktiv f\u00f6rening med stark talkoanda, d\u00e4r den externa kommunikationen bygger p\u00e5 medlemmarnas egen r\u00f6st. Vi anv\u00e4nder fr\u00e4mst Instagram som kanal, d\u00e4r vi delar med oss av v\u00e5ra upplevelser direkt fr\u00e5n havet \u2013 till alla som \u00e4r intresserade av Sj\u00f6bj\u00f6rnarna. Tv\u00e5 g\u00e5nger om \u00e5ret ordnar vi \u00f6ppna medlemsinformationstillf\u00e4llen, som annonseras h\u00e4r p\u00e5 webbplatsen&#8230;.<\/p>\n<p><a class=\"moretag\" href=\"https:\/\/www.merikarhut.fi\/sv\/bjornsamlingar\/merikarhut-mediassa\/\">L\u00e4s mera \u2192<\/a><\/p>\n","protected":false},"author":1,"featured_media":0,"parent":41550,"menu_order":0,"comment_status":"closed","ping_status":"closed","template":"","meta":{"_acf_changed":false,"_bbp_topic_count":0,"_bbp_reply_count":0,"_bbp_total_topic_count":0,"_bbp_total_reply_count":0,"_bbp_voice_count":0,"_bbp_anonymous_reply_count":0,"_bbp_topic_count_hidden":0,"_bbp_reply_count_hidden":0,"_bbp_forum_subforum_count":0,"ngg_post_thumbnail":0,"footnotes":""},"class_list":["post-43074","page","type-page","status-publish","hentry"],"acf":[],"_links":{"self":[{"href":"https:\/\/www.merikarhut.fi\/sv\/wp-json\/wp\/v2\/pages\/43074","targetHints":{"allow":["GET"]}}],"collection":[{"href":"https:\/\/www.merikarhut.fi\/sv\/wp-json\/wp\/v2\/pages"}],"about":[{"href":"https:\/\/www.merikarhut.fi\/sv\/wp-json\/wp\/v2\/types\/page"}],"author":[{"embeddable":true,"href":"https:\/\/www.merikarhut.fi\/sv\/wp-json\/wp\/v2\/users\/1"}],"replies":[{"embeddable":true,"href":"https:\/\/www.merikarhut.fi\/sv\/wp-json\/wp\/v2\/comments?post=43074"}],"version-history":[{"count":5,"href":"https:\/\/www.merikarhut.fi\/sv\/wp-json\/wp\/v2\/pages\/43074\/revisions"}],"predecessor-version":[{"id":45736,"href":"https:\/\/www.merikarhut.fi\/sv\/wp-json\/wp\/v2\/pages\/43074\/revisions\/45736"}],"up":[{"embeddable":true,"href":"https:\/\/www.merikarhut.fi\/sv\/wp-json\/wp\/v2\/pages\/41550"}],"wp:attachment":[{"href":"https:\/\/www.merikarhut.fi\/sv\/wp-json\/wp\/v2\/media?parent=43074"}],"curies":[{"name":"wp","href":"https:\/\/api.w.org\/{rel}","templated":true}]}}