{"id":43057,"date":"2025-03-18T14:29:50","date_gmt":"2025-03-18T12:29:50","guid":{"rendered":"https:\/\/merikarhut.dataseed.fi\/historiaa-vuodesta-1933\/historiaa-vuodesta-1933\/"},"modified":"2025-05-23T10:51:37","modified_gmt":"2025-05-23T07:51:37","slug":"historiaa-vuodesta-1933","status":"publish","type":"page","link":"https:\/\/www.merikarhut.fi\/sv\/bjornsamlingar\/historiaa-vuodesta-1933\/","title":{"rendered":"Historia sedan 1933"},"content":{"rendered":"\n<p><strong>Sj\u00f6bj\u00f6rnarna \u2013 L\u00e5ngf\u00e4rdsseglaref\u00f6rening i Finland\u2013 grundades \u00e5r 1933 med m\u00e5let att fr\u00e4mja l\u00e5ngf\u00e4rdssegling, v\u00e4rna om b\u00e5tbyggnadskonst och locka seglare att uppleva den unika naturen i den finl\u00e4ndska sk\u00e4rg\u00e5rden.<\/strong><\/p>\n<p>F\u00f6reningen har varit verksam utan avbrott i \u00f6ver 90 \u00e5r, f\u00f6ljt med sin tid men bevarat sina ursprungliga v\u00e4rderingar: sj\u00f6manskap, uppskattning f\u00f6r sk\u00e4rg\u00e5rden och gl\u00e4djen i b\u00e5tlivet.<\/p>\n<p>Mer kan du l\u00e4sa i f\u00f6reningens <a href=\"https:\/\/www.merikarhut.fi\/sv\/bjornsamlingar\/historiaa-vuodesta-1933\/stiftelseurkund\/\">stiftelseurkund<\/a>, och p\u00e5 medlemssidorna finns \u00e4ven f\u00f6reningens fina historik i tre delar.<\/p>\n\n\n","protected":false},"excerpt":{"rendered":"<p>Sj\u00f6bj\u00f6rnarna \u2013 L\u00e5ngf\u00e4rdsseglaref\u00f6rening i Finland\u2013 grundades \u00e5r 1933 med m\u00e5let att fr\u00e4mja l\u00e5ngf\u00e4rdssegling, v\u00e4rna om b\u00e5tbyggnadskonst och locka seglare att uppleva den unika naturen i den finl\u00e4ndska sk\u00e4rg\u00e5rden. F\u00f6reningen har varit verksam utan avbrott i \u00f6ver 90 \u00e5r, f\u00f6ljt med sin tid men bevarat sina ursprungliga v\u00e4rderingar: sj\u00f6manskap, uppskattning f\u00f6r sk\u00e4rg\u00e5rden och gl\u00e4djen i b\u00e5tlivet&#8230;.<\/p>\n<p><a class=\"moretag\" href=\"https:\/\/www.merikarhut.fi\/sv\/bjornsamlingar\/historiaa-vuodesta-1933\/\">L\u00e4s mera \u2192<\/a><\/p>\n","protected":false},"author":1,"featured_media":0,"parent":41550,"menu_order":0,"comment_status":"closed","ping_status":"closed","template":"","meta":{"_acf_changed":false,"_bbp_topic_count":0,"_bbp_reply_count":0,"_bbp_total_topic_count":0,"_bbp_total_reply_count":0,"_bbp_voice_count":0,"_bbp_anonymous_reply_count":0,"_bbp_topic_count_hidden":0,"_bbp_reply_count_hidden":0,"_bbp_forum_subforum_count":0,"ngg_post_thumbnail":0,"footnotes":""},"class_list":["post-43057","page","type-page","status-publish","hentry"],"acf":[],"_links":{"self":[{"href":"https:\/\/www.merikarhut.fi\/sv\/wp-json\/wp\/v2\/pages\/43057","targetHints":{"allow":["GET"]}}],"collection":[{"href":"https:\/\/www.merikarhut.fi\/sv\/wp-json\/wp\/v2\/pages"}],"about":[{"href":"https:\/\/www.merikarhut.fi\/sv\/wp-json\/wp\/v2\/types\/page"}],"author":[{"embeddable":true,"href":"https:\/\/www.merikarhut.fi\/sv\/wp-json\/wp\/v2\/users\/1"}],"replies":[{"embeddable":true,"href":"https:\/\/www.merikarhut.fi\/sv\/wp-json\/wp\/v2\/comments?post=43057"}],"version-history":[{"count":3,"href":"https:\/\/www.merikarhut.fi\/sv\/wp-json\/wp\/v2\/pages\/43057\/revisions"}],"predecessor-version":[{"id":44568,"href":"https:\/\/www.merikarhut.fi\/sv\/wp-json\/wp\/v2\/pages\/43057\/revisions\/44568"}],"up":[{"embeddable":true,"href":"https:\/\/www.merikarhut.fi\/sv\/wp-json\/wp\/v2\/pages\/41550"}],"wp:attachment":[{"href":"https:\/\/www.merikarhut.fi\/sv\/wp-json\/wp\/v2\/media?parent=43057"}],"curies":[{"name":"wp","href":"https:\/\/api.w.org\/{rel}","templated":true}]}}