{"id":43043,"date":"2025-04-24T12:25:29","date_gmt":"2025-04-24T09:25:29","guid":{"rendered":"https:\/\/merikarhut.dataseed.fi\/?page_id=43043"},"modified":"2025-12-11T11:30:28","modified_gmt":"2025-12-11T09:30:28","slug":"aineistot-sve","status":"publish","type":"page","link":"https:\/\/www.merikarhut.fi\/sv\/bjornsamlingar\/aineistot-sve\/","title":{"rendered":"Material"},"content":{"rendered":"\n<p>H\u00e4r hittar du det material som Sj\u00f6bj\u00f6rnarna delar med sig av, samt bildbanken.<\/p>\n<p>De senaste \u00e5rsm\u00f6teshandlingarna finns i en undermeny som endast \u00e4r synlig f\u00f6r medlemmar.<\/p>\n","protected":false},"excerpt":{"rendered":"<p>H\u00e4r hittar du det material som Sj\u00f6bj\u00f6rnarna delar med sig av, samt bildbanken. De senaste \u00e5rsm\u00f6teshandlingarna finns i en undermeny som endast \u00e4r synlig f\u00f6r medlemmar.<\/p>\n","protected":false},"author":1,"featured_media":0,"parent":41550,"menu_order":0,"comment_status":"closed","ping_status":"closed","template":"","meta":{"_acf_changed":false,"_bbp_topic_count":0,"_bbp_reply_count":0,"_bbp_total_topic_count":0,"_bbp_total_reply_count":0,"_bbp_voice_count":0,"_bbp_anonymous_reply_count":0,"_bbp_topic_count_hidden":0,"_bbp_reply_count_hidden":0,"_bbp_forum_subforum_count":0,"ngg_post_thumbnail":0,"footnotes":""},"class_list":["post-43043","page","type-page","status-publish","hentry"],"acf":[],"_links":{"self":[{"href":"https:\/\/www.merikarhut.fi\/sv\/wp-json\/wp\/v2\/pages\/43043","targetHints":{"allow":["GET"]}}],"collection":[{"href":"https:\/\/www.merikarhut.fi\/sv\/wp-json\/wp\/v2\/pages"}],"about":[{"href":"https:\/\/www.merikarhut.fi\/sv\/wp-json\/wp\/v2\/types\/page"}],"author":[{"embeddable":true,"href":"https:\/\/www.merikarhut.fi\/sv\/wp-json\/wp\/v2\/users\/1"}],"replies":[{"embeddable":true,"href":"https:\/\/www.merikarhut.fi\/sv\/wp-json\/wp\/v2\/comments?post=43043"}],"version-history":[{"count":4,"href":"https:\/\/www.merikarhut.fi\/sv\/wp-json\/wp\/v2\/pages\/43043\/revisions"}],"predecessor-version":[{"id":47073,"href":"https:\/\/www.merikarhut.fi\/sv\/wp-json\/wp\/v2\/pages\/43043\/revisions\/47073"}],"up":[{"embeddable":true,"href":"https:\/\/www.merikarhut.fi\/sv\/wp-json\/wp\/v2\/pages\/41550"}],"wp:attachment":[{"href":"https:\/\/www.merikarhut.fi\/sv\/wp-json\/wp\/v2\/media?parent=43043"}],"curies":[{"name":"wp","href":"https:\/\/api.w.org\/{rel}","templated":true}]}}