{"id":41550,"date":"2025-03-05T09:20:59","date_gmt":"2025-03-05T07:20:59","guid":{"rendered":"https:\/\/merikarhut.dataseed.fi\/?page_id=41550"},"modified":"2025-08-19T13:41:20","modified_gmt":"2025-08-19T10:41:20","slug":"bjornsamlingar","status":"publish","type":"page","link":"https:\/\/www.merikarhut.fi\/sv\/bjornsamlingar\/","title":{"rendered":"Bj\u00f6rnsamlingar"},"content":{"rendered":"\n<div class=\"mk-content\">F\u00f6r medlemmarna finns ett omfattande utbud av statistik och \u201darkivens skatter\u201d, s\u00e5som alla digitaliserade Sj\u00f6bj\u00f6rnspublikationer. Sj\u00f6bj\u00f6rnstidningarna som publicerades \u00e5ren 1935\u20132017 finns under <em>Artikelarkivet<\/em>. Fr\u00e5n och med 2018 har endast ett tryckt nummer getts ut per \u00e5r \u2013 faksimilerna av dessa hittas i det separata avsnittet <em>Sj\u00f6bj\u00f6rnsb\u00f6cker<\/em>. Jubileumsnumren som behandlar f\u00f6reningens historia hittar du snabbt ocks\u00e5 under avsnittet <em>Historiker<\/em>.<\/div>\n","protected":false},"excerpt":{"rendered":"<p>F\u00f6r medlemmarna finns ett omfattande utbud av statistik och \u201darkivens skatter\u201d, s\u00e5som alla digitaliserade Sj\u00f6bj\u00f6rnspublikationer. Sj\u00f6bj\u00f6rnstidningarna som publicerades \u00e5ren 1935\u20132017 finns under Artikelarkivet. Fr\u00e5n och med 2018 har endast ett tryckt nummer getts ut per \u00e5r \u2013 faksimilerna av dessa hittas i det separata avsnittet Sj\u00f6bj\u00f6rnsb\u00f6cker. Jubileumsnumren som behandlar f\u00f6reningens historia hittar du snabbt ocks\u00e5&#8230;<\/p>\n<p><a class=\"moretag\" href=\"https:\/\/www.merikarhut.fi\/sv\/bjornsamlingar\/\">L\u00e4s mera \u2192<\/a><\/p>\n","protected":false},"author":1,"featured_media":0,"parent":0,"menu_order":0,"comment_status":"closed","ping_status":"closed","template":"","meta":{"_acf_changed":false,"_bbp_topic_count":0,"_bbp_reply_count":0,"_bbp_total_topic_count":0,"_bbp_total_reply_count":0,"_bbp_voice_count":0,"_bbp_anonymous_reply_count":0,"_bbp_topic_count_hidden":0,"_bbp_reply_count_hidden":0,"_bbp_forum_subforum_count":0,"ngg_post_thumbnail":0,"footnotes":""},"class_list":["post-41550","page","type-page","status-publish","hentry"],"acf":[],"_links":{"self":[{"href":"https:\/\/www.merikarhut.fi\/sv\/wp-json\/wp\/v2\/pages\/41550","targetHints":{"allow":["GET"]}}],"collection":[{"href":"https:\/\/www.merikarhut.fi\/sv\/wp-json\/wp\/v2\/pages"}],"about":[{"href":"https:\/\/www.merikarhut.fi\/sv\/wp-json\/wp\/v2\/types\/page"}],"author":[{"embeddable":true,"href":"https:\/\/www.merikarhut.fi\/sv\/wp-json\/wp\/v2\/users\/1"}],"replies":[{"embeddable":true,"href":"https:\/\/www.merikarhut.fi\/sv\/wp-json\/wp\/v2\/comments?post=41550"}],"version-history":[{"count":7,"href":"https:\/\/www.merikarhut.fi\/sv\/wp-json\/wp\/v2\/pages\/41550\/revisions"}],"predecessor-version":[{"id":45553,"href":"https:\/\/www.merikarhut.fi\/sv\/wp-json\/wp\/v2\/pages\/41550\/revisions\/45553"}],"wp:attachment":[{"href":"https:\/\/www.merikarhut.fi\/sv\/wp-json\/wp\/v2\/media?parent=41550"}],"curies":[{"name":"wp","href":"https:\/\/api.w.org\/{rel}","templated":true}]}}