{"id":39885,"date":"2025-01-03T15:03:44","date_gmt":"2025-01-03T13:03:44","guid":{"rendered":"https:\/\/merikarhut.dataseed.fi\/?page_id=39885"},"modified":"2025-06-02T15:00:05","modified_gmt":"2025-06-02T12:00:05","slug":"segling-och-hamnar","status":"publish","type":"page","link":"https:\/\/www.merikarhut.fi\/sv\/segling-och-hamnar\/","title":{"rendered":"Segling och hamnar"},"content":{"rendered":"\n\n\n<details class=\"wp-block-details is-layout-flow wp-block-details-is-layout-flow\"><summary>Sj\u00f6bj\u00f6rnarna har 29 egna hamnar, varav flera har flera skyddade vikar f\u00f6r olika v\u00e4derf\u00f6rh\u00e5llanden. Dessutom finns det tre separata bojdestinationer.<br>I v\u00e5ra hamnar kan vanligtvis flera b\u00e5tar f\u00f6rt\u00f6ja samtidigt i en boj, men r\u00e5dande och f\u00f6rv\u00e4ntade v\u00e4derf\u00f6rh\u00e5llanden m\u00e5ste beaktas n\u00e4r bojarna belastas. Det \u00e4r alltid skepparens ansvar att navigera, \u00e4ven inom hamnomr\u00e5den och farleder, samt att f\u00f6rt\u00f6ja vid bojar och bryggor.<br><strong>I regel \u00e4r det tillr\u00e4ckligt djupt i alla v\u00e5ra hamnar f\u00f6r b\u00e5tar med ett djupg\u00e5ende p\u00e5 upp till 2,0 meter<\/strong>.<\/summary>\n<p><\/p>\n\n\n\n<p>Ett undantag \u00e4r den sydv\u00e4stra infarten till Virluoto, d\u00e4r det maximala djupg\u00e5endet vid medelvattenst\u00e5nd \u00e4r 1,8 meter. Om b\u00e5tens djupg\u00e5ende \u00f6verskrider 2,0 meter kr\u00e4vs yttersta f\u00f6rsiktighet, och s\u00e4rskilt n\u00e4mnda hamnfarleder och hamnavsnitt b\u00f6r undvikas helt.<\/p>\n\n\n\n<p>Med ett djupg\u00e5ende \u00f6ver 2,3 meter blir fyra av Sj\u00f6bj\u00f6rnarnas hamnar i praktiken otillg\u00e4ngliga. Med 2,2\u20132,3 meter djupg\u00e5ende utesluts tv\u00e5 destinationer, och med 2,0\u20132,2 meter en destination. Antalet m\u00f6jliga infartsrutter och f\u00f6rt\u00f6jningsplatser begr\u00e4nsas f\u00f6rst\u00e5s ytterligare. <\/p>\n\n\n\n<p>Sj\u00f6bj\u00f6rnarna tillhandah\u00e5ller hamn- och ruttanvisningar f\u00f6r sina medlemmar b\u00e5de i tryckt form och digitalt. Tips om f\u00e4rder utanf\u00f6r farlederna \u00e4r alltid inofficiella. <strong>Ansvar f\u00f6r att f\u00f6lja dem och f\u00f6r navigeringen b\u00e4rs alltid av b\u00e5tens skeppare<\/strong>.<\/p>\n<\/details>\n\n\n\n\n\n<div class=\"mk-video\"><iframe loading=\"lazy\" src=\"\/\/www.youtube.com\/embed\/BgzBMtAb0w0\" width=\"560\" height=\"314\" allowfullscreen=\"allowfullscreen\"><\/iframe><\/div>\n<div>&nbsp;<\/div>\n<div>&nbsp;<\/div>\n\n\n\n\n\n<figure class=\"wp-block-gallery has-nested-images columns-default is-cropped wp-block-gallery-1 is-layout-flex wp-block-gallery-is-layout-flex\">\n<figure class=\"wp-block-image size-large\"><a href=\"https:\/\/www.merikarhut.fi\/wp-content\/uploads\/2025\/05\/julkinen_Merikarhusatamat_2025_lansi.jpg\" data-fancybox=\"\"><img loading=\"lazy\" decoding=\"async\" width=\"1024\" height=\"708\" data-id=\"44022\" src=\"https:\/\/www.merikarhut.fi\/wp-content\/uploads\/2025\/05\/julkinen_Merikarhusatamat_2025_lansi-1024x708.jpg\" alt=\"\" class=\"wp-image-44022\" srcset=\"https:\/\/www.merikarhut.fi\/wp-content\/uploads\/2025\/05\/julkinen_Merikarhusatamat_2025_lansi-1024x708.jpg 1024w, https:\/\/www.merikarhut.fi\/wp-content\/uploads\/2025\/05\/julkinen_Merikarhusatamat_2025_lansi-300x207.jpg 300w, https:\/\/www.merikarhut.fi\/wp-content\/uploads\/2025\/05\/julkinen_Merikarhusatamat_2025_lansi-768x531.jpg 768w, https:\/\/www.merikarhut.fi\/wp-content\/uploads\/2025\/05\/julkinen_Merikarhusatamat_2025_lansi-50x35.jpg 50w, https:\/\/www.merikarhut.fi\/wp-content\/uploads\/2025\/05\/julkinen_Merikarhusatamat_2025_lansi-217x150.jpg 217w, https:\/\/www.merikarhut.fi\/wp-content\/uploads\/2025\/05\/julkinen_Merikarhusatamat_2025_lansi.jpg 1339w\" sizes=\"auto, (max-width: 1024px) 100vw, 1024px\" \/><\/a><\/figure>\n\n\n\n<figure class=\"wp-block-image size-large\"><a href=\"https:\/\/www.merikarhut.fi\/wp-content\/uploads\/2025\/01\/satamat2-png.avif\" data-fancybox=\"\"><img loading=\"lazy\" decoding=\"async\" width=\"1024\" height=\"715\" data-id=\"39756\" src=\"https:\/\/www.merikarhut.fi\/wp-content\/uploads\/2025\/01\/satamat2-1024x715.avif\" alt=\"\" class=\"wp-image-39756\" srcset=\"https:\/\/www.merikarhut.fi\/wp-content\/uploads\/2025\/01\/satamat2-1024x715.avif 1024w, https:\/\/www.merikarhut.fi\/wp-content\/uploads\/2025\/01\/satamat2-300x209.avif 300w, https:\/\/www.merikarhut.fi\/wp-content\/uploads\/2025\/01\/satamat2-768x536.avif 768w, https:\/\/www.merikarhut.fi\/wp-content\/uploads\/2025\/01\/satamat2-1536x1072.avif 1536w, https:\/\/www.merikarhut.fi\/wp-content\/uploads\/2025\/01\/satamat2-50x35.avif 50w, https:\/\/www.merikarhut.fi\/wp-content\/uploads\/2025\/01\/satamat2-217x151.avif 217w, https:\/\/www.merikarhut.fi\/wp-content\/uploads\/2025\/01\/satamat2-png.avif 1969w\" sizes=\"auto, (max-width: 1024px) 100vw, 1024px\" \/><\/a><\/figure>\n<\/figure>\n\n\n\n\n","protected":false},"excerpt":{"rendered":"<p>&nbsp; &nbsp;<\/p>\n","protected":false},"author":1,"featured_media":0,"parent":0,"menu_order":0,"comment_status":"closed","ping_status":"closed","template":"merella.php","meta":{"_acf_changed":false,"_bbp_topic_count":0,"_bbp_reply_count":0,"_bbp_total_topic_count":0,"_bbp_total_reply_count":0,"_bbp_voice_count":0,"_bbp_anonymous_reply_count":0,"_bbp_topic_count_hidden":0,"_bbp_reply_count_hidden":0,"_bbp_forum_subforum_count":0,"ngg_post_thumbnail":0,"footnotes":""},"class_list":["post-39885","page","type-page","status-publish","hentry"],"acf":[],"_links":{"self":[{"href":"https:\/\/www.merikarhut.fi\/sv\/wp-json\/wp\/v2\/pages\/39885","targetHints":{"allow":["GET"]}}],"collection":[{"href":"https:\/\/www.merikarhut.fi\/sv\/wp-json\/wp\/v2\/pages"}],"about":[{"href":"https:\/\/www.merikarhut.fi\/sv\/wp-json\/wp\/v2\/types\/page"}],"author":[{"embeddable":true,"href":"https:\/\/www.merikarhut.fi\/sv\/wp-json\/wp\/v2\/users\/1"}],"replies":[{"embeddable":true,"href":"https:\/\/www.merikarhut.fi\/sv\/wp-json\/wp\/v2\/comments?post=39885"}],"version-history":[{"count":16,"href":"https:\/\/www.merikarhut.fi\/sv\/wp-json\/wp\/v2\/pages\/39885\/revisions"}],"predecessor-version":[{"id":45131,"href":"https:\/\/www.merikarhut.fi\/sv\/wp-json\/wp\/v2\/pages\/39885\/revisions\/45131"}],"wp:attachment":[{"href":"https:\/\/www.merikarhut.fi\/sv\/wp-json\/wp\/v2\/media?parent=39885"}],"curies":[{"name":"wp","href":"https:\/\/api.w.org\/{rel}","templated":true}]}}