{"id":2765,"date":"2016-01-15T14:57:59","date_gmt":"2016-01-15T12:57:59","guid":{"rendered":"https:\/\/www.merikarhut.fi\/?page_id=2765&#038;lang=sv"},"modified":"2026-02-04T22:26:38","modified_gmt":"2026-02-04T20:26:38","slug":"direktiv-for-sjobjornar","status":"publish","type":"page","link":"https:\/\/www.merikarhut.fi\/sv\/segling-och-hamnar\/anvisningar\/direktiv-for-sjobjornar\/","title":{"rendered":"Hamnetikett"},"content":{"rendered":"<p><a href=\"https:\/\/www.merikarhut.fi\/sv\/segling-och-hamnar\/satamatiedot\/\">Sj\u00f6bj\u00f6rnshamnarna<\/a> \u00e4r avsedda att vara etapphamnar under l\u00e5ngf\u00e4rd. Vistelse i samma hamn b\u00f6r d\u00e4rf\u00f6r inskr\u00e4nkas till h\u00f6gst tre dygn med undantag av tvingande omst\u00e4ndigheter.<\/p>\n<p>Sj\u00f6bj\u00f6rnar som bes\u00f6ker hamnarna \u00f6vernattar i sina b\u00e5tar. \u00d6vernattning i seglarstugor och bastur samt t\u00e4ltning \u00e4r f\u00f6rbjuden.&nbsp;&nbsp;<\/p>\n<p>Seglarstugorna fungerar som samlingsplatser till vilka alla medlemmar har tilltr\u00e4de, oberoende av ankomsttid. S\u00e4llskapsdjur stannar utanf\u00f6r byggnaderna s\u00e5 att \u00e4ven medlemmar med allergier kan anv\u00e4nda inomhusutrymmen.<\/p>\n<p>Seglarstugor och bastur h\u00e5lls l\u00e5sta. En numrerad nyckel kan av medlem utkvitteras fr\u00e5n kansliet. Nyckeln f\u00e5r inte \u00f6verl\u00e5tas \u00e5t person som inte \u00e4r medlem i f\u00f6reningen.<\/p>\n<h4>Sj\u00f6bj\u00f6rnsb\u00e5t, bef\u00e4lhavare och bes\u00e4ttning<\/h4>\n<p>B\u00e5t som ligger i sj\u00f6bj\u00f6rnshamn b\u00f6r alltid kunna identifieras. D\u00e4rf\u00f6r skall b\u00e5tens namn kunna l\u00e4sas ocks\u00e5 fr\u00e5n land och sj\u00f6bj\u00f6rnsflaggan skall alltid vara hissad. Se <a href=\"https:\/\/www.merikarhut.fi\/sv\/segling-och-hamnar\/anvisningar\/liputusohjesaanto\/\"><em>Flaggreglemente<\/em><\/a>.&nbsp;<\/p>\n<p>D\u00e5 en b\u00e5t f\u00f6r f\u00f6reningens flagga b\u00f6r bef\u00e4lhavaren vara medlem i f\u00f6reningen. Bes\u00e4ttningen best\u00e5r i f\u00f6rsta hand av bef\u00e4lhavarens familjemedlemmar. Bef\u00e4lhavaren kan ocks\u00e5 medf\u00f6ra g\u00e4ster och \u00e4r d\u00e5 ansvarig f\u00f6r deras upptr\u00e4dande i hamnen.<\/p>\n<p>Det \u00e4r inte till\u00e5tet att sj\u00f6bj\u00f6rnshamnarna anv\u00e4nds f\u00f6r representation eller umg\u00e4nge med aff\u00e4rsbekanta. Att aktivt arbeta f\u00f6r sponsorer etc. (biljetter, banderoller, broschyrer, distribution av prover, evenemang etc.) \u00e4r inte till\u00e5tet i n\u00e5gon form i sj\u00f6bj\u00f6rnshamnarna.&nbsp;&nbsp;<\/p>\n<p>Tillsammans med dessa g\u00e4ller riktlinjerna f\u00f6r &#8221;<a href=\"https:\/\/www.merikarhut.fi\/sv\/yhdistys\/sjobjorns-batar\/\"><em>Sj\u00f6bj\u00f6rnsb\u00e5tar<\/em><\/a>&#8221;, som \u00e4ven inkluderar begr\u00e4nsningar f\u00f6r de s\u00e5 kallade stora b\u00e5tarna.<\/p>\n<p><strong>Privatomr\u00e5de vs. allemansr\u00e4tt<br \/>\n<\/strong>Hamnar som \u00e4gs eller disponeras av f\u00f6reningen b\u00f6r ses som privat omr\u00e5de j\u00e4mf\u00f6rbara med g\u00e5rdsplan. Allemansr\u00e4tten till\u00e5ter ingen att f\u00f6rt\u00f6ja inom v\u00e5rt egentliga hamnomr\u00e5de eller vid v\u00e5ra hamnanl\u00e4ggningar. Inte heller vid n\u00e5got annat st\u00e4lle d\u00e4r det inverkar st\u00f6rande p\u00e5 v\u00e5rt g\u00e5rdstun. Det omfattar bl.a. bastur, byggnader, grillplatser, dass och sittgrupper.<\/p>\n<p>Om en b\u00e5t i hamnen inte f\u00f6r sj\u00f6bj\u00f6rnsvimpel och inte heller \u00e4r inf\u00f6rd i sj\u00f6bj\u00f6rnarnas b\u00e5tregister, b\u00f6r man artigt f\u00f6rh\u00f6ra sig om saken av bef\u00e4lhavaren. Skulle det visa sig, att b\u00e5ten inte har r\u00e4tt att anv\u00e4nda sj\u00f6bj\u00f6rnshamnen, ber man den v\u00e4nligt avl\u00e4gsna sig, och det \u00e4r bra att upplysa bes\u00e4ttningen om var den n\u00e4rmaste allm\u00e4nna sm\u00e5b\u00e5tshamnen ligger. En sj\u00f6bj\u00f6rn \u00e4r artig och tar h\u00e4nsyn till andra b\u00e5tfarare och f\u00f6rs\u00f6ker p\u00e5 allt s\u00e4tt se till att avvisningen inte eskalerar och orsakar on\u00f6dig f\u00f6rbittring. Emellertid f\u00e5r ingen avvisas fr\u00e5n v\u00e5ra hamnar om en n\u00f6dsituation \u00e4r f\u00f6r handen.&nbsp;<\/p>\n<h4 aria-level=\"2\"><a href=\"https:\/\/www.merikarhut.fi\/wp-content\/uploads\/2019\/10\/2-laituriin_1.jpg\"><img loading=\"lazy\" decoding=\"async\" class=\"alignnone wp-image-18509 size-medium\" src=\"https:\/\/www.merikarhut.fi\/wp-content\/uploads\/2019\/10\/2-laituriin_1-300x218.jpg\" alt=\"\" width=\"300\" height=\"218\" srcset=\"https:\/\/www.merikarhut.fi\/wp-content\/uploads\/2019\/10\/2-laituriin_1-300x218.jpg 300w, https:\/\/www.merikarhut.fi\/wp-content\/uploads\/2019\/10\/2-laituriin_1-768x558.jpg 768w, https:\/\/www.merikarhut.fi\/wp-content\/uploads\/2019\/10\/2-laituriin_1-1024x744.jpg 1024w, https:\/\/www.merikarhut.fi\/wp-content\/uploads\/2019\/10\/2-laituriin_1-50x36.jpg 50w, https:\/\/www.merikarhut.fi\/wp-content\/uploads\/2019\/10\/2-laituriin_1-213x155.jpg 213w, https:\/\/www.merikarhut.fi\/wp-content\/uploads\/2019\/10\/2-laituriin_1.jpg 1376w\" sizes=\"auto, (max-width: 300px) 100vw, 300px\" \/><\/a><\/h4>\n<h4>Insegling och f\u00f6rt\u00f6jning<\/h4>\n<p>Sj\u00f6bj\u00f6rnarna uppr\u00e4tth\u00e5ller hamnanvisningar f\u00f6r sina medlemmar i tryckt form och p\u00e5 n\u00e4tet. De senaste&nbsp; <a href=\"https:\/\/www.merikarhut.fi\/sv\/segling-och-hamnar\/hamn-och-kartdel\/\">uppdateringar av kartsidor och texter<\/a> finns p\u00e5 webbplatsen merikarhut.fi bakom inloggning, d\u00e4r man \u00e4ven hittar pdf-versioner som l\u00e4mpar sig f\u00f6r mobiltelefoner och surfplattor, ut\u00f6ver datorer.<\/p>\n<p>Vattendjupet i v\u00e5ra hamnrutter \u00e4r i allm\u00e4nhet tillr\u00e4ckligt f\u00f6r en b\u00e5t med djupg\u00e5ende p\u00e5 2,0 m \u00e4ven vid ett vattenst\u00e5nd p\u00e5 -20 cm. Undantag \u00e4r den sydv\u00e4stra infarten till Virluoto, vars maximala djup i medelvattenst\u00e5nd \u00e4r 1,8 m. Om b\u00e5tens djupg\u00e5ende \u00e4r \u00f6ver 2,0 m, b\u00f6r man iaktta st\u00f6rsta f\u00f6rsiktighet vid ang\u00f6ringen eller helt undvika de grundare hamnar, som \u00e4r uppr\u00e4knade i Hamnhandboken och merikarhut.fi webbsidorna.<\/p>\n<p><strong>L\u00e4s infartsanvisningarna noga p\u00e5 f\u00f6rhand<br \/>\n<\/strong>Var extra f\u00f6rsiktig om infarten och f\u00f6rt\u00f6jningen i hamnen \u00e4r obekant. Om man f\u00f6ljer anvisningarna noga och iakttar f\u00f6rsiktighet \u00e4r rutterna in till v\u00e5ra hamnar s\u00e4kra.<\/p>\n<p>Hamnhandboken \u00e4r bara en v\u00e4gledande instruktionsbok.<strong> Informationen om omr\u00e5den utanf\u00f6r farleder och b\u00e5trutter som presenteras i boken och i annat Sj\u00f6bj\u00f6rnsmaterial \u00e4r helt inofficiell<\/strong>. <strong>Bef\u00e4lhavaren p\u00e5 b\u00e5ten \u00e4r \u00e4nd\u00e5 alltid i sista hand ansvarig.<\/strong> Sj\u00f6bj\u00f6rnarna garanterar inte fullst\u00e4ndig riktighet av det som presenteras, tar inte ansvar f\u00f6r att det \u00e4r r\u00e4tt eller f\u00f6r f\u00f6r\u00e4ndringar i rutter eller utprickning; s\u00e5som fr\u00e5nvaro eller f\u00f6rskjutning av sj\u00f6m\u00e4rken. Vid navigering b\u00f6r alltid adekvata sj\u00f6kort anv\u00e4ndas.&nbsp;&nbsp;<\/p>\n<p>Vid insegling i hamn b\u00f6r farten anpassas s\u00e5 att landf\u00f6rt\u00f6jning kan g\u00f6ras utan besv\u00e4r eller fara f\u00f6r andra b\u00e5tar. H\u00f6gsta till\u00e5tna hastighet inom hamnomr\u00e5det \u00e4r 4 knop.<\/p>\n<p>Seglare b\u00f6r hala seglen i god tid och komma in i hamn f\u00f6r motor.<\/p>\n<p>Tillr\u00e4ckligt m\u00e5nga fendertar b\u00f6r ligga klara redan f\u00f6re landningen.<\/p>\n<p><strong>En sj\u00f6bj\u00f6rnshamn \u00e4r aldrig fullsatt<br \/>\n<\/strong>Det h\u00f6r till, att bes\u00e4ttningar i hamnen bist\u00e5r inkommande b\u00e5tar b\u00e5de vid val av f\u00f6rt\u00f6jningsplats och vid f\u00f6rt\u00f6jning. N\u00e4r hamnen b\u00f6rjar fyllas, flyttas b\u00e5tar och f\u00f6rt\u00f6jningslinor s\u00e5, att hamnkapaciteten blir m\u00f6jligast v\u00e4l utnyttjad och vid behov hj\u00e4lper man inkommande b\u00e5tar till l\u00e4mpliga platser i andra ledet.<\/p>\n<p>Insegling nattetid kr\u00e4ver s\u00e4rskild f\u00f6rsiktighet s\u00e5 att \u00f6vriga b\u00e5tar i hamnen inte blir st\u00f6rda. I en fullsatt hamn kan det vara tillr\u00e5dligt att ankra eller att stanna vid f\u00f6rhalningsbojen, om s\u00e5dan finns.<\/p>\n<p>I allm\u00e4nhet kan flera b\u00e5tar i hamnarna anv\u00e4nda samma boj, men r\u00e5dande och rapporterade v\u00e4derleksf\u00f6rh\u00e5llanden b\u00f6r beaktas n\u00e4r bojarna belastas. Skepparen ansvarar alltid f\u00f6r f\u00f6rt\u00f6jning vid boj och hamnutrustning.<\/p>\n<p>Att anv\u00e4nda ankare h\u00f6r till varje skeppares och bes\u00e4ttnings grundkunskaper. B\u00e5t som ligger f\u00f6r ankar b\u00f6r nattetid ha ankarlanternan t\u00e4nd.<\/p>\n<p>D\u00e5 bojen tas eller l\u00e4mnas m\u00e5ste man se till att f\u00f6rt\u00f6jningslinorna \u00e4r str\u00e4ckta p\u00e5 ett s\u00e5dant s\u00e4tt att andra b\u00e5tar vid samma boj inte l\u00f6per risk att hugga i strandstenar eller bryggor.<\/p>\n<h4>Anteckningar i hamnens g\u00e4stbok<\/h4>\n<p>Till bef\u00e4lhavarens f\u00f6rsta \u00e5tg\u00e4rder efter landf\u00f6rt\u00f6jning h\u00f6r att i hamnens g\u00e4stbok med versaler anteckna ankomstdatum, b\u00e5tens namn, klubb, sitt eget namn, antal bes\u00e4ttningsmedlemmar\/totalt antal personer och medlemsnummer. Om man vistas i hamnen l\u00e4ngre \u00e4n en natt \u00e4r det \u00f6nskv\u00e4rt att \u00e4ven avresedatum anges i g\u00e4stboken.<\/p>\n<p>Anv\u00e4ndning av bryggelektricitet antecknas ocks\u00e5 i g\u00e4stboken.<\/p>\n<p>G\u00e4stbokens slutdel \u00e4r till f\u00f6r bastureservering och b\u00f6r fyllas i korrekt och fullst\u00e4ndigt av bastubadaren; se&nbsp;<a href=\"https:\/\/www.merikarhut.fi\/sv\/segling-och-hamnar\/anvisningar\/saunaohjeet\/\"><em>Att beakta vid reservation av bastutur.<\/em>&nbsp;<\/a><\/p>\n<p>Texta tydligt! Anteckningarna i g\u00e4stboken \u00e4r viktiga f\u00f6r den statistik som \u00e5rligen uppg\u00f6rs och utnyttjas vid planering av hamnarnas utveckling.<\/p>\n<p><a href=\"https:\/\/www.merikarhut.fi\/wp-content\/uploads\/2024\/05\/pop-up-3.jpg\"><img loading=\"lazy\" decoding=\"async\" class=\"alignnone size-medium wp-image-38664\" src=\"https:\/\/www.merikarhut.fi\/wp-content\/uploads\/2024\/05\/pop-up-3-217x300.jpg\" alt=\"\" width=\"217\" height=\"300\" srcset=\"https:\/\/www.merikarhut.fi\/wp-content\/uploads\/2024\/05\/pop-up-3-217x300.jpg 217w, https:\/\/www.merikarhut.fi\/wp-content\/uploads\/2024\/05\/pop-up-3-741x1024.jpg 741w, https:\/\/www.merikarhut.fi\/wp-content\/uploads\/2024\/05\/pop-up-3-768x1061.jpg 768w, https:\/\/www.merikarhut.fi\/wp-content\/uploads\/2024\/05\/pop-up-3-1112x1536.jpg 1112w, https:\/\/www.merikarhut.fi\/wp-content\/uploads\/2024\/05\/pop-up-3-1483x2048.jpg 1483w, https:\/\/www.merikarhut.fi\/wp-content\/uploads\/2024\/05\/pop-up-3-36x50.jpg 36w, https:\/\/www.merikarhut.fi\/wp-content\/uploads\/2024\/05\/pop-up-3-112x155.jpg 112w, https:\/\/www.merikarhut.fi\/wp-content\/uploads\/2024\/05\/pop-up-3.jpg 1581w\" sizes=\"auto, (max-width: 217px) 100vw, 217px\" \/><\/a><\/p>\n<h4>Direktiv f\u00f6r naturskydd, allm\u00e4n trivsel och trygghet i sj\u00f6bj\u00f6rnshamnar<\/h4>\n<p>F\u00f6reningen vill vara pionj\u00e4r inom milj\u00f6v\u00e4nligt b\u00e5tliv. I f\u00f6reningens hamnar vill medlemmar och deras g\u00e4ster orsaka s\u00e5 lite ol\u00e4genhet och st\u00f6rning som m\u00f6jligt. R\u00f6relse i terr\u00e4ng koncentreras till stigar, eftersom sk\u00e4rg\u00e5rdens natur l\u00e4tt slits ut och \u00e5terh\u00e4mtar sig l\u00e5ngsamt.<\/p>\n<p>Under f\u00e5glarnas h\u00e4ckningstid och medan f\u00e5gelungarna \u00e4r sm\u00e5 b\u00f6r man r\u00f6ra sig med stor varsamhet. N\u00e5gra av v\u00e5ra hamnar omfattar t o m s\u00e4rskilda fredningsomr\u00e5den. V\u00e5ra s\u00e4llskapsdjur b\u00f6r givetvis h\u00e5llas kopplade d\u00e5 vi r\u00f6r oss med dem p\u00e5 v\u00e5ra holmar. Hundavf\u00f6ring b\u00f6r samlas upp.<\/p>\n<p>Eftersom v\u00e5ra medlemmar vill \u00e4gna s\u00e4rskild uppm\u00e4rksamhet \u00e5t vattenv\u00e5rd, anv\u00e4nder vi diskplatserna i v\u00e5ra hamnar eller b\u00e4r diskvattnet i land.<\/p>\n<p>Utpumpande b\u00e5ttoaletter f\u00e5r inte anv\u00e4ndas i hamnen. T\u00f6mning av en kemisk toalett i hamnens avtr\u00e4de \u00e4r inte heller till\u00e5tet emedan kemikalierna f\u00f6rhindrar avtr\u00e4dets naturliga f\u00f6rmultningsprocess.<\/p>\n<p>\u201dStackarna\u201d som under sommaren v\u00e4xer upp i flisavtr\u00e4dena b\u00f6r alltid vid behov f\u00e4llas och j\u00e4mnas ut; ingen skall v\u00e4nta p\u00e5 att n\u00e5gon annan f\u00f6rst tar itu med dem. Tomma fliss\u00e4ckar b\u00f6r bytas mot fulla.<\/p>\n<p><a href=\"https:\/\/www.merikarhut.fi\/wp-content\/uploads\/2020\/03\/koira-2-SSjoholm.jpg\"><img loading=\"lazy\" decoding=\"async\" class=\"alignnone size-medium wp-image-20448\" src=\"https:\/\/www.merikarhut.fi\/wp-content\/uploads\/2020\/03\/koira-2-SSjoholm-215x300.jpg\" alt=\"\" width=\"215\" height=\"300\" srcset=\"https:\/\/www.merikarhut.fi\/wp-content\/uploads\/2020\/03\/koira-2-SSjoholm-215x300.jpg 215w, https:\/\/www.merikarhut.fi\/wp-content\/uploads\/2020\/03\/koira-2-SSjoholm-36x50.jpg 36w, https:\/\/www.merikarhut.fi\/wp-content\/uploads\/2020\/03\/koira-2-SSjoholm-111x155.jpg 111w, https:\/\/www.merikarhut.fi\/wp-content\/uploads\/2020\/03\/koira-2-SSjoholm.jpg 429w\" sizes=\"auto, (max-width: 215px) 100vw, 215px\" \/><\/a><\/p>\n<p><strong>Inget extra f\u00e5r l\u00e4mnas i dasset.<\/strong>&nbsp;Det kan konstateras att <strong>inte ens fyllda hundbajsp\u00e5sar f\u00e5r kastas in i dassen<\/strong>, eftersom p\u00e5sarna inte komposteras i sk\u00e4rg\u00e5rdsf\u00f6rh\u00e5llanden.&nbsp;<strong>S\u00e5 vi f\u00f6r bort allt skr\u00e4p utom toalettpapper, n\u00e4r vi l\u00e4mnar torrdasset och sj\u00f6bj\u00f6rnshamnen.<\/strong><\/p>\n<p>Sopor l\u00e4mnas inte i f\u00f6reningens hamnar utan medlemmarna transporterar bort avfallet. Medlemmarna kan st\u00f6dja sk\u00e4rg\u00e5rdens avfallshantering, till exempel genom att transportera sitt avfall till fastlandet och bli medlemmar i H\u00e5ll Sk\u00e4rg\u00e5rden ren rf.\u202f&nbsp;<\/p>\n<p>Str\u00e4nder och skogar h\u00e5lls prydliga. Med tanke p\u00e5 mottot &#8221;Med talkokraft!&#8221; kan man till exempel plocka upp skr\u00e4p som flutit i land eller annat skr\u00e4p och f\u00f6ra bort det fr\u00e5n holmen, b\u00e4ra drivved och vindf\u00e4llen till bastun f\u00f6r att br\u00e4nnas, eller dra upp vresros och liknande invasiva arter.<\/p>\n<p><strong>Fiske och simning<br \/>\n<\/strong>Traditionellt, \u00e4r fiske och mete i liten utstr\u00e4ckning till\u00e5tet endast f\u00f6r barn. Fiske med svirvelsp\u00f6 \u00e4r av s\u00e4kerhetssk\u00e4l inte till\u00e5tet i hamnomr\u00e5det. Annars \u00e4r fiske till\u00e5tet i v\u00e5ra hamnar, n\u00e4r det inte st\u00f6r andra i hamnen.<\/p>\n<p>Vid simning i en sj\u00f6bj\u00f6rnshamn, antingen fr\u00e5n aktern av en b\u00e5t eller p\u00e5 annat s\u00e4tt i hamnomr\u00e5det, m\u00e5ste simmaren (g\u00e4llande minder\u00e5rig \u00e4ven den vuxne som \u00f6vervakar simmaren) notera att det \u00e4r sv\u00e5rt att uppt\u00e4cka simmare under landnings- och avf\u00e4rdsman\u00f6vrar. F\u00f6r att undvika olyckor vid simning i hamnomr\u00e5det b\u00f6r s\u00e4rskild f\u00f6rsiktighet iakttas och man b\u00f6r h\u00e5lla sig borta fr\u00e5n rutter f\u00f6r b\u00e5tar som kommer in och l\u00e4mnar hamnen.<\/p>\n<p><a href=\"https:\/\/www.merikarhut.fi\/wp-content\/uploads\/2024\/05\/lapset_.jpg\"><img loading=\"lazy\" decoding=\"async\" class=\"alignnone size-medium wp-image-38660\" src=\"https:\/\/www.merikarhut.fi\/wp-content\/uploads\/2024\/05\/lapset_-300x220.jpg\" alt=\"\" width=\"300\" height=\"220\" srcset=\"https:\/\/www.merikarhut.fi\/wp-content\/uploads\/2024\/05\/lapset_-300x220.jpg 300w, https:\/\/www.merikarhut.fi\/wp-content\/uploads\/2024\/05\/lapset_-1024x750.jpg 1024w, https:\/\/www.merikarhut.fi\/wp-content\/uploads\/2024\/05\/lapset_-768x563.jpg 768w, https:\/\/www.merikarhut.fi\/wp-content\/uploads\/2024\/05\/lapset_-50x37.jpg 50w, https:\/\/www.merikarhut.fi\/wp-content\/uploads\/2024\/05\/lapset_-212x155.jpg 212w, https:\/\/www.merikarhut.fi\/wp-content\/uploads\/2024\/05\/lapset_.jpg 1029w\" sizes=\"auto, (max-width: 300px) 100vw, 300px\" \/><\/a><\/p>\n<p><strong>Hamnfrid<\/strong><\/p>\n<p>Vi \u00f6nskar alla att v\u00e5r enast\u00e5ende kedja av hamnar skall erbjuda oss lugn och ro som motvikt till vardagens j\u00e4kt. Vi tr\u00e4ffar v\u00e4nner och bekanta i v\u00e5ra hamnar, vi pratar och umg\u00e5s med dem.<\/p>\n<p>S\u00e5lunda tar sj\u00f6bj\u00f6rnen i beaktande varje medlems och b\u00e5tlags \u00f6nskan och vi uppf\u00f6r oss lugnt, utan att f\u00f6ra on\u00f6digt ov\u00e4sen.<\/p>\n<ul>\n<li>Segelb\u00e5tarnas fall s\u00e4kras s\u00e5 att de inte sl\u00e5r i vinden.<\/li>\n<li>\u00c4garna svarar f\u00f6r att hamnens frid inte spolieras av sk\u00e4llande hundar.<\/li>\n<li>Det \u00e4r f\u00f6rbjudet att anv\u00e4nda utombordsmotorer p\u00e5 jollar eller generatorer inom hamnomr\u00e5det 24\/7. Likas\u00e5 \u00e4r det f\u00f6rbjudet att h\u00e5lla b\u00e5tmotorer p\u00e5 tomg\u00e5ng.<\/li>\n<\/ul>\n<p>Efter kl. 23 tystnar hamnen.<\/p>\n<p>D\u00e5 f\u00f6reningen anordnar gemensamma tr\u00e4ffar p\u00e5 holmarna kan det bli nog s\u00e5 livligt. Hit h\u00f6r v\u00e5r- och h\u00f6sttr\u00e4ffar, midsommarfester och s\u00e4songens h\u00f6jdpunkt, H\u00f6gsommartr\u00e4ffen. Vid dessa tillf\u00e4llen tas det f\u00f6r givet att alla n\u00e4rvarande vill vara med och att ingen l\u00e5ter sig st\u00f6ras av den uppsluppna festst\u00e4mningen.<\/p>\n<h4 aria-level=\"2\"><a href=\"https:\/\/www.merikarhut.fi\/wp-content\/uploads\/2018\/05\/3-grilli_1.jpg\"><img loading=\"lazy\" decoding=\"async\" class=\"alignnone size-medium wp-image-13481\" src=\"https:\/\/www.merikarhut.fi\/wp-content\/uploads\/2018\/05\/3-grilli_1-300x218.jpg\" alt=\"\" width=\"300\" height=\"218\" srcset=\"https:\/\/www.merikarhut.fi\/wp-content\/uploads\/2018\/05\/3-grilli_1-300x218.jpg 300w, https:\/\/www.merikarhut.fi\/wp-content\/uploads\/2018\/05\/3-grilli_1-768x558.jpg 768w, https:\/\/www.merikarhut.fi\/wp-content\/uploads\/2018\/05\/3-grilli_1-1024x744.jpg 1024w, https:\/\/www.merikarhut.fi\/wp-content\/uploads\/2018\/05\/3-grilli_1-50x36.jpg 50w, https:\/\/www.merikarhut.fi\/wp-content\/uploads\/2018\/05\/3-grilli_1-213x155.jpg 213w, https:\/\/www.merikarhut.fi\/wp-content\/uploads\/2018\/05\/3-grilli_1.jpg 1264w\" sizes=\"auto, (max-width: 300px) 100vw, 300px\" \/><\/a><\/h4>\n<h4>Eld och aska, grillning och brandskydd<\/h4>\n<p>Det \u00e4r inte m\u00f6jligt att bygga upp ett omfattande brandskydd i hamnarna. D\u00e4rf\u00f6r m\u00e5ste vi p\u00e5 allt s\u00e4tt iaktta s\u00e4rskild f\u00f6rsiktighet d\u00e5 vi handskas med eld och vid tobaksr\u00f6kning.<\/p>\n<p>S\u00e4rskild f\u00f6rsiktighet b\u00f6r iakttas vid t\u00f6mning av aska ur eldst\u00e4der och grillar i askk\u00e4rl. Eld som kyttar i torv eller mossa kan l\u00e4tt of\u00f6rm\u00e4rkt sl\u00e5 ut i \u00f6ppen l\u00e5ga, l\u00e5ngt efter att b\u00e5tarna l\u00e4mnat hamnen.<\/p>\n<p>Man f\u00e5r inte g\u00f6ra upp \u00f6ppen eld p\u00e5 v\u00e5ra holmar. Undantag \u00e4r hamnens egna grillplatser, som \u00e4r vederb\u00f6rligen utm\u00e4rkta och skyddade. Man b\u00f6r ta i beaktande <strong>de varningar om terr\u00e4ngbrand som myndigheterna utf\u00e4rdat, varvid \u00f6ppen eld inte f\u00e5r t\u00e4ndas ens i ovan n\u00e4mnda \u00f6ppna grillplatser.<\/strong><\/p>\n<p>Man b\u00f6r iaktta s\u00e4rskild f\u00f6rsiktighet vid anv\u00e4ndande av de fasta grillplatserna, holmens egna grillar samt medhavda grillar. Eng\u00e5ngsgrillar j\u00e4mst\u00e4lls med \u00f6ppen eld. I fasta och mobila grillar f\u00e5r endast grillkol anv\u00e4ndas, aldrig ved.<\/p>\n<p>Efter grillningen tar varje anv\u00e4ndare h\u00e4nsyn till n\u00e4sta grillare och reng\u00f6r gasgrillarna. \u00c4ven bottnen av grillen och fettuppsamlingsbeh\u00e5llaren putsas, d\u00e5 samlas inte matrester och fett p\u00e5 bottnen av grillen och det f\u00f6rhindrar eld fr\u00e5n att blossa upp.<\/p>\n<p>D\u00e5 n\u00e4stan alla v\u00e5ra bastur och seglarstugor \u00e4r utrustade med batterielektricitet, s\u00e5 n\u00f6jer vi oss med den belysning systemet erbjuder. Stearin- och v\u00e4rmeljus kan anv\u00e4ndas under \u00f6vervakning och med st\u00f6rsta f\u00f6rsiktighet. Samma g\u00e4ller oljelampor. Speciell uppm\u00e4rksamhet b\u00f6r f\u00e4stas vid att underlaget \u00e4r v\u00e4rmebest\u00e4ndig.<\/p>\n<p>Det ankommer p\u00e5 hamnv\u00e4rdarna att svara f\u00f6r kokkobrasor och sopbr\u00e4nning och att skaffa eventuellt n\u00f6dv\u00e4ndiga tillst\u00e5nd. Anv\u00e4ndning av facklor \u00e4r begr\u00e4nsad till arrangerade specialtillf\u00e4llen.<\/p>\n<p>I hamnen kan b\u00e5tar som ligger t\u00e4tt intill varandra utg\u00f6ra en brandrisk f\u00f6r varandra. D\u00e4rf\u00f6r skall varje b\u00e5t ha sin sl\u00e4ckningsutrustning i skick och l\u00e4tt \u00e5tkomlig; ett krav som st\u00e4lls redan vid besiktningen.<\/p>\n<h4 aria-level=\"2\"><a href=\"https:\/\/www.merikarhut.fi\/wp-content\/uploads\/2024\/05\/pop-up-2.jpg\"><img loading=\"lazy\" decoding=\"async\" class=\"alignnone size-medium wp-image-38662\" src=\"https:\/\/www.merikarhut.fi\/wp-content\/uploads\/2024\/05\/pop-up-2-300x218.jpg\" alt=\"\" width=\"300\" height=\"218\" srcset=\"https:\/\/www.merikarhut.fi\/wp-content\/uploads\/2024\/05\/pop-up-2-300x218.jpg 300w, https:\/\/www.merikarhut.fi\/wp-content\/uploads\/2024\/05\/pop-up-2-1024x745.jpg 1024w, https:\/\/www.merikarhut.fi\/wp-content\/uploads\/2024\/05\/pop-up-2-768x559.jpg 768w, https:\/\/www.merikarhut.fi\/wp-content\/uploads\/2024\/05\/pop-up-2-1536x1118.jpg 1536w, https:\/\/www.merikarhut.fi\/wp-content\/uploads\/2024\/05\/pop-up-2-50x36.jpg 50w, https:\/\/www.merikarhut.fi\/wp-content\/uploads\/2024\/05\/pop-up-2-213x155.jpg 213w, https:\/\/www.merikarhut.fi\/wp-content\/uploads\/2024\/05\/pop-up-2.jpg 2048w\" sizes=\"auto, (max-width: 300px) 100vw, 300px\" \/><\/a><\/h4>\n<h4>\u00d6vriga s\u00e4kerhetsf\u00f6reskrifter och h\u00e4nsyn till v\u00e4dret<\/h4>\n<p>I alla hamnar finns s\u00e4kerhetsf\u00f6reskrifter som betj\u00e4nar sj\u00f6bj\u00f6rnarna i olika n\u00f6dsituationer. Det \u00e4r sk\u00e4l att i varje enskild hamn p\u00e5 f\u00f6rhand, bekanta sig med dessa f\u00f6reskrifter.<\/p>\n<p>F\u00f6reningen kan inte p\u00e5ta sig ansvar f\u00f6r olycksfall som kan intr\u00e4ffa i samband med talkoarbete, brandsl\u00e4ckning eller som f\u00f6ljd av brister i hamnens f\u00f6rt\u00f6jningsanordningar. Det \u00e4r allts\u00e5 angel\u00e4get att varje medlem ombes\u00f6rjer sin egen personf\u00f6rs\u00e4kring, b\u00e5t- och fritidsf\u00f6rs\u00e4kring. Medlemmarna i SBF:s medlemsf\u00f6reningar har ett gruppolycksfallsskydd tecknat via SBF.<\/p>\n<p>Sj\u00f6bj\u00f6rnarna har f\u00f6r sina medlemmar inklusive bes\u00e4ttning, en talkof\u00f6rs\u00e4kring, som \u00e4r i kraft vid officiella talkon.<\/p>\n<p>Bef\u00e4lhavare skall alltid vara beredd p\u00e5 pl\u00f6tsliga f\u00f6r\u00e4ndringar i v\u00e4derleken. En del av v\u00e5ra hamnar kan vara problematiska vid vissa vindriktningar, eller vid pumpande sj\u00f6g\u00e5ng utifr\u00e5n som \u00e5stadkommer orolig svajning.<\/p>\n<h4>Sj\u00f6bj\u00f6rnarnas \u201dGjort p\u00e5 talko!\u201d<\/h4>\n<p><strong>I enlighet med v\u00e5rt motto ska sj\u00f6bj\u00f6rnen st\u00e4lla upp och delta i underh\u00e5llet av v\u00e5ra fastigheter d\u00e5 det g\u00e4ller att bygga, renovera och reparera.<\/strong><\/p>\n<p>Under hela seglingss\u00e4songen \u00e4r alla medlemmar v\u00e4lkomna till de gemensamma talkodagarna i hamnarna. Dessutom l\u00e4mnar v\u00e4rdarna och v\u00e4rdinnorna skriftliga instruktioner till bes\u00f6kare, s\u00e5 att man p\u00e5 eget initiativ kan underl\u00e4tta arbetet f\u00f6r hamnv\u00e4rdarna och v\u00e4rdinnorna \u00e4ven n\u00e4r det inte p\u00e5g\u00e5r n\u00e5gra officiella sj\u00f6bj\u00f6rnstalkon i hamnen.<\/p>\n<p>Innan du lossar f\u00f6rt\u00f6jningslinorna, t\u00e4nk efter: &#8221;Vad gjorde jag f\u00f6r min sj\u00f6bj\u00f6rnshamn den h\u00e4r g\u00e5ngen?&#8221;<\/p>\n<p><a href=\"https:\/\/www.merikarhut.fi\/wp-content\/uploads\/2024\/05\/pop-up-5.jpg\"><img loading=\"lazy\" decoding=\"async\" class=\"alignnone size-medium wp-image-38653\" src=\"https:\/\/www.merikarhut.fi\/wp-content\/uploads\/2024\/05\/pop-up-5-215x300.jpg\" alt=\"\" width=\"215\" height=\"300\" srcset=\"https:\/\/www.merikarhut.fi\/wp-content\/uploads\/2024\/05\/pop-up-5-215x300.jpg 215w, https:\/\/www.merikarhut.fi\/wp-content\/uploads\/2024\/05\/pop-up-5-732x1024.jpg 732w, https:\/\/www.merikarhut.fi\/wp-content\/uploads\/2024\/05\/pop-up-5-768x1074.jpg 768w, https:\/\/www.merikarhut.fi\/wp-content\/uploads\/2024\/05\/pop-up-5-1099x1536.jpg 1099w, https:\/\/www.merikarhut.fi\/wp-content\/uploads\/2024\/05\/pop-up-5-1465x2048.jpg 1465w, https:\/\/www.merikarhut.fi\/wp-content\/uploads\/2024\/05\/pop-up-5-36x50.jpg 36w, https:\/\/www.merikarhut.fi\/wp-content\/uploads\/2024\/05\/pop-up-5-111x155.jpg 111w, https:\/\/www.merikarhut.fi\/wp-content\/uploads\/2024\/05\/pop-up-5.jpg 1665w\" sizes=\"auto, (max-width: 215px) 100vw, 215px\" \/><\/a><\/p>\n","protected":false},"excerpt":{"rendered":"<p>Sj\u00f6bj\u00f6rnshamnarna \u00e4r avsedda att vara etapphamnar under l\u00e5ngf\u00e4rd. Vistelse i samma hamn b\u00f6r d\u00e4rf\u00f6r inskr\u00e4nkas till h\u00f6gst tre dygn med undantag av tvingande omst\u00e4ndigheter. Sj\u00f6bj\u00f6rnar som bes\u00f6ker hamnarna \u00f6vernattar i sina b\u00e5tar. \u00d6vernattning i seglarstugor och bastur samt t\u00e4ltning \u00e4r f\u00f6rbjuden.&nbsp;&nbsp; Seglarstugorna fungerar som samlingsplatser till vilka alla medlemmar har tilltr\u00e4de, oberoende av ankomsttid. S\u00e4llskapsdjur&#8230;<\/p>\n<p><a class=\"moretag\" href=\"https:\/\/www.merikarhut.fi\/sv\/segling-och-hamnar\/anvisningar\/direktiv-for-sjobjornar\/\">L\u00e4s mera \u2192<\/a><\/p>\n","protected":false},"author":1,"featured_media":0,"parent":43082,"menu_order":4,"comment_status":"closed","ping_status":"closed","template":"","meta":{"_acf_changed":false,"_bbp_topic_count":0,"_bbp_reply_count":0,"_bbp_total_topic_count":0,"_bbp_total_reply_count":0,"_bbp_voice_count":0,"_bbp_anonymous_reply_count":0,"_bbp_topic_count_hidden":0,"_bbp_reply_count_hidden":0,"_bbp_forum_subforum_count":0,"ngg_post_thumbnail":0,"footnotes":""},"class_list":["post-2765","page","type-page","status-publish","hentry"],"acf":[],"_links":{"self":[{"href":"https:\/\/www.merikarhut.fi\/sv\/wp-json\/wp\/v2\/pages\/2765","targetHints":{"allow":["GET"]}}],"collection":[{"href":"https:\/\/www.merikarhut.fi\/sv\/wp-json\/wp\/v2\/pages"}],"about":[{"href":"https:\/\/www.merikarhut.fi\/sv\/wp-json\/wp\/v2\/types\/page"}],"author":[{"embeddable":true,"href":"https:\/\/www.merikarhut.fi\/sv\/wp-json\/wp\/v2\/users\/1"}],"replies":[{"embeddable":true,"href":"https:\/\/www.merikarhut.fi\/sv\/wp-json\/wp\/v2\/comments?post=2765"}],"version-history":[{"count":24,"href":"https:\/\/www.merikarhut.fi\/sv\/wp-json\/wp\/v2\/pages\/2765\/revisions"}],"predecessor-version":[{"id":47530,"href":"https:\/\/www.merikarhut.fi\/sv\/wp-json\/wp\/v2\/pages\/2765\/revisions\/47530"}],"up":[{"embeddable":true,"href":"https:\/\/www.merikarhut.fi\/sv\/wp-json\/wp\/v2\/pages\/43082"}],"wp:attachment":[{"href":"https:\/\/www.merikarhut.fi\/sv\/wp-json\/wp\/v2\/media?parent=2765"}],"curies":[{"name":"wp","href":"https:\/\/api.w.org\/{rel}","templated":true}]}}