{"id":2755,"date":"2016-01-15T14:06:15","date_gmt":"2016-01-15T12:06:15","guid":{"rendered":"https:\/\/www.merikarhut.fi\/?page_id=2755&#038;lang=sv"},"modified":"2026-02-04T23:05:26","modified_gmt":"2026-02-04T21:05:26","slug":"kompetenskrav-for-medlemskandidater","status":"publish","type":"page","link":"https:\/\/www.merikarhut.fi\/sv\/forening\/medlemskap\/kompetenskrav-for-medlemskandidater\/","title":{"rendered":"Kriterier f\u00f6r att bli medlem"},"content":{"rendered":"<h4><strong>Urvalskriterier f\u00f6r medlemskap<\/strong><\/h4>\n<p>Nya medlemmar godk\u00e4nns av Sj\u00f6bj\u00f6rnarnas styrelse. Urvalet baseras alltid p\u00e5 en helhetsbed\u00f6mning d\u00e4r s\u00f6kandens erfarenhet och f\u00e4rdigheter som l\u00e5ngf\u00e4rdsseglare, personlighet (ansvarstagande och sj\u00f6bj\u00f6rnsanda) samt aktivitetsniv\u00e5 v\u00e4gs in.<\/p>\n<ol>\n<li>S\u00f6kanden har personliga egenskaper som speglar sj\u00f6bj\u00f6rnsandan och \u00e4r l\u00e4mplig att representera Sj\u00f6bj\u00f6rnarna.<\/li>\n<li>S\u00f6kanden \u00e4r en ansvarstagande seglare som visar h\u00e4nsyn till andra b\u00e5tfarare och sk\u00e4rg\u00e5rdsnaturen, och som kan s\u00e4kerst\u00e4lla sin egen och bes\u00e4ttningens s\u00e4kerhet \u00e4ven under kr\u00e4vande f\u00f6rh\u00e5llanden.<\/li>\n<li>S\u00f6kanden har minst fem seglingss\u00e4songers erfarenhet som skeppare vid l\u00e5ngf\u00e4rdsseglingar. I helhetsbed\u00f6mningen beaktas \u00e4ven kompletterande erfarenhet s\u00e5som att ha varit bes\u00e4ttningsmedlem, jolle- och l\u00e4ttb\u00e5tssegling samt eventuell kappseglingsbakgrund.<\/li>\n<li>S\u00f6kanden har genomf\u00f6rt flera betydande l\u00e5ngf\u00e4rdsseglingar \u2013 inklusive etapper p\u00e5 \u00f6ppet hav \u2013 inom \u00d6stersj\u00f6omr\u00e5det. I bed\u00f6mningen beaktas \u00e4ven b\u00e5ttyp och bes\u00e4ttningens sammans\u00e4ttning (t.ex. att segla med barn).<\/li>\n<li>Aktiv och l\u00e5ngvarigt engagemang i l\u00e5ngf\u00e4rdssegling. S\u00f6kandens livssituation (t.ex. sm\u00e5barns\u00e5r) beaktas vid bed\u00f6mningen av aktivitet.<\/li>\n<li>S\u00f6kanden har varit medlem i en f\u00f6rening ansluten till Finlands Segling och B\u00e5tsport rf eller motsvarande finsk eller svensk f\u00f6rening i minst fem \u00e5r.<\/li>\n<li>I helhetsbed\u00f6mningen beaktas \u00e4ven aktivitet i segelf\u00f6reningar och andra frivilligorganisationer, visad talkoanda i gemensamma angel\u00e4genheter samt eventuellt f\u00f6rfattarskap inom sj\u00f6fart eller annan hobbyverksamhet.<\/li>\n<li>Genomf\u00f6rda kurser och examina inom sj\u00f6fart (t.ex. VHF- och SSB-certifikat, sj\u00f6fartsutbildning inom sj\u00f6scouting eller F\u00f6rsvarsmakten, examina fr\u00e5n Finlands Navigationsf\u00f6rbund eller FSBF samt yrkesexamina)<\/li>\n<li>S\u00f6kanden har tre referenspersoner enligt g\u00e4llande anvisningar.<\/li>\n<li>S\u00f6kanden \u00e4ger en b\u00e5t som kan registreras i Sj\u00f6bj\u00f6rnarnas b\u00e5tregister enligt separata anvisningar. I s\u00e4rskilda fall kan styrelsen godk\u00e4nna en s\u00f6kande \u00e4ven utan b\u00e5t vid ans\u00f6kningstillf\u00e4llet.<\/li>\n<\/ol>\n<p>&nbsp;<\/p>\n","protected":false},"excerpt":{"rendered":"<p>Urvalskriterier f\u00f6r medlemskap Nya medlemmar godk\u00e4nns av Sj\u00f6bj\u00f6rnarnas styrelse. Urvalet baseras alltid p\u00e5 en helhetsbed\u00f6mning d\u00e4r s\u00f6kandens erfarenhet och f\u00e4rdigheter som l\u00e5ngf\u00e4rdsseglare, personlighet (ansvarstagande och sj\u00f6bj\u00f6rnsanda) samt aktivitetsniv\u00e5 v\u00e4gs in. S\u00f6kanden har personliga egenskaper som speglar sj\u00f6bj\u00f6rnsandan och \u00e4r l\u00e4mplig att representera Sj\u00f6bj\u00f6rnarna. S\u00f6kanden \u00e4r en ansvarstagande seglare som visar h\u00e4nsyn till andra b\u00e5tfarare och&#8230;<\/p>\n<p><a class=\"moretag\" href=\"https:\/\/www.merikarhut.fi\/sv\/forening\/medlemskap\/kompetenskrav-for-medlemskandidater\/\">L\u00e4s mera \u2192<\/a><\/p>\n","protected":false},"author":1,"featured_media":0,"parent":43099,"menu_order":2,"comment_status":"closed","ping_status":"closed","template":"","meta":{"_acf_changed":false,"_bbp_topic_count":0,"_bbp_reply_count":0,"_bbp_total_topic_count":0,"_bbp_total_reply_count":0,"_bbp_voice_count":0,"_bbp_anonymous_reply_count":0,"_bbp_topic_count_hidden":0,"_bbp_reply_count_hidden":0,"_bbp_forum_subforum_count":0,"ngg_post_thumbnail":0,"footnotes":""},"class_list":["post-2755","page","type-page","status-publish","hentry"],"acf":[],"_links":{"self":[{"href":"https:\/\/www.merikarhut.fi\/sv\/wp-json\/wp\/v2\/pages\/2755","targetHints":{"allow":["GET"]}}],"collection":[{"href":"https:\/\/www.merikarhut.fi\/sv\/wp-json\/wp\/v2\/pages"}],"about":[{"href":"https:\/\/www.merikarhut.fi\/sv\/wp-json\/wp\/v2\/types\/page"}],"author":[{"embeddable":true,"href":"https:\/\/www.merikarhut.fi\/sv\/wp-json\/wp\/v2\/users\/1"}],"replies":[{"embeddable":true,"href":"https:\/\/www.merikarhut.fi\/sv\/wp-json\/wp\/v2\/comments?post=2755"}],"version-history":[{"count":10,"href":"https:\/\/www.merikarhut.fi\/sv\/wp-json\/wp\/v2\/pages\/2755\/revisions"}],"predecessor-version":[{"id":47538,"href":"https:\/\/www.merikarhut.fi\/sv\/wp-json\/wp\/v2\/pages\/2755\/revisions\/47538"}],"up":[{"embeddable":true,"href":"https:\/\/www.merikarhut.fi\/sv\/wp-json\/wp\/v2\/pages\/43099"}],"wp:attachment":[{"href":"https:\/\/www.merikarhut.fi\/sv\/wp-json\/wp\/v2\/media?parent=2755"}],"curies":[{"name":"wp","href":"https:\/\/api.w.org\/{rel}","templated":true}]}}