{"id":2753,"date":"2016-01-15T14:03:28","date_gmt":"2016-01-15T12:03:28","guid":{"rendered":"https:\/\/www.merikarhut.fi\/?page_id=2753&#038;lang=sv"},"modified":"2025-12-11T15:11:16","modified_gmt":"2025-12-11T13:11:16","slug":"stadgar","status":"publish","type":"page","link":"https:\/\/www.merikarhut.fi\/sv\/forening\/stadgar\/","title":{"rendered":"F\u00f6reningens stadgar"},"content":{"rendered":"<p><strong>1 \u00a7 Namn och hemort<\/strong><br \/>\nF\u00f6reningens namn \u00e4r Merikarhut &#8211; Sj\u00f6bj\u00f6rnarna och dess hemort Helsingfors stad.<\/p>\n<p><strong>2 \u00a7 Syfte och verksamhet<\/strong><br \/>\nF\u00f6reningens syfte \u00e4r<br \/>\na) att v\u00e4cka och st\u00e4rka intresset f\u00f6r turist- och l\u00e5ngf\u00e4rder till sj\u00f6ss och p\u00e5 olika s\u00e4tt vidga m\u00f6jligheterna till s\u00e5dana f\u00e4rder<br \/>\nb) att utg\u00f6ra en f\u00f6renande l\u00e4nk mellan medlemmar med intresse f\u00f6r l\u00e5ngf\u00e4rder i landets segel- och motorb\u00e5tsf\u00f6reningar<br \/>\nc) att verka f\u00f6r frambringande av sj\u00f6v\u00e4rdiga b\u00e5tar och vidga kunskapen om deras v\u00e5rd och utrustning<br \/>\nd) att verka f\u00f6r fr\u00e4mjande av sj\u00f6manskap och navigeringskonst<br \/>\ne) att sprida k\u00e4nnedom om farleder och hamnar och<br \/>\nf) att vid segelbara vatten f\u00f6rv\u00e4rva och f\u00f6rvalta fastigheter, som i huvudsak \u00e4r avsedda som hamnplatser vid l\u00e5ngf\u00e4rder.<\/p>\n<p>F\u00f6r att n\u00e5 ovann\u00e4mnda syften ordnar f\u00f6reningen m\u00f6ten, f\u00f6redrag och presentationer, eskaderf\u00e4rder, seglartr\u00e4ffar m.m., ut\u00f6var publikationsverksamhet samt s\u00f6ker samarbete med andra sammanslutningar och med myndigheter.<\/p>\n<p><strong>3 \u00a7 Spr\u00e5k<\/strong><br \/>\nF\u00f6reningens officiella spr\u00e5k \u00e4r finska och svenska.<\/p>\n<p><strong>4 \u00a7 Medlemskap<\/strong><br \/>\n1. F\u00f6reningens medlemmar \u00e4r:<br \/>\na) \u00e5rsmedlemmar<br \/>\nb) make\/makamedlemmar<br \/>\nc) st\u00e4ndiga medlemmar<br \/>\nd) hederskommodor, hedersmedlemmar och av f\u00f6reningen kallade medlemmar.<\/p>\n<p>2. Medlemmar inv\u00e4ljs av styrelsen.<br \/>\nVid inval av nya medlemmar ska f\u00f6reningsmedlemmarnas barn som under val\u00e5ret \u00e4r 18\u201329 \u00e5r gamla prioriteras. \u00c5rsm\u00f6tet fastst\u00e4ller s\u00e5lunda valda medlemmars inskrivningsavgift.<br \/>\nEn f\u00f6reningsmedlems \u00e4kta make\/maka kan v\u00e4ljas till makemedlem, om makarna gemensamt ans\u00f6ker d\u00e4rom. Av make\/maka kr\u00e4vs inga andra f\u00f6ruts\u00e4ttningar \u00e4n l\u00e4mplighet som medlem av f\u00f6reningen. Makemedlem \u00e4r befriad fr\u00e5n inskrivningsavgift. En makemedlems eventuella nya make\/maka kan inte v\u00e4ljas till makemedlem. Makemedlem som tidigare invalts p\u00e5 annat s\u00e4tt beh\u00e5ller sitt medlemskap.<\/p>\n<p>3. Medlemmarna ska f\u00f6re den f\u00f6rsta maj till f\u00f6reningen erl\u00e4gga de avgifter som fastst\u00e4llts f\u00f6r det l\u00f6pande r\u00e4kenskaps\u00e5ret. En medlem som inte erlagt stadgad avgift inom tv\u00e5 m\u00e5nader efter uppmaning kan efter styrelsens pr\u00f6vning uteslutas ur f\u00f6reningen.<\/p>\n<p>4. En medlem som f\u00f6re 1.5.2002 under minst 30 \u00e5r i f\u00f6ljd har erlagt fastst\u00e4llda \u00e5rsavgifter blir st\u00e4ndig medlem och \u00e4r befriad fr\u00e5n vidare \u00e5rsavgifter. Likas\u00e5 blir en s\u00e5dan medlem st\u00e4ndig medlem som f\u00f6re 1.5.2002 p\u00e5 en g\u00e5ng erl\u00e4gger en avgift motsvarande de avgifter han ut\u00f6ver de tidigare \u00e5rsavgifterna skulle ha erlagt f\u00f6r ett 30-\u00e5rigt medlemskap. Vid eng\u00e5ngsbetalning anses som \u00e5rsavgift den av styrelsen fastst\u00e4llda \u00e5rsavgiften som g\u00e4ller vid betalningstillf\u00e4llet.<\/p>\n<p>5. Hederskommodor, hedersmedlemmar och av f\u00f6reningen kallade medlemmar v\u00e4ljs p\u00e5 ett f\u00f6reningsm\u00f6te efter f\u00f6rslag av styrelsen. F\u00f6r att beslutet ska g\u00e4lla kr\u00e4vs att minst tv\u00e5 tredjedelar av de n\u00e4rvarande \u00e4r eniga. S\u00e5lunda valda medlemmar \u00e4r befriade fr\u00e5n samtliga avgifter till f\u00f6reningen.<\/p>\n<p>6. Medlemmarna b\u00f6r befr\u00e4mja f\u00f6reningens syften och verksamhet och f\u00f6lja g\u00e4llande stadgar, f\u00f6reskrifter och reglementen. De ska bem\u00f6da sig om gott sj\u00f6manskap, gentlemannalikt uppf\u00f6rande p\u00e5 sj\u00f6n och i hamnar och efter b\u00e4sta f\u00f6rm\u00e5ga bist\u00e5 n\u00f6dst\u00e4llda sj\u00f6farande.<\/p>\n<p>7. En medlem som skadar f\u00f6reningens anseende eller verksamhet genom ol\u00e4mpligt uppf\u00f6rande, missbruk av de r\u00e4ttigheter och f\u00f6rm\u00e5ner som f\u00f6ljer av medlemskapet i f\u00f6reningen eller p\u00e5 n\u00e5got annat s\u00e4tt kan av styrelsen uteslutas ur f\u00f6reningen, ifall beslutet omfattas av minst sex styrelsemedlemmar.<\/p>\n<p><strong>5 \u00a7 Styrelse<\/strong><br \/>\n1. F\u00f6reningens angel\u00e4genheter sk\u00f6ts av en styrelse som representerar f\u00f6reningen. Styrelsen v\u00e4ljs av \u00e5rsm\u00f6tet och best\u00e5r av en kommodor som \u00e4r ordf\u00f6rande, tv\u00e5 vice kommodorer som \u00e4r vice ordf\u00f6rande samt av nio andra medlemmar. Kommodoren ska vara bosatt i Finland.<\/p>\n<p>2. Styrelsens medlemmar v\u00e4ljs f\u00f6r tre \u00e5r \u00e5t g\u00e5ngen s\u00e5 att kommodoren eller endera vice kommodoren samt av styrelsemedlemmarna en tredjedel eller vad som \u00e4r n\u00e4rmast en tredjedel \u00e5rligen st\u00e5r i tur att avg\u00e5, och dessa kan inte omedelbart \u00e5terv\u00e4ljas till samma uppgifter, utom kommodoren som kan \u00e5terv\u00e4ljas en g\u00e5ng.<br \/>\nOm en styrelsemedlem avg\u00e5r under valperioden v\u00e4ljs en ny medlem f\u00f6r den \u00e5terst\u00e5ende delen av valperioden utan att detta inverkar p\u00e5 den nya styrelsemedlemmens valbarhet n\u00e4r den avg\u00e5ende styrelsemedlemmens valperiod utg\u00e5r.<\/p>\n<p>3. Styrelsen utser till sin hj\u00e4lp n\u00f6dv\u00e4ndiga organ och utn\u00e4mner medlemmar till organen samt v\u00e4ljer sekreterare och skattm\u00e4stare f\u00f6r f\u00f6reningen.<\/p>\n<p>4. Styrelsen best\u00e4mmer sj\u00e4lv sin arbetsordning. Styrelsen fastst\u00e4ller n\u00f6dv\u00e4ndiga ordningsregler och instruktioner f\u00f6r medlemmarna och organen. Styrelsen besluter om den anst\u00e4llda personalens anst\u00e4llningsvillkor.<\/p>\n<p>5. Styrelsen kan \u00e5rligen fastst\u00e4lla avgifter f\u00f6r de tj\u00e4nster f\u00f6reningen erbjuder sina medlemmar.<\/p>\n<p>6. Styrelsen sammantr\u00e4der p\u00e5 kallelse av ordf\u00f6rande eller en av vice ordf\u00f6randena och \u00e4r beslutf\u00f6r om ordf\u00f6rande eller en vice ordf\u00f6rande samt sex medlemmar \u00e4r n\u00e4rvarande.<\/p>\n<p><strong>6 \u00a7 F\u00f6renings ledning och tecknande av f\u00f6reningens namn<\/strong><br \/>\nKommodoren leder i egenskap av ordf\u00f6rande f\u00f6reningens och styrelsens m\u00f6ten, samt om han s\u00e5 \u00f6nskar \u00e4ven samtliga kommitt\u00e9m\u00f6ten. Han f\u00f6r bef\u00e4l \u00f6ver f\u00f6reningens eskader vid l\u00e5ngf\u00e4rder och seglartr\u00e4ffar. Vid f\u00f6rfall tr\u00e4der den till tj\u00e4nste\u00e5ren \u00e4ldre vice kommodoren i kommodorens st\u00e4lle. Om denna kommodor \u00e4r f\u00f6rhindrad, tr\u00e4der andra vice kommodoren i kommodorens st\u00e4lle. Vid f\u00f6rfall f\u00f6r vardera vice kommodorerna utses n\u00e5gon annan styrelsemedlem att f\u00f6retr\u00e4da kommodoren.<\/p>\n<p>F\u00f6reningens namn tecknas av n\u00e5gon av kommodorerna tillsammans med f\u00f6reningens sekreterare eller skattm\u00e4stare.<\/p>\n<p><strong>7 \u00a7 R\u00e4kenskaper<\/strong><br \/>\nF\u00f6reningens arbets\u00e5r omfattar ett kalender\u00e5r. \u00c5rsm\u00f6tet h\u00e5lls inom mars m\u00e5nad. Styrelsen \u00f6verl\u00e4mnar sin ber\u00e4ttelse \u00f6ver f\u00f6reningens verksamhet och f\u00f6rvaltning under verksamhets\u00e5ret till \u00e5rsm\u00f6tet. R\u00e4kenskaperna avslutas den 31 december och b\u00f6r j\u00e4mte \u00e5rsber\u00e4ttelsen delges f\u00f6reningens revisor och en eventuell verksamhetsgranskare f\u00f6r granskning senast en m\u00e5nad f\u00f6re \u00e5rsm\u00f6tet. Revisorn och den eventuella verksamhetsgranskaren ska \u00f6verl\u00e4mna sin ber\u00e4ttelse till styrelsen senast tv\u00e5 veckor f\u00f6re \u00e5rsm\u00f6tet. Ber\u00e4ttelsen ska inneh\u00e5lla ett uttryckligt f\u00f6rslag g\u00e4llande beviljande av ansvarsfrihet f\u00f6r de redovisningsskyldiga.<\/p>\n<p><strong>8 \u00a7 \u00c5rsm\u00f6te<\/strong><br \/>\nVid \u00e5rsm\u00f6tet behandlas f\u00f6ljande \u00e4renden:<br \/>\na) m\u00f6tets stadgeenliga sammankallande<br \/>\nb) val av tv\u00e5 medlemmar bland de n\u00e4rvarande att j\u00e4mte ordf\u00f6randen justera protokollet<br \/>\nc) godk\u00e4nnande av m\u00f6tets f\u00f6redragningslista<br \/>\nd) styrelsens \u00e5rsber\u00e4ttelse och bokslutet<br \/>\ne) revisorns och verksamhetsgranskarens ber\u00e4ttelse<br \/>\nf) beviljande av ansvarsfrihet f\u00f6r styrelsen<br \/>\ng) budget f\u00f6r det l\u00f6pande verksamhets\u00e5ret och i samband d\u00e4rmed fastst\u00e4llande av medlemmarnas \u00e5rsavgifter samt inskrivningsavgifter f\u00f6r f\u00f6ljande \u00e5r<br \/>\nh) val av styrelse enligt best\u00e4mmelserna i \u00a7 5<br \/>\ni) val av en revisor och om \u00e5rsm\u00f6tet s\u00e5 best\u00e4mmer en verksamhetsgranskare samt suppleanter f\u00f6r dem<br \/>\nj) \u00f6vriga fr\u00e5gor som upptagits i f\u00f6redragningslistan.<\/p>\n<p><strong>9 \u00a7 Extraordin\u00e4rt m\u00f6te<\/strong><br \/>\nExtra f\u00f6reningsm\u00f6te b\u00f6r sammankallas d\u00e5 styrelsen anser det n\u00f6dv\u00e4ndigt, d\u00e5 m\u00f6tet s\u00e5 besluter eller om minst 20 medlemmar eller 1\/10 av de r\u00f6stber\u00e4ttigade medlemmarna beg\u00e4r det f\u00f6r ett visst uppgivet \u00e4rende. I sistn\u00e4mnda fall ska m\u00f6tet h\u00e5llas inom en m\u00e5nad efter det att yrkandet framst\u00e4llts, dock inte inom m\u00e5naderna juni-augusti. Vid ett extra f\u00f6reningsm\u00f6te behandlas endast de fr\u00e5gor som uppgetts i kallelsen.<\/p>\n<p><strong>10 \u00a7 Kallelse till m\u00f6ten<\/strong><br \/>\nKallelse till f\u00f6reningens m\u00f6ten sker genom styrelsens f\u00f6rsorg minst 10 dagar f\u00f6re m\u00f6tet. En skriftlig kallelse s\u00e4nds till medlemmarna per brev eller e-post under den adress som respektive medlem uppgett till f\u00f6reningens medlemsregister.<\/p>\n<p><strong>11 \u00a7 B\u00e5tar<\/strong><br \/>\nEn b\u00e5t l\u00e4mpad f\u00f6r l\u00e5ngf\u00e4rder, som \u00e4gs av en, eller \u00e4gs minst till h\u00e4lften av en, eller \u00e4gs av flera medlemmar tillsammans, kan p\u00e5 anh\u00e5llan av \u00e4garen och efter pr\u00f6vning av styrelsen inf\u00f6ras i f\u00f6reningens b\u00e5tregister. B\u00e5ten b\u00f6r vara inf\u00f6rd i registret och besiktigad i en s\u00e5dan segel- och b\u00e5tf\u00f6rening som har r\u00e4tt att f\u00f6ra egen segelf\u00f6reningsflagga, eller vara inf\u00f6rd i registret i en segelf\u00f6rening som \u00e4r medlem i Svenska Seglarf\u00f6rbundet eller i n\u00e5got annat motsvarande svenskt register.<\/p>\n<p>I h\u00e4ndelse av att b\u00e5t\u00e4garen underl\u00e5ter att iaktta f\u00f6reningens f\u00f6reskrifter om besiktning eller om b\u00e5ten inte \u00e4r i sj\u00f6v\u00e4rdigt skick eller om n\u00e5got annat v\u00e4gande sk\u00e4l f\u00f6religger, kan styrelsen, efter att ha berett \u00e4garen tillf\u00e4lle att uttala sig, avf\u00f6ra b\u00e5ten fr\u00e5n registret.<\/p>\n<p><strong>12 \u00a7 Flagga och b\u00e5tnamn<\/strong><br \/>\nF\u00f6reningen har en egen flagga, vilken j\u00e4mte varianter fastst\u00e4lls av ett f\u00f6reningsm\u00f6te. Flaggan anv\u00e4nds enligt n\u00e4rmare best\u00e4mmelser i f\u00f6reningens flaggreglemente.<\/p>\n<p>En farkost som \u00e4r inskriven i f\u00f6reningens register b\u00f6r ha namnet tydligt synligt.<\/p>\n<p><strong>13 \u00a7 Stadge\u00e4ndring och uppl\u00f6sning av f\u00f6reningen samt f\u00f6rs\u00e4ljning av fast egendom<\/strong><br \/>\n\u00c4ndring av dessa stadgar kan ske endast genom beslut av tv\u00e5 p\u00e5 varandra f\u00f6ljande m\u00f6ten, av vilka det ena ska vara \u00e5rsm\u00f6te, och under f\u00f6ruts\u00e4ttning att minst tv\u00e5 tredjedelar av de n\u00e4rvarande varit eniga. Det senare m\u00f6tet ska h\u00e5llas tidigast en m\u00e5nad efter det f\u00f6rra. Samma best\u00e4mmelser g\u00e4ller f\u00f6r beslut om f\u00f6reningens uppl\u00f6sning.<\/p>\n<p>Beslut om f\u00f6rs\u00e4ljning eller utarrendering av en fastighet som \u00e4gs av f\u00f6reningen b\u00f6r fattar p\u00e5 ett f\u00f6reningsm\u00f6te, varvid minst tv\u00e5 tredjedelar av de n\u00e4rvarande ska vara eniga. Vid uppl\u00f6sning av f\u00f6reningen b\u00f6r dess beh\u00e5llna tillg\u00e5ngar \u00f6verl\u00e5tas till Finska Sj\u00f6r\u00e4ddningss\u00e4llskapet eller f\u00f6r ett f\u00f6reningens verksamhetsformer n\u00e4rst\u00e5ende \u00e4ndam\u00e5l.<\/p>\n<p><strong>14 \u00a7 F\u00f6reningslagen<\/strong><br \/>\nI \u00f6vrigt till\u00e4mpas f\u00f6reningslagen.<\/p>\n<p>Godk\u00e4nda av f\u00f6reningsregistret den 24 november 1982.<\/p>\n<p>\u00c4ndringen av 4, 5, 6 och 13 \u00a7 \u00e4r registrerad i f\u00f6reningsregistret den 21 maj 1997.<br \/>\n\u00c4ndringen av mom. 2 och 4 i 4 \u00a7 \u00e4r registrerad i f\u00f6reningsregistret den 20 november 2001.<br \/>\n\u00c4ndringen av mom. 2 i 4 \u00a7, 10 \u00a7 och 11 \u00a7 \u00e4r registrerad i f\u00f6reningsregistret den 22 januari 2010.<br \/>\n\u00c4ndringen av mom. 1 i 5 \u00a7 \u00e4r registrerad i f\u00f6reningsregistret den 10 februari 2011.<br \/>\n\u00c4ndringen av 4 \u00a7 mom. 2, 5 \u00a7 mom. 1 och 2, 6 \u00a7, 7 \u00a7, 8 \u00a7, 9 \u00a7 och 11 \u00a7 \u00e4r registrerad i f\u00f6reningsregistret den 1 juli 2013.<br \/>\n\u00c4ndringen av 11 \u00a7 \u00e4r registrerad i f\u00f6reningsregistret den 12 november 2015.<\/p>\n<p>\u00d6vers\u00e4ttningens riktighet bestyrker:<br \/>\nSingsby den 26 augusti 2015<\/p>\n<p>Cajsa Rudbacka-Lax<br \/>\nAuktoriserad translator<\/p>\n","protected":false},"excerpt":{"rendered":"<p>1 \u00a7 Namn och hemort F\u00f6reningens namn \u00e4r Merikarhut &#8211; Sj\u00f6bj\u00f6rnarna och dess hemort Helsingfors stad. 2 \u00a7 Syfte och verksamhet F\u00f6reningens syfte \u00e4r a) att v\u00e4cka och st\u00e4rka intresset f\u00f6r turist- och l\u00e5ngf\u00e4rder till sj\u00f6ss och p\u00e5 olika s\u00e4tt vidga m\u00f6jligheterna till s\u00e5dana f\u00e4rder b) att utg\u00f6ra en f\u00f6renande l\u00e4nk mellan medlemmar med intresse&#8230;<\/p>\n<p><a class=\"moretag\" href=\"https:\/\/www.merikarhut.fi\/sv\/forening\/stadgar\/\">L\u00e4s mera \u2192<\/a><\/p>\n","protected":false},"author":1,"featured_media":0,"parent":713,"menu_order":1,"comment_status":"closed","ping_status":"closed","template":"","meta":{"_acf_changed":false,"_bbp_topic_count":0,"_bbp_reply_count":0,"_bbp_total_topic_count":0,"_bbp_total_reply_count":0,"_bbp_voice_count":0,"_bbp_anonymous_reply_count":0,"_bbp_topic_count_hidden":0,"_bbp_reply_count_hidden":0,"_bbp_forum_subforum_count":0,"ngg_post_thumbnail":0,"footnotes":""},"class_list":["post-2753","page","type-page","status-publish","hentry"],"acf":[],"_links":{"self":[{"href":"https:\/\/www.merikarhut.fi\/sv\/wp-json\/wp\/v2\/pages\/2753","targetHints":{"allow":["GET"]}}],"collection":[{"href":"https:\/\/www.merikarhut.fi\/sv\/wp-json\/wp\/v2\/pages"}],"about":[{"href":"https:\/\/www.merikarhut.fi\/sv\/wp-json\/wp\/v2\/types\/page"}],"author":[{"embeddable":true,"href":"https:\/\/www.merikarhut.fi\/sv\/wp-json\/wp\/v2\/users\/1"}],"replies":[{"embeddable":true,"href":"https:\/\/www.merikarhut.fi\/sv\/wp-json\/wp\/v2\/comments?post=2753"}],"version-history":[{"count":6,"href":"https:\/\/www.merikarhut.fi\/sv\/wp-json\/wp\/v2\/pages\/2753\/revisions"}],"predecessor-version":[{"id":47103,"href":"https:\/\/www.merikarhut.fi\/sv\/wp-json\/wp\/v2\/pages\/2753\/revisions\/47103"}],"up":[{"embeddable":true,"href":"https:\/\/www.merikarhut.fi\/sv\/wp-json\/wp\/v2\/pages\/713"}],"wp:attachment":[{"href":"https:\/\/www.merikarhut.fi\/sv\/wp-json\/wp\/v2\/media?parent=2753"}],"curies":[{"name":"wp","href":"https:\/\/api.w.org\/{rel}","templated":true}]}}