{"id":2751,"date":"2016-01-15T14:01:37","date_gmt":"2016-01-15T12:01:37","guid":{"rendered":"https:\/\/www.merikarhut.fi\/?page_id=2751&#038;lang=sv"},"modified":"2025-05-23T13:17:20","modified_gmt":"2025-05-23T10:17:20","slug":"stiftelseurkund","status":"publish","type":"page","link":"https:\/\/www.merikarhut.fi\/sv\/bjornsamlingar\/historiaa-vuodesta-1933\/stiftelseurkund\/","title":{"rendered":"Stiftelseurkund"},"content":{"rendered":"<p>De nu i Finland arbetande segel- och motorb\u00e5tssammanslutningarna hava i huvudsak inriktat sin verksamhet p\u00e5 att genom t\u00e4vlingars anordnande inom landet och beredande av m\u00f6jlighet f\u00f6r sina medlemmar att \u00e5 utl\u00e4ndska kappseglingsbanor g\u00f6ra erfarenheter, upp\u00f6va b\u00e5tf\u00f6rarenas f\u00f6rm\u00e5ga, l\u00e5ta konstrukt\u00f6rernas skicklighet i att \u00f6ka b\u00e5ttypernas snabbhet g\u00f6ra sig g\u00e4llande, och vidmakth\u00e5lla och h\u00f6ja den f\u00f6r v\u00e5rt p\u00e5 vattenv\u00e4gar s\u00e5 rika land betydelsefulla b\u00e5tbyggnadskonsten.<\/p>\n<p>L\u00e5ngf\u00e4rds- eller turistseglaren har emellertid d\u00e4rut\u00f6ver andra intressen. Han \u00e4lskar v\u00e5ra sk\u00e4rg\u00e5rdsleders sk\u00f6nhet, och vill bereda sig sj\u00e4lv och sina kamrater m\u00f6jlighet till givande och h\u00e4lsobringande f\u00e4rder l\u00e4ngs v\u00e5ra kuster. D\u00e4rtill vill han genom att anordna med ankarbojar f\u00f6rsedda s\u00e4kra hamnplatser bereda l\u00e5ngf\u00e4rdsseglaren trygga ang\u00f6ringspunkter och genom m\u00e5lmedveten reklam locka j\u00e4mnv\u00e4l utl\u00e4ndska seglare att som turister bes\u00f6ka v\u00e5r vackra sk\u00e4rg\u00e5rd.<\/p>\n<p>I s\u00e5dan avsikt hava undertecknade beslutat att denna dag stifta en f\u00f6rening, som under namnet<\/p>\n<p><span class=\"valiotsikko_pienempi\">S j \u00f6 b j \u00f6 r n a r n a , L\u00e5ngf\u00e4rdsseglaref\u00f6rening i Finland<\/span><\/p>\n<p>vill arbeta f\u00f6r l\u00e5ngf\u00e4rdsseglingens befr\u00e4mjande, och hava vi f\u00f6r n\u00e4mnda f\u00f6rening, i vilken vi intr\u00e4da som medlemmar, antagit h\u00e4r bilagda stadgar.<\/p>\n<p>Helsingfors den 13 november 1933.<br \/>\nG. Eriksson<br \/>\nBj\u00f6rn Hagert&nbsp;&nbsp;&nbsp;&nbsp;&nbsp;&nbsp;&nbsp;&nbsp;&nbsp;&nbsp;&nbsp;&nbsp;&nbsp; Arvi Koskinen&nbsp;&nbsp;&nbsp;&nbsp;&nbsp;&nbsp;&nbsp;&nbsp;&nbsp;&nbsp;&nbsp;&nbsp;&nbsp;&nbsp;&nbsp;&nbsp; F. Swanstr\u00f6m<br \/>\nE. J\u00e4rvinen&nbsp;&nbsp;&nbsp;&nbsp;&nbsp;&nbsp;&nbsp;&nbsp;&nbsp;&nbsp;&nbsp;&nbsp;&nbsp;&nbsp;&nbsp;&nbsp; E. Nummelin&nbsp;&nbsp;&nbsp;&nbsp;&nbsp;&nbsp;&nbsp;&nbsp;&nbsp;&nbsp;&nbsp;&nbsp;&nbsp;&nbsp;&nbsp;&nbsp;&nbsp; A. Uusikyl\u00e4<br \/>\nEmil Jalovaara&nbsp;&nbsp;&nbsp;&nbsp;&nbsp;&nbsp;&nbsp;&nbsp;&nbsp; Rudolf Rannikko&nbsp;&nbsp;&nbsp;&nbsp;&nbsp;&nbsp;&nbsp;&nbsp;&nbsp;&nbsp;&nbsp; E. Wikman<br \/>\nTauno Kalima&nbsp;&nbsp;&nbsp;&nbsp;&nbsp;&nbsp;&nbsp;&nbsp;&nbsp;&nbsp; Karl Seidenschnur&nbsp;&nbsp;&nbsp;&nbsp;&nbsp;&nbsp;&nbsp; A.M. Winberg<\/p>\n","protected":false},"excerpt":{"rendered":"<p>De nu i Finland arbetande segel- och motorb\u00e5tssammanslutningarna hava i huvudsak inriktat sin verksamhet p\u00e5 att genom t\u00e4vlingars anordnande inom landet och beredande av m\u00f6jlighet f\u00f6r sina medlemmar att \u00e5 utl\u00e4ndska kappseglingsbanor g\u00f6ra erfarenheter, upp\u00f6va b\u00e5tf\u00f6rarenas f\u00f6rm\u00e5ga, l\u00e5ta konstrukt\u00f6rernas skicklighet i att \u00f6ka b\u00e5ttypernas snabbhet g\u00f6ra sig g\u00e4llande, och vidmakth\u00e5lla och h\u00f6ja den f\u00f6r v\u00e5rt&#8230;<\/p>\n<p><a class=\"moretag\" href=\"https:\/\/www.merikarhut.fi\/sv\/bjornsamlingar\/historiaa-vuodesta-1933\/stiftelseurkund\/\">L\u00e4s mera \u2192<\/a><\/p>\n","protected":false},"author":1,"featured_media":0,"parent":43057,"menu_order":0,"comment_status":"closed","ping_status":"closed","template":"","meta":{"_acf_changed":false,"_bbp_topic_count":0,"_bbp_reply_count":0,"_bbp_total_topic_count":0,"_bbp_total_reply_count":0,"_bbp_voice_count":0,"_bbp_anonymous_reply_count":0,"_bbp_topic_count_hidden":0,"_bbp_reply_count_hidden":0,"_bbp_forum_subforum_count":0,"ngg_post_thumbnail":0,"footnotes":""},"class_list":["post-2751","page","type-page","status-publish","hentry"],"acf":[],"_links":{"self":[{"href":"https:\/\/www.merikarhut.fi\/sv\/wp-json\/wp\/v2\/pages\/2751","targetHints":{"allow":["GET"]}}],"collection":[{"href":"https:\/\/www.merikarhut.fi\/sv\/wp-json\/wp\/v2\/pages"}],"about":[{"href":"https:\/\/www.merikarhut.fi\/sv\/wp-json\/wp\/v2\/types\/page"}],"author":[{"embeddable":true,"href":"https:\/\/www.merikarhut.fi\/sv\/wp-json\/wp\/v2\/users\/1"}],"replies":[{"embeddable":true,"href":"https:\/\/www.merikarhut.fi\/sv\/wp-json\/wp\/v2\/comments?post=2751"}],"version-history":[{"count":2,"href":"https:\/\/www.merikarhut.fi\/sv\/wp-json\/wp\/v2\/pages\/2751\/revisions"}],"predecessor-version":[{"id":44621,"href":"https:\/\/www.merikarhut.fi\/sv\/wp-json\/wp\/v2\/pages\/2751\/revisions\/44621"}],"up":[{"embeddable":true,"href":"https:\/\/www.merikarhut.fi\/sv\/wp-json\/wp\/v2\/pages\/43057"}],"wp:attachment":[{"href":"https:\/\/www.merikarhut.fi\/sv\/wp-json\/wp\/v2\/media?parent=2751"}],"curies":[{"name":"wp","href":"https:\/\/api.w.org\/{rel}","templated":true}]}}