{"id":2734,"date":"2016-01-15T12:45:12","date_gmt":"2016-01-15T10:45:12","guid":{"rendered":"https:\/\/www.merikarhut.fi\/?page_id=2734&#038;lang=sv"},"modified":"2025-10-23T12:34:35","modified_gmt":"2025-10-23T09:34:35","slug":"distanstabeller","status":"publish","type":"page","link":"https:\/\/www.merikarhut.fi\/sv\/segling-och-hamnar\/distanstabeller\/","title":{"rendered":"Distanstabeller"},"content":{"rendered":"\n<ul class=\"wp-block-list\">\n<li><a href=\"https:\/\/www.merikarhut.fi\/wp-content\/uploads\/2025\/10\/julkinen_Valimatkataulukko_paivitys_2025_Suomenlahti_Saaristomeri.pdf\" target=\"_blank\" rel=\"noreferrer noopener\">Finska viken &#8211; Sk\u00e4rg\u00e5rdshavet<\/a>\u00a0(pdf) uppdaterad 10\/2025<\/li>\n\n\n\n<li><a href=\"https:\/\/www.merikarhut.fi\/wp-content\/uploads\/2025\/10\/julkinen_Valimatkataulukko_paivitys_2013_Itameri.pdf\" target=\"_blank\" rel=\"noreferrer noopener\">\u00d6stersj\u00f6n &#8211; Kattegat &#8211; Skagerrak &#8211; G\u00f6ta kanal<\/a>\u00a0(pdf) uppdaterad 1\/2013<\/li>\n\n\n\n<li><a href=\"https:\/\/www.merikarhut.fi\/wp-content\/uploads\/2025\/10\/julkinen_Valimatkataulukko_paivitys_2013_Pohjanlahti.pdf\" target=\"_blank\" rel=\"noreferrer noopener\">Bottniska viken<\/a> (pdf) uppdaterad 1\/2013<\/li>\n\n\n\n<li><a href=\"https:\/\/www.merikarhut.fi\/wp-content\/uploads\/2025\/10\/julkinen_Valimatkataulukot_paivitys-2025.xlsx\" target=\"_blank\" rel=\"noreferrer noopener\">DISTANSTABELL<\/a> (excel-fil) uppdaterad 10\/2025<\/li>\n<\/ul>\n\n\n\n<h4 class=\"wp-block-heading\"><strong>Bruksanvisning f\u00f6r distanstabellerna<\/strong><\/h4>\n\n\n\n<p>De bifogade distanstabellerna baserar sig delvis p\u00e5 uppgifter h\u00e4mtade ur nautiska tabeller och delvis p\u00e5 egna m\u00e4tningar. Distanserna p\u00e5 Finska viken och p\u00e5 Sk\u00e4rg\u00e5rdshavet har m\u00e4tts med st\u00f6rre noggrannhet \u00e4n distanserna p\u00e5 Bottenviken och \u00d6stersj\u00f6n, d\u00e4r mindre inexaktheter kan uppst\u00e5.<\/p>\n\n\n\n<ul class=\"wp-block-list\">\n<li>Orterna i tabellerna \u00e4r ordnade i alfabetisk f\u00f6ljd. F\u00f6lj det \u00f6vre ortnamnets v\u00e5gr\u00e4ta rad \u00e5t v\u00e4nster till den lodr\u00e4ta rad d\u00e4r det andra ortnamnets begynnelsebokstav st\u00e5r. Talet anger avst\u00e5ndet i nautiska mil. Avst\u00e5nden \u00e4r m\u00e4tta i sk\u00e4rg\u00e5rden enligt kortaste v\u00e4g i officiell farled eller sm\u00e5b\u00e5tsled och \u00f6ver \u00f6ppet hav direkt mellan gr\u00e4nspunkterna till sk\u00e4rg\u00e5rden.<\/li>\n\n\n\n<li>Sj\u00f6bj\u00f6rnshamnarnas namn \u00e4r <em>kursiverade<\/em>.<\/li>\n\n\n\n<li>Ortnamn vilka f\u00f6rekommer i mins tv\u00e5 distanstabeller \u00e4r satta i <strong>fet stil.<\/strong><\/li>\n\n\n\n<li>I fr\u00e5ga om finl\u00e4ndskt och utl\u00e4ndskt st\u00e4lle har bes\u00f6k till passgranskningst\u00e4lle ej beaktats.<\/li>\n\n\n\n<li>Str\u00e4ckorna till S\u00e4rs\u00f6 fr\u00e5n Finska viken och Sk\u00e4rg\u00e5rdshavet har m\u00e4tts via \u00c5land samt fr\u00e5n Bottenviken via \u00c5lands hav.<\/li>\n\n\n\n<li>Str\u00e4ckorna fr\u00e5n Tallinn till Sk\u00e4rg\u00e5rdshavet har m\u00e4tts via Hang\u00f6, och str\u00e4ckorna fr\u00e5n \u00f6stra Finska viken via Haapakari.<\/li>\n\n\n\n<li>Str\u00e4ckorna fr\u00e5n Ristna till Finland har m\u00e4tts via Porkala, Hang\u00f6, Ut\u00f6, \u00c5land eller \u00c5lands hav.<\/li>\n<\/ul>\n","protected":false},"excerpt":{"rendered":"<p>Bruksanvisning f\u00f6r distanstabellerna De bifogade distanstabellerna baserar sig delvis p\u00e5 uppgifter h\u00e4mtade ur nautiska tabeller och delvis p\u00e5 egna m\u00e4tningar. Distanserna p\u00e5 Finska viken och p\u00e5 Sk\u00e4rg\u00e5rdshavet har m\u00e4tts med st\u00f6rre noggrannhet \u00e4n distanserna p\u00e5 Bottenviken och \u00d6stersj\u00f6n, d\u00e4r mindre inexaktheter kan uppst\u00e5.<\/p>\n","protected":false},"author":1,"featured_media":0,"parent":39885,"menu_order":3,"comment_status":"closed","ping_status":"closed","template":"","meta":{"_acf_changed":false,"_bbp_topic_count":0,"_bbp_reply_count":0,"_bbp_total_topic_count":0,"_bbp_total_reply_count":0,"_bbp_voice_count":0,"_bbp_anonymous_reply_count":0,"_bbp_topic_count_hidden":0,"_bbp_reply_count_hidden":0,"_bbp_forum_subforum_count":0,"ngg_post_thumbnail":0,"footnotes":""},"class_list":["post-2734","page","type-page","status-publish","hentry"],"acf":[],"_links":{"self":[{"href":"https:\/\/www.merikarhut.fi\/sv\/wp-json\/wp\/v2\/pages\/2734","targetHints":{"allow":["GET"]}}],"collection":[{"href":"https:\/\/www.merikarhut.fi\/sv\/wp-json\/wp\/v2\/pages"}],"about":[{"href":"https:\/\/www.merikarhut.fi\/sv\/wp-json\/wp\/v2\/types\/page"}],"author":[{"embeddable":true,"href":"https:\/\/www.merikarhut.fi\/sv\/wp-json\/wp\/v2\/users\/1"}],"replies":[{"embeddable":true,"href":"https:\/\/www.merikarhut.fi\/sv\/wp-json\/wp\/v2\/comments?post=2734"}],"version-history":[{"count":17,"href":"https:\/\/www.merikarhut.fi\/sv\/wp-json\/wp\/v2\/pages\/2734\/revisions"}],"predecessor-version":[{"id":46520,"href":"https:\/\/www.merikarhut.fi\/sv\/wp-json\/wp\/v2\/pages\/2734\/revisions\/46520"}],"up":[{"embeddable":true,"href":"https:\/\/www.merikarhut.fi\/sv\/wp-json\/wp\/v2\/pages\/39885"}],"wp:attachment":[{"href":"https:\/\/www.merikarhut.fi\/sv\/wp-json\/wp\/v2\/media?parent=2734"}],"curies":[{"name":"wp","href":"https:\/\/api.w.org\/{rel}","templated":true}]}}